{"id":993,"date":"2020-03-17T06:20:00","date_gmt":"2020-03-17T06:20:00","guid":{"rendered":"http:\/\/host2.thienminhweb.com\/phuhungfm\/?page_id=993"},"modified":"2025-07-02T09:14:14","modified_gmt":"2025-07-02T02:14:14","slug":"contact-us","status":"publish","type":"page","link":"https:\/\/www.phfm.vn\/vi\/contact-us\/","title":{"rendered":"Li\u00ean h\u1ec7"},"content":{"rendered":"<section class=\"section contact-us-page\" id=\"section_602236097\">\n\t\t<div class=\"bg section-bg fill bg-fill  bg-loaded\" >\n\n\t\t\t\n\t\t\t\n\t\t\t\n\n\t\t<\/div><!-- .section-bg -->\n\n\t\t<div class=\"section-content relative\">\n\t\t\t\n<div class=\"row align-equal align-center\"  id=\"row-1358293867\">\n<div class=\"col medium-4 small-12 large-4\"  ><div class=\"col-inner dark\" style=\"background-color:rgb(203, 154, 36);padding:30px 30px 30px 30px;\" >\n\t<div class=\"img has-hover contact-img x md-x lg-x y md-y lg-y\" id=\"image_1318595003\">\n\t\t\t\t\t\t\t\t<div class=\"img-inner image-cover dark\" style=\"padding-top:56.25%;\">\n\t\t\t<img width=\"588\" height=\"330\" src=\"https:\/\/www.phfm.vn\/wp-content\/uploads\/2020\/02\/Logo-PHFM.png\" class=\"attachment-large size-large\" alt=\"\" decoding=\"async\" loading=\"lazy\" \/>\t\t\t\t\t\t\n\t\t\t\t\t<\/div>\n\t\t\t\t\t\t\t\t\n<style scope=\"scope\">\n\n#image_1318595003 {\n  width: 60%;\n}\n<\/style>\n\t<\/div>\n\t\n<p><strong><span style=\"font-size: 115%;\">C\u00d4NG TY C\u1ed4 PH\u1ea6N<br \/>QU\u1ea2N L\u00dd QU\u1ef8 PH\u00da H\u01afNG<\/span><\/strong><\/p>\n<ul>\n<li><span style=\"font-size: 100%;\">\u0110\u1ecba ch\u1ec9: T\u1ea7ng 20, <\/span><\/li>\n<li><span style=\"font-size: 100%;\">T\u00f2a nh\u00e0 Ph\u00fa M\u1ef9 H\u01b0ng,<\/span><\/li>\n<li>S\u1ed1 8 Ho\u00e0ng V\u0103n Th\u00e1i,<\/li>\n<li><span style=\"font-size: 100%;\">Ph\u01b0\u1eddng T\u00e2n M\u1ef9,<\/span><\/li>\n<li>TP. H\u1ed3 Ch\u00ed Minh, Vi\u1ec7t Nam<\/li>\n<\/ul>\n<p><span style=\"font-size: 100%;\">Email: phfm@phfm.vn<\/span><\/p>\n<p><span style=\"font-size: 100%;\">\u0110i\u1ec7n tho\u1ea1i: (028) 5413 7991<\/span><\/p>\n<\/div><\/div>\n<div class=\"col wrap-form-tmi medium-7 small-12 large-7\"  ><div class=\"col-inner\" style=\"padding:0px 50px 0px 50px;\" >\n<div role=\"form\" class=\"wpcf7\" id=\"wpcf7-f6-o2\" lang=\"en-US\" dir=\"ltr\">\n<div class=\"screen-reader-response\"><\/div>\n<form action=\"\/vi\/wp-json\/wp\/v2\/pages\/993#wpcf7-f6-o2\" method=\"post\" class=\"wpcf7-form\" novalidate=\"novalidate\">\n<div style=\"display: none;\">\n<input type=\"hidden\" name=\"_wpcf7\" value=\"6\" \/>\n<input type=\"hidden\" name=\"_wpcf7_version\" value=\"5.1.7\" \/>\n<input type=\"hidden\" name=\"_wpcf7_locale\" value=\"en_US\" \/>\n<input type=\"hidden\" name=\"_wpcf7_unit_tag\" value=\"wpcf7-f6-o2\" \/>\n<input type=\"hidden\" name=\"_wpcf7_container_post\" value=\"0\" \/>\n<input type=\"hidden\" name=\"g-recaptcha-response\" value=\"\" \/>\n<\/div>\n<h2 id=\"submit-form-tmi\" class=\"custom-tt1\"> Q&A<\/h2>\n<p><span class=\"wpcf7-form-control-wrap name\"><input type=\"text\" name=\"name\" value=\"\" size=\"40\" class=\"wpcf7-form-control wpcf7-text wpcf7-validates-as-required\" aria-required=\"true\" aria-invalid=\"false\" placeholder=\"H\u1ecd v\u00e0 T\u00ean\" \/><\/span><\/p>\n<p><span class=\"wpcf7-form-control-wrap email\"><input type=\"email\" name=\"email\" value=\"\" size=\"40\" class=\"wpcf7-form-control wpcf7-text wpcf7-email wpcf7-validates-as-required wpcf7-validates-as-email\" aria-required=\"true\" aria-invalid=\"false\" placeholder=\"Email\" \/><\/span><\/p>\n<p><span class=\"wpcf7-form-control-wrap phone\"><input type=\"tel\" name=\"phone\" value=\"\" size=\"40\" class=\"wpcf7-form-control wpcf7-text wpcf7-tel wpcf7-validates-as-tel\" aria-invalid=\"false\" placeholder=\"S\u1ed1 \u0111i\u1ec7n tho\u1ea1i (t\u00f9y ch\u1ecdn)\" \/><\/span><\/p>\n<p><span class=\"wpcf7-form-control-wrap company\"><input type=\"text\" name=\"company\" value=\"\" size=\"40\" class=\"wpcf7-form-control wpcf7-text\" aria-invalid=\"false\" placeholder=\"C\u00f4ng ty (t\u00f9y ch\u1ecdn)\" \/><\/span><\/p>\n<p><span class=\"wpcf7-form-control-wrap message\"><textarea name=\"message\" cols=\"40\" rows=\"10\" class=\"wpcf7-form-control wpcf7-textarea wpcf7-validates-as-required\" aria-required=\"true\" aria-invalid=\"false\" placeholder=\"Th\u00f4ng \u0111i\u1ec7p\"><\/textarea><\/span><\/p>\n<p><input type=\"submit\" value=\"G\u1eedi \u0111i\" class=\"wpcf7-form-control wpcf7-submit\" \/><\/p>\n<div class=\"wpcf7-response-output wpcf7-display-none\"><\/div><\/form><\/div>\n<\/div><\/div>\n\n<style scope=\"scope\">\n\n<\/style>\n<\/div>\n\t<div id=\"gap-415313482\" class=\"gap-element clearfix\" style=\"display:block; height:auto;\">\n\t\t\n<style scope=\"scope\">\n\n#gap-415313482 {\n  padding-top: 15px;\n}\n\n\n@media (min-width:550px) {\n\n  #gap-415313482 {\n    padding-top: 190px;\n  }\n\n}\n<\/style>\n\t<\/div>\n\t\n<p><iframe loading=\"lazy\" style=\"border: 0;\" src=\"https:\/\/www.google.com\/maps\/embed?pb=!1m18!1m12!1m3!1d3920.073031983126!2d106.71909833929074!3d10.728850569275718!2m3!1f0!2f0!3f0!3m2!1i1024!2i768!4f13.1!3m3!1m2!1s0x31752f8b034fffff%3A0xe1a1db67ce462c6e!2sPhu%20Hung%20Fund%20Management%20JSC!5e0!3m2!1sen!2s!4v1700061820321!5m2!1sen!2s\" width=\"100%\" height=\"450\" allowfullscreen=\"allowfullscreen\"><\/iframe><\/p>\n\t\t<\/div><!-- .section-content -->\n\n\t\t\n<style scope=\"scope\">\n\n#section_602236097 {\n  padding-top: 30px;\n  padding-bottom: 30px;\n}\n<\/style>\n\t<\/section>","protected":false},"excerpt":{"rendered":"","protected":false},"author":1,"featured_media":0,"parent":0,"menu_order":0,"comment_status":"closed","ping_status":"closed","template":"page-blank.php","meta":[],"_links":{"self":[{"href":"https:\/\/www.phfm.vn\/vi\/wp-json\/wp\/v2\/pages\/993"}],"collection":[{"href":"https:\/\/www.phfm.vn\/vi\/wp-json\/wp\/v2\/pages"}],"about":[{"href":"https:\/\/www.phfm.vn\/vi\/wp-json\/wp\/v2\/types\/page"}],"author":[{"embeddable":true,"href":"https:\/\/www.phfm.vn\/vi\/wp-json\/wp\/v2\/users\/1"}],"replies":[{"embeddable":true,"href":"https:\/\/www.phfm.vn\/vi\/wp-json\/wp\/v2\/comments?post=993"}],"version-history":[{"count":130,"href":"https:\/\/www.phfm.vn\/vi\/wp-json\/wp\/v2\/pages\/993\/revisions"}],"predecessor-version":[{"id":13778,"href":"https:\/\/www.phfm.vn\/vi\/wp-json\/wp\/v2\/pages\/993\/revisions\/13778"}],"wp:attachment":[{"href":"https:\/\/www.phfm.vn\/vi\/wp-json\/wp\/v2\/media?parent=993"}],"curies":[{"name":"wp","href":"https:\/\/api.w.org\/{rel}","templated":true}]}}