{"id":8978,"date":"2023-06-07T19:45:29","date_gmt":"2023-06-07T12:45:29","guid":{"rendered":"https:\/\/www.phfm.vn\/?page_id=8978"},"modified":"2026-05-11T17:41:25","modified_gmt":"2026-05-11T10:41:25","slug":"fund-services","status":"publish","type":"page","link":"https:\/\/www.phfm.vn\/vi\/product-service\/fund-services\/","title":{"rendered":"Qu\u1ea3n l\u00fd Qu\u1ef9"},"content":{"rendered":"<div class=\"row\"  id=\"row-1778048166\">\n<div class=\"col large-12\"  ><div class=\"col-inner\"  >\n<p class=\"mh-ttl\">Qu\u1ea3n l\u00fd qu\u1ef9 \u0111\u1ea7u t\u01b0<\/p>\n\t<div id=\"gap-737599880\" class=\"gap-element clearfix\" style=\"display:block; height:auto;\">\n\t\t\n<style scope=\"scope\">\n\n#gap-737599880 {\n  padding-top: 30px;\n}\n<\/style>\n\t<\/div>\n\t\n<div class=\"row\"  id=\"row-1211843140\">\n<div class=\"col medium-7 small-12 large-7\"  ><div class=\"col-inner\"  >\n\t<div class=\"img has-hover x md-x lg-x y md-y lg-y\" id=\"image_696938606\">\n\t\t\t\t\t\t\t\t<div class=\"img-inner dark\" >\n\t\t\t<img width=\"2560\" height=\"1709\" src=\"https:\/\/www.phfm.vn\/wp-content\/uploads\/2020\/03\/mission-image-scaled.jpg\" class=\"attachment-large size-large\" alt=\"\" decoding=\"async\" loading=\"lazy\" srcset=\"https:\/\/www.phfm.vn\/wp-content\/uploads\/2020\/03\/mission-image-scaled.jpg 2560w, https:\/\/www.phfm.vn\/wp-content\/uploads\/2020\/03\/mission-image-768x513.jpg 768w, https:\/\/www.phfm.vn\/wp-content\/uploads\/2020\/03\/mission-image-1536x1025.jpg 1536w, https:\/\/www.phfm.vn\/wp-content\/uploads\/2020\/03\/mission-image-2048x1367.jpg 2048w\" sizes=\"(max-width: 2560px) 100vw, 2560px\" \/>\t\t\t\t\t\t\n\t\t\t\t\t<\/div>\n\t\t\t\t\t\t\t\t\n<style scope=\"scope\">\n\n#image_696938606 {\n  width: 100%;\n}\n<\/style>\n\t<\/div>\n\t\n<\/div><\/div>\n<div class=\"col tmi-mg-text medium-5 small-12 large-5\"  ><div class=\"col-inner\"  >\n<p style=\"text-align: justify;\">Qu\u1ea3n l\u00fd qu\u1ef9 \u0111\u1ea7u t\u01b0 ch\u1ee9ng kho\u00e1n l\u00e0 m\u1ed9t nghi\u1ec7p v\u1ee5 kinh doanh c\u1ed1t l\u00f5i m\u00e0 PHFM \u0111\u00e3 \u0111\u01b0\u1ee3c UBCKNN c\u1ea5p gi\u1ea5y ph\u00e9p ngay khi th\u00e0nh l\u1eadp v\u00e0o n\u0103m 2007. Ch\u00fang t\u00f4i th\u1ef1c hi\u1ec7n c\u00e1c th\u1ee7 t\u1ee5c th\u00e0nh l\u1eadp v\u00e0 qu\u1ea3n l\u00fd ho\u1ea1t \u0111\u1ed9ng cho c\u1ea3 qu\u1ef9 \u0111\u1ea7u t\u01b0 th\u00e0nh vi\u00ean v\u00e0 qu\u1ef9 \u0111\u1ea7u t\u01b0 \u0111\u1ea1i ch\u00fang.<\/p>\n<p style=\"text-align: justify;\">C\u00e1c qu\u1ef9 \u0111\u1ea7u t\u01b0 ch\u00fang t\u00f4i qu\u1ea3n l\u00fd c\u00f3 m\u1ee5c ti\u00eau \u0111a d\u1ea1ng, nh\u01b0 t\u0103ng tr\u01b0\u1edfng, c\u00e2n b\u1eb1ng, ho\u1eb7c thu nh\u1eadp \u1ed5n \u0111\u1ecbnh, v\u00e0 n\u1eafm gi\u1eefa nhi\u1ec1u lo\u1ea1i t\u00e0i s\u1ea3n kh\u00e1c nhau, nh\u01b0 c\u1ed5 phi\u1ebfu, tr\u00e1i phi\u1ebfu, c\u00f4ng c\u1ee5 th\u1ecb tr\u01b0\u1eddng ti\u1ec1n t\u1ec7.<\/p>\n<\/div><\/div>\n<div class=\"col tmi-mg-text small-12 large-12\"  ><div class=\"col-inner\"  >\n<p style=\"text-align: justify;\"><span style=\"font-size: 100%;\">Ngo\u00e0i ra, ch\u00fang t\u00f4i c\u0169ng qu\u1ea3n l\u00fd c\u00e1c qu\u1ef9 t\u1eadp trung v\u00e0o m\u1ed9t ho\u1eb7c m\u1ed9t s\u1ed1 ng\u00e0nh \u0111\u1eb7c th\u00f9 nh\u01b0 b\u1ea5t \u0111\u1ed9ng s\u1ea3n, vi\u1ec5n th\u00f4ng, y t\u1ebf v.v. \u0111\u1ec3 \u0111\u00e1p \u1ee9ng t\u1ed1t nh\u1ea5t nhu c\u1ea7u \u0111a d\u1ea1ng c\u1ee7a nh\u00e0 \u0111\u1ea7u t\u01b0.<\/span><\/p>\n<\/div><\/div>\n<\/div>\n<div class=\"row\"  id=\"row-1464660983\">\n<div class=\"col tmi-mg-text medium-6 small-12 large-6\"  ><div class=\"col-inner\"  >\n<h2 class=\"sh-ttl h-color\">QU\u1ef8 M\u1ede<\/h2>\n\t<div class=\"img has-hover x md-x lg-x y md-y lg-y\" id=\"image_1658807165\">\n\t\t\t\t\t\t\t\t<div class=\"img-inner image-cover dark\" style=\"padding-top:56.25%;\">\n\t\t\t<img width=\"128\" height=\"96\" src=\"https:\/\/www.phfm.vn\/wp-content\/uploads\/PHFM-x-LivinPMH.png\" class=\"attachment-thumbnail size-thumbnail\" alt=\"\" decoding=\"async\" loading=\"lazy\" \/>\t\t\t\t\t\t\n\t\t\t\t\t<\/div>\n\t\t\t\t\t\t\t\t\n<style scope=\"scope\">\n\n#image_1658807165 {\n  width: 100%;\n}\n<\/style>\n\t<\/div>\n\t\n<h3>Qu\u1ef9 \u0111\u1ea7u t\u01b0 Ch\u1ecdn l\u1ecdc Ph\u00fa H\u01b0ng Vi\u1ec7t Nam (PHVSF)<\/h3>\n<p style=\"text-align: justify;\">PHVSF l\u00e0 qu\u1ef9 m\u1edf \u0111\u01b0\u1ee3c th\u00e0nh l\u1eadp v\u00e0 qu\u1ea3n l\u00fd b\u1edfi C\u00f4ng ty C\u1ed5 ph\u1ea7n Qu\u1ea3n l\u00fd Qu\u1ef9 Ph\u00fa H\u01b0ng, v\u1eadn h\u00e0nh theo c\u00e1c ti\u00eau chu\u1ea9n qu\u1ed1c t\u1ebf v\u1ec1 ph\u00e2n t\u00edch \u0111\u1ea7u t\u01b0, qu\u1ea3n l\u00fd r\u1ee7i ro v\u00e0 giao d\u1ecbch. Qu\u1ef9 h\u01b0\u1edbng \u0111\u1ebfn m\u1ee5c ti\u00eau t\u1ed1i \u01b0u hi\u1ec7u qu\u1ea3 \u0111\u1ea7u t\u01b0 th\u00f4ng qua danh m\u1ee5c \u0111a d\u1ea1ng, minh b\u1ea1ch v\u00e0 \u0111\u01b0\u1ee3c qu\u1ea3n l\u00fd b\u1edfi \u0111\u1ed9i ng\u0169 gi\u00e0u kinh nghi\u1ec7m tr\u00ean th\u1ecb tr\u01b0\u1eddng t\u00e0i ch\u00ednh Vi\u1ec7t Nam.<\/p>\n<\/div><\/div>\n<div class=\"col tmi-mg-text medium-6 small-12 large-6\"  ><div class=\"col-inner\"  >\n<h2 class=\"sh-ttl h-color\">QU\u1ef8 ETF<\/h2>\n\t<div class=\"img has-hover x md-x lg-x y md-y lg-y\" id=\"image_1582682552\">\n\t\t\t\t\t\t\t\t<div class=\"img-inner image-cover dark\" style=\"padding-top:56.25%;\">\n\t\t\t<img width=\"128\" height=\"74\" src=\"https:\/\/www.phfm.vn\/wp-content\/uploads\/chu-vnshine-sang-va-noi-bat-hon-1763486995227-17634869958511581024693.jpg\" class=\"attachment-thumbnail size-thumbnail\" alt=\"\" decoding=\"async\" loading=\"lazy\" srcset=\"https:\/\/www.phfm.vn\/wp-content\/uploads\/chu-vnshine-sang-va-noi-bat-hon-1763486995227-17634869958511581024693.jpg 1293w, https:\/\/www.phfm.vn\/wp-content\/uploads\/chu-vnshine-sang-va-noi-bat-hon-1763486995227-17634869958511581024693-768x447.jpg 768w\" sizes=\"(max-width: 128px) 100vw, 128px\" \/>\t\t\t\t\t\t\n\t\t\t\t\t<\/div>\n\t\t\t\t\t\t\t\t\n<style scope=\"scope\">\n\n#image_1582682552 {\n  width: 100%;\n}\n<\/style>\n\t<\/div>\n\t\n<h3>Qu\u1ef9 ETF PHFM VNSHINE<\/h3>\n<p style=\"text-align: justify;\">Qu\u1ef9 ETF PHFM VNSHINE \u0111\u01b0\u1ee3c x\u00e2y d\u1ef1ng d\u1ef1a tr\u00ean ch\u1ec9 s\u1ed1 VNSHINE, gi\u00fap nh\u00e0 \u0111\u1ea7u t\u01b0 ti\u1ebfp c\u1eadn ti\u1ec1m n\u0103ng t\u0103ng tr\u01b0\u1edfng d\u00e0i h\u1ea1n c\u1ee7a kinh t\u1ebf Vi\u1ec7t Nam th\u00f4ng qua chi\u1ebfn l\u01b0\u1ee3c Smart Beta t\u1eadp trung v\u00e0o c\u1ed5 t\u1ee9c b\u1ec1n v\u1eefng, k\u1ef7 lu\u1eadt v\u1ed1n v\u00e0 hi\u1ec7u qu\u1ea3 ho\u1ea1t \u0111\u1ed9ng doanh nghi\u1ec7p. S\u1ea3n ph\u1ea9m ph\u00f9 h\u1ee3p v\u1edbi m\u1ee5c ti\u00eau t\u00edch l\u0169y t\u00e0i s\u1ea3n v\u00e0 t\u0103ng tr\u01b0\u1edfng b\u1ec1n v\u1eefng trong d\u00e0i h\u1ea1n.<\/p>\n<\/div><\/div>\n<div class=\"row\"  id=\"row-443309008\"><\/div>\n<div class=\"col tmi-mg-text medium-6 small-12 large-6\"  ><div class=\"col-inner\"  >\n<a href=\"https:\/\/www.phfm.vn\/vi\/product-service\/overview\/\" target=\"_self\" class=\"button primary is-outline arrow is-medium\"  >\n    <span>Th\u00f4ng tin qu\u1ef9<\/span>\n  <\/a>\n\n<\/div><\/div>\n<div class=\"col tmi-mg-text medium-6 small-12 large-6\"  ><div class=\"col-inner\"  >\n<a href=\"https:\/\/www.phfm.vn\/vi\/product-service\/overview-vnshine\/\" target=\"_self\" class=\"button primary is-outline arrow is-medium\"  >\n    <span>Th\u00f4ng tin qu\u1ef9<\/span>\n  <\/a>\n\n<\/div><\/div>\n<\/div>\n<\/div><\/div>\n<\/div>","protected":false},"excerpt":{"rendered":"","protected":false},"author":6,"featured_media":0,"parent":7336,"menu_order":1,"comment_status":"closed","ping_status":"closed","template":"page-blank-sub-nav-vertical.php","meta":[],"_links":{"self":[{"href":"https:\/\/www.phfm.vn\/vi\/wp-json\/wp\/v2\/pages\/8978"}],"collection":[{"href":"https:\/\/www.phfm.vn\/vi\/wp-json\/wp\/v2\/pages"}],"about":[{"href":"https:\/\/www.phfm.vn\/vi\/wp-json\/wp\/v2\/types\/page"}],"author":[{"embeddable":true,"href":"https:\/\/www.phfm.vn\/vi\/wp-json\/wp\/v2\/users\/6"}],"replies":[{"embeddable":true,"href":"https:\/\/www.phfm.vn\/vi\/wp-json\/wp\/v2\/comments?post=8978"}],"version-history":[{"count":11,"href":"https:\/\/www.phfm.vn\/vi\/wp-json\/wp\/v2\/pages\/8978\/revisions"}],"predecessor-version":[{"id":16235,"href":"https:\/\/www.phfm.vn\/vi\/wp-json\/wp\/v2\/pages\/8978\/revisions\/16235"}],"up":[{"embeddable":true,"href":"https:\/\/www.phfm.vn\/vi\/wp-json\/wp\/v2\/pages\/7336"}],"wp:attachment":[{"href":"https:\/\/www.phfm.vn\/vi\/wp-json\/wp\/v2\/media?parent=8978"}],"curies":[{"name":"wp","href":"https:\/\/api.w.org\/{rel}","templated":true}]}}