{"id":8498,"date":"2023-04-08T20:49:07","date_gmt":"2023-04-08T13:49:07","guid":{"rendered":"http:\/\/www.phfm.vn\/?page_id=8498"},"modified":"2025-08-18T16:44:22","modified_gmt":"2025-08-18T09:44:22","slug":"overview","status":"publish","type":"page","link":"https:\/\/www.phfm.vn\/vi\/product-service\/overview\/","title":{"rendered":"T\u1ed5ng Quan"},"content":{"rendered":"<div class=\"col large-12\"  ><div class=\"col-inner\"  >\n<\/div><\/div>\n<div class=\"row\"  id=\"row-449139896\">\n<div class=\"col medium-5 small-12 large-5\"  ><div class=\"col-inner\"  >\n<p>Qu\u1ef9 \u0111\u1ea7u t\u01b0 Ch\u1ecdn l\u1ecdc Ph\u00fa H\u01b0ng Vi\u1ec7t Nam (PHVSF) l\u00e0 qu\u1ef9 m\u1edf \u0111\u1ea7u ti\u00ean \u0111\u01b0\u1ee3c th\u00e0nh l\u1eadp v\u00e0 qu\u1ea3n l\u00fd b\u1edfi C\u00f4ng ty C\u1ed5 ph\u1ea7n Qu\u1ea3n l\u00fd Qu\u1ef9 Ph\u00fa H\u01b0ng, \u0111\u1ea3m b\u1ea3o v\u1eadn h\u00e0nh theo c\u00e1c ti\u00eau chu\u1ea9n qu\u1ed1c t\u1ebf v\u1ec1 ph\u00e2n t\u00edch \u0111\u1ea7u t\u01b0, qu\u1ea3n l\u00fd r\u1ee7i ro v\u00e0 giao d\u1ecbch. C\u00f9ng v\u1edbi chi\u1ebfn l\u01b0\u1ee3c \u0111\u1ea7u t\u01b0 chuy\u00ean nghi\u1ec7p, PHVSF \u0111\u1ea7u t\u01b0 v\u00e0o nhi\u1ec1u lo\u1ea1i ch\u1ee9ng kho\u00e1n tr\u1ea3i r\u1ed9ng tr\u00ean \u0111a d\u1ea1ng ng\u00e0nh ngh\u1ec1\/t\u1ed5 ch\u1ee9c, mang l\u1ea1i cho nh\u00e0 \u0111\u1ea7u t\u01b0 l\u1ee3i nhu\u1eadn v\u1edbi m\u1ee9c t\u0103ng tr\u01b0\u1edfng cao v\u00e0 \u0111\u00e1p \u1ee9ng c\u00e1c m\u1ee5c ti\u00eau d\u00e0i h\u1ea1n.<\/p>\n<\/div><\/div>\n<div class=\"col fund_overview medium-7 small-12 large-7\"  ><div class=\"col-inner\"  >\n<table>\n<tbody>\n<tr>\n<td>T\u1ea0I NG\u00c0Y 16\/04\/2026<\/td>\n<th>PHVSF<\/th>\n<th>VN-INDEX<\/th>\n<\/tr>\n<tr>\n<td>L\u1ee2I NHU\u1eacN H\u1eb0NG NG\u00c0Y (%)<\/td>\n<th>-0.04<\/th>\n<th>-0.15<\/th>\n<\/tr>\n<tr>\n<td>L\u1ee2I NHU\u1eacN H\u1eb0NG TH\u00c1NG (%)<\/td>\n<th>0.74<\/th>\n<th>8.52<\/th>\n<\/tr>\n<tr>\n<td>L\u1ee2I NHU\u1eacN H\u1eb0NG N\u0102M (%)<\/td>\n<th>0.16<\/th>\n<th>1.83<\/th>\n<\/tr>\n<\/tbody>\n<\/table>\n<\/div><\/div>\n<div class=\"col small-12 large-12\"  ><div class=\"col-inner\"  >\n<a href=\"\/vi\/education\/how-to-invest\/open-ended-fund\" target=\"_self\" class=\"button primary is-outline arrow is-medium\"  >\n    <span>H\u01b0\u1edbng d\u1eabn \u0111\u1ea7u t\u01b0<\/span>\n  <\/a>\n\n<\/div><\/div>\n<\/div>\n<h3 class=\"ov-title\">TH\u00d4NG TIN T\u1ed4NG QUAN<\/h3>\n<table class=\"table-style-detail-odd table-no-border table-v-middle table-p-5 table-first-col-w30p mt-10\">\n<tbody>\n<tr>\n<td>T\u00ean Qu\u1ef9<\/td>\n<td>QU\u1ef8 \u0110\u1ea6U T\u01af CH\u1eccN L\u1eccC PH\u00da H\u01afNG VI\u1ec6T NAM<\/td>\n<\/tr>\n<tr>\n<td>M\u00e3 Qu\u1ef9<\/td>\n<td><b>PHVSF<\/b><\/td>\n<\/tr>\n<tr>\n<td>Lo\u1ea1i h\u00ecnh Qu\u1ef9<\/td>\n<td>Qu\u1ef9 \u0111\u1ea7u t\u01b0 ch\u1ee9ng kho\u00e1n d\u1ea1ng m\u1edf<\/td>\n<\/tr>\n<tr>\n<td>Ng\u00e0y th\u00e0nh l\u1eadp<\/td>\n<td>21\/11\/2022<\/td>\n<\/tr>\n<tr>\n<td>Ng\u00e2n h\u00e0ng gi\u00e1m s\u00e1t<\/td>\n<td>Ng\u00e2n h\u00e0ng TMCP \u0110\u1ea7u t\u01b0 v\u00e0 Ph\u00e1t tri\u1ec3n Vi\u1ec7t Nam (BIDV) \u2013 Chi nh\u00e1nh Nam K\u1ef3 Kh\u1edfi Ngh\u0129a<\/td>\n<\/tr>\n<tr>\n<td>\u0110\u1ea1i l\u00fd chuy\u1ec3n nh\u01b0\u1ee3ng<\/td>\n<td>T\u1ed5ng C\u00f4ng ty L\u01b0u k\u00fd v\u00e0 B\u00f9 tr\u1eeb Ch\u1ee9ng kho\u00e1n Vi\u1ec7t Nam (VSDC)<\/td>\n<\/tr>\n<tr>\n<td>Ng\u00e0y Giao D\u1ecbch<\/td>\n<td>H\u00e0ng ng\u00e0y, t\u1eeb th\u1ee9 Hai \u0111\u1ebfn th\u1ee9 S\u00e1u (Ng\u00e0y T)<\/td>\n<\/tr>\n<tr>\n<td>Th\u1eddi \u0111i\u1ec3m \u0111\u00f3ng s\u1ed5 l\u1ec7nh<\/td>\n<td>14h30 Ng\u00e0y T-1 (ng\u00e0y l\u00e0m vi\u1ec7c g\u1ea7n nh\u1ea5t tr\u01b0\u1edbc Ng\u00e0y T)<\/td>\n<\/tr>\n<tr>\n<td>Th\u1eddi h\u1ea1n thanh to\u00e1n ti\u1ec1n b\u00e1n<\/td>\n<td>Trong v\u00f2ng 5 ng\u00e0y l\u00e0m vi\u1ec7c (T+5)<\/td>\n<\/tr>\n<tr>\n<td>Gi\u00e1 tr\u1ecb mua t\u1ed1i thi\u1ec3u<\/td>\n<td>VND 100,000\/ l\u1ea7n giao d\u1ecbch<\/td>\n<\/tr>\n<tr>\n<td>Gi\u00e1 d\u1ecbch v\u1ee5 ph\u00e1t h\u00e0nh<\/td>\n<td>0% gi\u00e1 tr\u1ecb giao d\u1ecbch<\/td>\n<\/tr>\n<tr>\n<td>Gi\u00e1 d\u1ecbch v\u1ee5 mua l\u1ea1i<\/td>\n<td>L\u1ec7nh b\u00e1n theo nguy\u00ean t\u1eafc V\u00e0o tr\u01b0\u1edbc &#8211; Ra tr\u01b0\u1edbc FIFO (theo th\u1eddi gian n\u1eafm gi\u1eef Ch\u1ee9ng ch\u1ec9 qu\u1ef9)<\/p>\n<ul class=\"ul-outside\">\n<li>Th\u1eddi gian n\u1eafm gi\u1eef d\u01b0\u1edbi 182 ng\u00e0y: 2% gi\u00e1 tr\u1ecb giao d\u1ecbch<\/li>\n<li>Th\u1eddi gian n\u1eafm gi\u1eef t\u1eeb 182 ng\u00e0y \u0111\u1ebfn d\u01b0\u1edbi 365 ng\u00e0y: 1.5% gi\u00e1 tr\u1ecb giao d\u1ecbch<\/li>\n<li>Th\u1eddi gian n\u1eafm gi\u1eef t\u1eeb 365 ng\u00e0y \u0111\u1ebfn d\u01b0\u1edbi 730 ng\u00e0y: 0.5% gi\u00e1 tr\u1ecb giao d\u1ecbch<\/li>\n<li>Th\u1eddi gian n\u1eafm gi\u1eef t\u1eeb 730 ng\u00e0y tr\u1edf l\u00ean: 0% gi\u00e1 tr\u1ecb giao d\u1ecbch<\/li>\n<\/ul>\n<p>Gi\u00e1 d\u1ecbch v\u1ee5 mua l\u1ea1i \u00e1p d\u1ee5ng cho c\u1ea3 S\u1ea3n ph\u1ea9m th\u01b0\u1eddng v\u00e0 S\u1ea3n ph\u1ea9m SIP<\/td>\n<\/tr>\n<tr>\n<td>Gi\u00e1 d\u1ecbch v\u1ee5 qu\u1ea3n l\u00fd Qu\u1ef9<\/td>\n<td>1.5% NAV\/ n\u0103m<\/td>\n<\/tr>\n<\/tbody>\n<\/table>\n<h3 class=\"mt-30 mb-10 ov-title\">C\u00c1C \u0110\u1ed0I T\u00c1C C\u1ee6A QU\u1ef8<\/h3>\n<p>&nbsp;<\/p>\n<p>&nbsp;<\/p>\n<table class=\"table-style-detail-odd table-first-col-w30p row-height-60 table-no-border\">\n<tbody>\n<tr>\n<td>Ng\u00e2n H\u00e0ng Gi\u00e1m S\u00e1t<\/td>\n<td>\n\t<div class=\"img has-hover partner-logo ux_image_center_middle x md-x lg-x y md-y lg-y\" id=\"image_1316140145\">\n\t\t\t\t\t\t\t\t<div class=\"img-inner dark\" >\n\t\t\t<img width=\"1200\" height=\"384\" src=\"https:\/\/www.phfm.vn\/wp-content\/uploads\/logo-BIDV.png\" class=\"attachment-original size-original\" alt=\"\" decoding=\"async\" loading=\"lazy\" srcset=\"https:\/\/www.phfm.vn\/wp-content\/uploads\/logo-BIDV.png 1200w, https:\/\/www.phfm.vn\/wp-content\/uploads\/logo-BIDV-768x246.png 768w\" sizes=\"(max-width: 1200px) 100vw, 1200px\" \/>\t\t\t\t\t\t\n\t\t\t\t\t<\/div>\n\t\t\t\t\t\t\t\t\n<style scope=\"scope\">\n\n#image_1316140145 {\n  width: 100%;\n}\n<\/style>\n\t<\/div>\n\t\n<\/td>\n<td>Ng\u00e2n H\u00e0ng Th\u01b0\u01a1ng M\u1ea1i C\u1ed5 Ph\u1ea7n \u0110\u1ea7u T\u01b0 V\u00e0 Ph\u00e1t Tri\u1ec3n Vi\u1ec7t Nam (BIDV)<\/td>\n<\/tr>\n<tr>\n<td>\u0110\u1ea1i L\u00fd Chuy\u1ec3n Nh\u01b0\u1ee3ng<\/td>\n<td>\n\t<div class=\"img has-hover partner-logo ux_image_center_middle x md-x lg-x y md-y lg-y\" id=\"image_525984982\">\n\t\t\t\t\t\t\t\t<div class=\"img-inner dark\" >\n\t\t\t<img width=\"400\" height=\"321\" src=\"https:\/\/www.phfm.vn\/wp-content\/uploads\/logo-Luu-Ky.png\" class=\"attachment-original size-original\" alt=\"\" decoding=\"async\" loading=\"lazy\" \/>\t\t\t\t\t\t\n\t\t\t\t\t<\/div>\n\t\t\t\t\t\t\t\t\n<style scope=\"scope\">\n\n#image_525984982 {\n  width: 100%;\n}\n<\/style>\n\t<\/div>\n\t\n<\/td>\n<td>T\u1ed5ng C\u00f4ng Ty L\u01b0u K\u00fd V\u00e0 B\u00f9 Tr\u1eeb Ch\u1ee9ng Kho\u00e1n Vi\u1ec7t Nam<\/td>\n<\/tr>\n<tr>\n<td>C\u00f4ng Ty Ki\u1ec3m To\u00e1n<\/td>\n<td>\n\t<div class=\"img has-hover partner-logo ux_image_center_middle x md-x lg-x y md-y lg-y\" id=\"image_2069656028\">\n\t\t\t\t\t\t\t\t<div class=\"img-inner dark\" >\n\t\t\t<img width=\"1200\" height=\"1200\" src=\"https:\/\/www.phfm.vn\/wp-content\/uploads\/EY_logo_2019.svg.png\" class=\"attachment-original size-original\" alt=\"\" decoding=\"async\" loading=\"lazy\" srcset=\"https:\/\/www.phfm.vn\/wp-content\/uploads\/EY_logo_2019.svg.png 1200w, https:\/\/www.phfm.vn\/wp-content\/uploads\/EY_logo_2019.svg-768x768.png 768w\" sizes=\"(max-width: 1200px) 100vw, 1200px\" \/>\t\t\t\t\t\t\n\t\t\t\t\t<\/div>\n\t\t\t\t\t\t\t\t\n<style scope=\"scope\">\n\n#image_2069656028 {\n  width: 100%;\n}\n<\/style>\n\t<\/div>\n\t\n<\/td>\n<td>C\u00f4ng Ty TNHH Ernst &amp; Young Vi\u1ec7t Nam<\/td>\n<\/tr>\n<tr>\n<td rowspan=\"9\">\u0110\u1ea1i L\u00fd Ph\u00e2n Ph\u1ed1i<\/td>\n<td>\n\t<div class=\"img has-hover partner-logo ux_image_center_middle x md-x lg-x y md-y lg-y\" id=\"image_1751601864\">\n\t\t\t\t\t\t\t\t<div class=\"img-inner dark\" >\n\t\t\t<img width=\"109\" height=\"61\" src=\"https:\/\/www.phfm.vn\/wp-content\/uploads\/2020\/03\/f-logo.png\" class=\"attachment-original size-original\" alt=\"\" decoding=\"async\" loading=\"lazy\" \/>\t\t\t\t\t\t\n\t\t\t\t\t<\/div>\n\t\t\t\t\t\t\t\t\n<style scope=\"scope\">\n\n#image_1751601864 {\n  width: 100%;\n}\n<\/style>\n\t<\/div>\n\t\n<\/td>\n<td>C\u00f4ng Ty C\u1ed5 Ph\u1ea7n Qu\u1ea3n L\u00fd Qu\u1ef9 Ph\u00fa H\u01b0ng<\/td>\n<\/tr>\n<tr class=\"force-bg-none\">\n<td class=\"w-auto\">\n\t<div class=\"img has-hover partner-logo ux_image_center_middle x md-x lg-x y md-y lg-y\" id=\"image_1103238346\">\n\t\t\t\t\t\t\t\t<div class=\"img-inner dark\" >\n\t\t\t<img width=\"512\" height=\"512\" src=\"https:\/\/www.phfm.vn\/wp-content\/uploads\/logo-vndirect.png\" class=\"attachment-original size-original\" alt=\"\" decoding=\"async\" loading=\"lazy\" \/>\t\t\t\t\t\t\n\t\t\t\t\t<\/div>\n\t\t\t\t\t\t\t\t\n<style scope=\"scope\">\n\n#image_1103238346 {\n  width: 100%;\n}\n<\/style>\n\t<\/div>\n\t\n<\/td>\n<td>C\u00f4ng Ty C\u1ed5 Ph\u1ea7n Ch\u1ee9ng Kho\u00e1n VNDIRECT<\/td>\n<\/tr>\n<tr class=\"force-bg-none\">\n<td class=\"w-auto\">\n\t<div class=\"img has-hover partner-logo ux_image_center_middle x md-x lg-x y md-y lg-y\" id=\"image_584894824\">\n\t\t\t\t\t\t\t\t<div class=\"img-inner dark\" >\n\t\t\t<img width=\"1158\" height=\"375\" src=\"https:\/\/www.phfm.vn\/wp-content\/uploads\/Logo-Fincorp.png\" class=\"attachment-original size-original\" alt=\"\" decoding=\"async\" loading=\"lazy\" srcset=\"https:\/\/www.phfm.vn\/wp-content\/uploads\/Logo-Fincorp.png 1158w, https:\/\/www.phfm.vn\/wp-content\/uploads\/Logo-Fincorp-768x249.png 768w\" sizes=\"(max-width: 1158px) 100vw, 1158px\" \/>\t\t\t\t\t\t\n\t\t\t\t\t<\/div>\n\t\t\t\t\t\t\t\t\n<style scope=\"scope\">\n\n#image_584894824 {\n  width: 100%;\n}\n<\/style>\n\t<\/div>\n\t\n<\/td>\n<td>C\u00f4ng ty C\u1ed5 ph\u1ea7n Fincorp<\/td>\n<\/tr>\n<tr class=\"force-bg-none\">\n<td class=\"w-auto\">\n\t<div class=\"img has-hover partner-logo ux_image_center_middle x md-x lg-x y md-y lg-y\" id=\"image_480601858\">\n\t\t\t\t\t\t\t\t<div class=\"img-inner dark\" >\n\t\t\t<img width=\"230\" height=\"132\" src=\"https:\/\/www.phfm.vn\/wp-content\/uploads\/phs-logo.png\" class=\"attachment-original size-original\" alt=\"\" decoding=\"async\" loading=\"lazy\" \/>\t\t\t\t\t\t\n\t\t\t\t\t<\/div>\n\t\t\t\t\t\t\t\t\n<style scope=\"scope\">\n\n#image_480601858 {\n  width: 100%;\n}\n<\/style>\n\t<\/div>\n\t\n<\/td>\n<td>C\u00f4ng ty C\u1ed5 ph\u1ea7n Ch\u1ee9ng Kho\u00e1n Ph\u00fa H\u01b0ng<\/td>\n<\/tr>\n<tr class=\"force-bg-none\">\n<td class=\"w-auto\">\n\t<div class=\"img has-hover partner-logo ux_image_center_middle x md-x lg-x y md-y lg-y\" id=\"image_215031831\">\n\t\t\t\t\t\t\t\t<div class=\"img-inner dark\" >\n\t\t\t<img width=\"706\" height=\"201\" src=\"https:\/\/www.phfm.vn\/wp-content\/uploads\/Logo_TCBS-e1734420076825.png\" class=\"attachment-original size-original\" alt=\"\" decoding=\"async\" loading=\"lazy\" \/>\t\t\t\t\t\t\n\t\t\t\t\t<\/div>\n\t\t\t\t\t\t\t\t\n<style scope=\"scope\">\n\n#image_215031831 {\n  width: 55%;\n}\n<\/style>\n\t<\/div>\n\t\n<\/td>\n<td>C\u00f4ng ty C\u1ed5 ph\u1ea7n Ch\u1ee9ng Kho\u00e1n K\u1ef9 Th\u01b0\u01a1ng<\/td>\n<\/tr>\n<tr class=\"force-bg-none\">\n<td class=\"w-auto\">\n\t<div class=\"img has-hover partner-logo ux_image_center_middle x md-x lg-x y md-y lg-y\" id=\"image_334604906\">\n\t\t\t\t\t\t\t\t<div class=\"img-inner dark\" >\n\t\t\t<img width=\"201\" height=\"201\" src=\"https:\/\/www.phfm.vn\/wp-content\/uploads\/Logo_VNSC.png\" class=\"attachment-original size-original\" alt=\"\" decoding=\"async\" loading=\"lazy\" \/>\t\t\t\t\t\t\n\t\t\t\t\t<\/div>\n\t\t\t\t\t\t\t\t\n<style scope=\"scope\">\n\n#image_334604906 {\n  width: 100%;\n}\n<\/style>\n\t<\/div>\n\t\n<\/td>\n<td>C\u00f4ng ty C\u1ed5 ph\u1ea7n Ch\u1ee9ng Kho\u00e1n Vina<\/td>\n<\/tr>\n<tr class=\"force-bg-none\">\n<td class=\"w-auto\">\n\t<div class=\"img has-hover partner-logo ux_image_center_middle x md-x lg-x y md-y lg-y\" id=\"image_1997631504\">\n\t\t\t\t\t\t\t\t<div class=\"img-inner dark\" >\n\t\t\t<img width=\"2560\" height=\"257\" src=\"https:\/\/www.phfm.vn\/wp-content\/uploads\/Logo_InvestingPro-scaled.jpg\" class=\"attachment-original size-original\" alt=\"\" decoding=\"async\" loading=\"lazy\" srcset=\"https:\/\/www.phfm.vn\/wp-content\/uploads\/Logo_InvestingPro-scaled.jpg 2560w, https:\/\/www.phfm.vn\/wp-content\/uploads\/Logo_InvestingPro-768x77.jpg 768w, https:\/\/www.phfm.vn\/wp-content\/uploads\/Logo_InvestingPro-1536x154.jpg 1536w, https:\/\/www.phfm.vn\/wp-content\/uploads\/Logo_InvestingPro-2048x205.jpg 2048w\" sizes=\"(max-width: 2560px) 100vw, 2560px\" \/>\t\t\t\t\t\t\n\t\t\t\t\t<\/div>\n\t\t\t\t\t\t\t\t\n<style scope=\"scope\">\n\n#image_1997631504 {\n  width: 57%;\n}\n<\/style>\n\t<\/div>\n\t\n<\/td>\n<td>InvestingPro Joint Stock Company<\/td>\n<\/tr>\n<tr class=\"force-bg-none\">\n<td class=\"w-auto\">\n\t<div class=\"img has-hover partner-logo ux_image_center_middle x md-x lg-x y md-y lg-y\" id=\"image_145801205\">\n\t\t\t\t\t\t\t\t<div class=\"img-inner dark\" >\n\t\t\t<img width=\"1868\" height=\"1473\" src=\"https:\/\/www.phfm.vn\/wp-content\/uploads\/z6529600456907_2cf23e4cc7f3e599b78734510afee44e.jpg\" class=\"attachment-original size-original\" alt=\"\" decoding=\"async\" loading=\"lazy\" srcset=\"https:\/\/www.phfm.vn\/wp-content\/uploads\/z6529600456907_2cf23e4cc7f3e599b78734510afee44e.jpg 1868w, https:\/\/www.phfm.vn\/wp-content\/uploads\/z6529600456907_2cf23e4cc7f3e599b78734510afee44e-768x606.jpg 768w, https:\/\/www.phfm.vn\/wp-content\/uploads\/z6529600456907_2cf23e4cc7f3e599b78734510afee44e-1536x1211.jpg 1536w\" sizes=\"(max-width: 1868px) 100vw, 1868px\" \/>\t\t\t\t\t\t\n\t\t\t\t\t<\/div>\n\t\t\t\t\t\t\t\t\n<style scope=\"scope\">\n\n#image_145801205 {\n  width: 38%;\n}\n<\/style>\n\t<\/div>\n\t\n<\/td>\n<td>DigiFinance Technology Finance Joint Stock Company<\/td>\n<\/tr>\n<tr class=\"force-bg-none\">\n<td class=\"w-auto\">\n\t<div class=\"img has-hover partner-logo ux_image_center_middle x md-x lg-x y md-y lg-y\" id=\"image_838158071\">\n\t\t\t\t\t\t\t\t<div class=\"img-inner dark\" >\n\t\t\t<img width=\"300\" height=\"84\" src=\"https:\/\/www.phfm.vn\/wp-content\/uploads\/Digi-Invest-new-logo-2-300x84-1.png\" class=\"attachment-original size-original\" alt=\"\" decoding=\"async\" loading=\"lazy\" \/>\t\t\t\t\t\t\n\t\t\t\t\t<\/div>\n\t\t\t\t\t\t\t\t\n<style scope=\"scope\">\n\n#image_838158071 {\n  width: 38%;\n}\n<\/style>\n\t<\/div>\n\t\n<\/td>\n<td>C\u00f4ng ty c\u1ed5 ph\u1ea7n Digi Invest<\/td>\n<\/tr>\n<\/tbody>\n<\/table>\n<h3 class=\"mt-30 mb-10 ov-title\">NG\u01af\u1edcI \u0110I\u1ec0U H\u00c0NH QU\u1ef8<\/h3>\n<div class=\"row row-panel\"  id=\"row-1341231509\">\n<div class=\"col small-12 large-12\"  ><div class=\"col-inner\"  >\n<p>Gi\u00e1m \u0111\u1ed1c Ph\u00f2ng \u0110\u1ea7u t\u01b0<\/p>\n<h3>\u00d4ng Nguy\u1ec5n Ho\u00e0i S\u01a1n<\/h3>\n<\/div><\/div>\n<div class=\"col small-12 large-12\"  ><div class=\"col-inner\"  >\n<p><em>Th\u1ea1c s\u1ef9 Kinh t\u1ebf, Vi\u1ec7n ISS (H\u00e0 Lan) &amp; \u0110\u1ea1i h\u1ecdc Kinh t\u1ebf Qu\u1ed1c d\u00e2n H\u00e0 N\u1ed9i<\/em><br \/>\n<em>C\u1eed nh\u00e2n T\u00e0i ch\u00ednh \u2013 Ng\u00e2n h\u00e0ng, \u0110\u1ea1i h\u1ecdc Kinh t\u1ebf Qu\u1ed1c d\u00e2n H\u00e0 N\u1ed9i<\/em><br \/>\n\u00d4ng Nguy\u1ec5n Ho\u00e0i S\u01a1n c\u00f3 h\u01a1n 20 n\u0103m kinh nghi\u1ec7m trong l\u0129nh v\u1ef1c \u0111\u1ea7u t\u01b0 ch\u1ee9ng kho\u00e1n. Tr\u01b0\u1edbc khi gia nh\u1eadp C\u00f4ng ty C\u1ed5 ph\u1ea7n Qu\u1ea3n l\u00fd Qu\u1ef9 Ph\u00fa H\u01b0ng, \u00f4ng \u0111\u00e3 t\u1eebng gi\u1eef c\u00e1c v\u1ecb tr\u00ed quan tr\u1ecdng \u1edf c\u00e1c c\u00f4ng ty ch\u1ee9ng kho\u00e1n, c\u00f4ng ty qu\u1ea3n l\u00fd qu\u1ef9 v\u00e0 c\u00f4ng ty b\u1ea3o hi\u1ec3m \u1edf Vi\u1ec7t Nam nh\u01b0 Tr\u01b0\u1edfng Ph\u00f2ng \u0110\u1ea7u t\u01b0 C\u00f4ng ty TNHH B\u1ea3o hi\u1ec3m Nh\u00e2n th\u1ecd Prudential Vi\u1ec7t Nam, Tr\u01b0\u1edfng Ph\u00f2ng Ph\u00e1t tri\u1ec3n s\u1ea3n ph\u1ea9m c\u1ee7a C\u00f4ng ty TNHH Qu\u1ea3n l\u00fd qu\u1ef9 Prudential Vi\u1ec7t Nam, T\u1ed5ng Gi\u00e1m \u0111\u1ed1c C\u00f4ng ty Ch\u1ee9ng kho\u00e1n An B\u00ecnh, Ph\u00f3 T\u1ed5ng Gi\u00e1m \u0111\u1ed1c v\u00e0 sau \u0111\u00f3 l\u00e0 T\u1ed5ng Gi\u00e1m \u0111\u1ed1c C\u00f4ng ty C\u1ed5 ph\u1ea7n Qu\u1ea3n l\u00fd Qu\u1ef9 Chi\u1ebfn Th\u1eafng\u2026 Hi\u1ec7n \u00f4ng S\u01a1n \u0111ang gi\u1eef v\u1ecb tr\u00ed Gi\u00e1m \u0111\u1ed1c Ph\u00f2ng \u0110\u1ea7u t\u01b0 c\u1ee7a C\u00f4ng ty C\u1ed5 ph\u1ea7n Qu\u1ea3n l\u00fd Qu\u1ef9 Ph\u00fa H\u01b0ng (PHFM).<\/p>\n<\/div><\/div>\n\n<style scope=\"scope\">\n\n<\/style>\n<\/div>\n<div class=\"row row-panel\"  id=\"row-1045876953\">\n<div class=\"col small-12 large-12\"  ><div class=\"col-inner\"  >\n<p>Ph\u00f3 T\u1ed5ng Gi\u00e1m \u0110\u1ed1c<\/p>\n<h3>B\u00e0 H\u1ed3 Th\u00fay \u00c1i<\/h3>\n<\/div><\/div>\n<div class=\"col small-12 large-12\"  ><div class=\"col-inner\"  >\n<p><em>Ti\u1ebfn s\u1ef9 Kinh t\u1ebf, \u0110\u1ea1i h\u1ecdc Lingnan (Lingnan University, Hong Kong SAR)<\/em><br \/>\n<em>Th\u1ea1c s\u1ef9 T\u00e0i ch\u00ednh, ESCP Europe<\/em><br \/>\n<em>C\u1eed nh\u00e2n T\u00e0i ch\u00ednh-T\u00edn d\u1ee5ng, \u0110\u1ea1i h\u1ecdc Ng\u00e2n h\u00e0ng TP.HCM<\/em><br \/>\nB\u00e0 H\u1ed3 Th\u00fay \u00c1i c\u00f3 h\u01a1n 10 n\u0103m kinh nghi\u1ec7m trong ng\u00e0nh ch\u1ee9ng kho\u00e1n v\u00e0 c\u00f3 hi\u1ec3u bi\u1ebft s\u00e2u r\u1ed9ng v\u1ec1 l\u0129nh v\u1ef1c kinh t\u1ebf, t\u00e0i ch\u00ednh. Tr\u01b0\u1edbc khi gia nh\u1eadp C\u00f4ng ty C\u1ed5 ph\u1ea7n Qu\u1ea3n l\u00fd Qu\u1ef9 Ph\u00fa H\u01b0ng (PHFM), b\u00e0 t\u1eebng l\u00e0 chuy\u00ean vi\u00ean ph\u00e2n t\u00edch ch\u1ee9ng kho\u00e1n v\u00e0 l\u00e0 Tr\u01b0\u1edfng nh\u00f3m D\u1ef1 \u00e1n ETF c\u1ee7a C\u00f4ng ty C\u1ed5 ph\u1ea7n Ch\u1ee9ng kho\u00e1n Ph\u00fa H\u01b0ng. N\u0103m 2012, b\u00e0 \u0111\u01b0\u1ee3c b\u1ed5 nhi\u1ec7m l\u00e0m Tr\u01b0\u1edfng V\u0103n ph\u00f2ng \u0111\u1ea1i di\u1ec7n t\u1ea1i Tp. H\u1ed3 Ch\u00ed Minh c\u1ee7a C\u00f4ng ty C\u1ed5 ph\u1ea7n Qu\u1ea3n l\u00fd Qu\u1ef9 Chi\u1ebfn Th\u1eafng (ti\u1ec1n th\u00e2n c\u1ee7a PHFM). T\u1eeb n\u0103m 2019, b\u00e0 gi\u1eef ch\u1ee9c v\u1ee5 Tr\u01b0\u1edfng ph\u00f2ng \u0110\u1ea7u t\u01b0 c\u1ee7a PHFM, ph\u1ee5 tr\u00e1ch qu\u1ea3n l\u00fd c\u00e1c h\u1ed3 s\u01a1 \u0111\u1ea7u t\u01b0 v\u00e0 qu\u1ea3n l\u00fd ho\u1ea1t \u0111\u1ed9ng \u0111\u1ea7u t\u01b0 c\u1ee7a PHFM.<\/p>\n<\/div><\/div>\n\n<style scope=\"scope\">\n\n<\/style>\n<\/div>\n<div id=\"eJOY__extension_root\" class=\"eJOY__extension_root_class\" style=\"all: unset;\"><\/div>\n<\/p>","protected":false},"excerpt":{"rendered":"<p>TH\u00d4NG TIN T\u1ed4NG QUAN T\u00ean Qu\u1ef9 QU\u1ef8 \u0110\u1ea6U T\u01af CH\u1eccN L\u1eccC PH\u00da H\u01afNG VI\u1ec6T NAM M\u00e3 Qu\u1ef9 PHVSF Lo\u1ea1i h\u00ecnh Qu\u1ef9 Qu\u1ef9 \u0111\u1ea7u t\u01b0 ch\u1ee9ng kho\u00e1n d\u1ea1ng m\u1edf Ng\u00e0y th\u00e0nh l\u1eadp 21\/11\/2022 Ng\u00e2n h\u00e0ng gi\u00e1m s\u00e1t Ng\u00e2n h\u00e0ng TMCP \u0110\u1ea7u t\u01b0 v\u00e0 Ph\u00e1t tri\u1ec3n Vi\u1ec7t Nam (BIDV) \u2013 Chi nh\u00e1nh Nam K\u1ef3 Kh\u1edfi Ngh\u0129a \u0110\u1ea1i&#8230;<\/p>\n","protected":false},"author":6,"featured_media":0,"parent":7336,"menu_order":0,"comment_status":"closed","ping_status":"closed","template":"page-blank-sub-nav-vertical.php","meta":[],"_links":{"self":[{"href":"https:\/\/www.phfm.vn\/vi\/wp-json\/wp\/v2\/pages\/8498"}],"collection":[{"href":"https:\/\/www.phfm.vn\/vi\/wp-json\/wp\/v2\/pages"}],"about":[{"href":"https:\/\/www.phfm.vn\/vi\/wp-json\/wp\/v2\/types\/page"}],"author":[{"embeddable":true,"href":"https:\/\/www.phfm.vn\/vi\/wp-json\/wp\/v2\/users\/6"}],"replies":[{"embeddable":true,"href":"https:\/\/www.phfm.vn\/vi\/wp-json\/wp\/v2\/comments?post=8498"}],"version-history":[{"count":273,"href":"https:\/\/www.phfm.vn\/vi\/wp-json\/wp\/v2\/pages\/8498\/revisions"}],"predecessor-version":[{"id":14145,"href":"https:\/\/www.phfm.vn\/vi\/wp-json\/wp\/v2\/pages\/8498\/revisions\/14145"}],"up":[{"embeddable":true,"href":"https:\/\/www.phfm.vn\/vi\/wp-json\/wp\/v2\/pages\/7336"}],"wp:attachment":[{"href":"https:\/\/www.phfm.vn\/vi\/wp-json\/wp\/v2\/media?parent=8498"}],"curies":[{"name":"wp","href":"https:\/\/api.w.org\/{rel}","templated":true}]}}