{"id":8474,"date":"2023-04-08T19:28:40","date_gmt":"2023-04-08T12:28:40","guid":{"rendered":"http:\/\/www.phfm.vn\/?page_id=8474"},"modified":"2023-04-08T19:33:23","modified_gmt":"2023-04-08T12:33:23","slug":"portfolio-investment","status":"publish","type":"page","link":"https:\/\/www.phfm.vn\/vi\/education\/how-to-invest\/portfolio-investment\/","title":{"rendered":"\u0110\u1ea7u t\u01b0 danh m\u1ee5c ch\u1ee9ng kho\u00e1n"},"content":{"rendered":"<div class=\"row row-collapse\"  id=\"row-638660460\">\n<div class=\"col small-12 large-12\"  ><div class=\"col-inner\"  >\n<div class=\"row\"  id=\"row-838430664\">\n<div class=\"col small-12 large-12\"  ><div class=\"col-inner\"  >\n<p class=\"mh-ttl\">H\u01b0\u1edbng d\u1eabn \u0111\u1ea7u t\u01b0<\/p>\n<\/div><\/div>\n<\/div>\n<\/div><\/div>\n<div class=\"col hti-contents_pivp small-12 large-12\"  ><div class=\"col-inner\"  >\n<div class=\"row row-collapse\"  id=\"row-1018354298\">\n<div class=\"col small-12 large-12\"  ><div class=\"col-inner\"  >\n<h3 class=\"sh-ttl\">\u0110\u1ea7u t\u01b0 danh m\u1ee5c ch\u1ee9ng kho\u00e1n<\/h3>\n\t<div class=\"img has-hover ivm-dia x md-x lg-x y md-y lg-y\" id=\"image_1383871274\">\n\t\t\t\t\t\t\t\t<div class=\"img-inner dark\" >\n\t\t\t<img width=\"1312\" height=\"893\" src=\"https:\/\/www.phfm.vn\/wp-content\/uploads\/Portfolio-Mgt-VN.png\" class=\"attachment-original size-original\" alt=\"\" decoding=\"async\" loading=\"lazy\" srcset=\"https:\/\/www.phfm.vn\/wp-content\/uploads\/Portfolio-Mgt-VN.png 1312w, https:\/\/www.phfm.vn\/wp-content\/uploads\/Portfolio-Mgt-VN-768x523.png 768w\" sizes=\"(max-width: 1312px) 100vw, 1312px\" \/>\t\t\t\t\t\t\n\t\t\t\t\t<\/div>\n\t\t\t\t\t\t\t\t\n<style scope=\"scope\">\n\n#image_1383871274 {\n  width: 100%;\n}\n<\/style>\n\t<\/div>\n\t\n<\/div><\/div>\n<div class=\"col how-to-invest small-12 large-12\"  ><div class=\"col-inner\"  >\n<ol>\n<li>PHFM \u0111\u00e0m ph\u00e1n v\u00e0 k\u00fd k\u1ebft H\u1ee3p \u0111\u1ed3ng qu\u1ea3n l\u00fd danh m\u1ee5c \u0111\u1ea7u t\u01b0 v\u1edbi Nh\u00e0 \u0111\u1ea7u t\u01b0<\/li>\n<li>PHFM m\u1edf t\u00e0i kho\u1ea3n l\u01b0u k\u00fd t\u1ea1i Ng\u00e2n h\u00e0ng l\u01b0u k\u00fd<\/li>\n<li>Nh\u00e0 \u0111\u1ea7u t\u01b0 chuy\u1ec3n ti\u1ec1n v\u00e0o t\u00e0i kho\u1ea3n l\u01b0u k\u00fd<\/li>\n<li>PHFM th\u1ef1c hi\u1ec7n qu\u1ea3n l\u00fd \u0111\u1ea7u t\u01b0 theo H\u1ee3p \u0111\u1ed3ng \u0111\u00e3 k\u00fd v\u00e0 g\u1eedi b\u00e1o c\u00e1o \u0111\u1ecbnh k\u1ef3 cho Nh\u00e0 \u0111\u1ea7u t\u01b0<\/li>\n<li>Tr\u01b0\u1edbc khi H\u1ee3p \u0111\u1ed3ng \u0111\u00e1o h\u1ea1n, PHFM b\u00e1n h\u1ebft danh m\u1ee5c \u0111\u1ea7u t\u01b0 ch\u1ee9ng kho\u00e1n \u0111\u1ec3 chuy\u1ec3n \u0111\u1ed5i th\u00e0nh ti\u1ec1n cho Nh\u00e0 \u0111\u1ea7u t\u01b0.<\/li>\n<li>Nh\u00e0 \u0111\u1ea7u t\u01b0 nh\u1eadn l\u1ea1i ti\u1ec1n t\u1eeb Ng\u00e2n h\u00e0ng l\u01b0u k\u00fd v\u00e0 H\u1ee3p \u0111\u1ed3ng \u0111\u01b0\u1ee3c thanh l\u00fd.<\/li>\n<\/ol>\n<\/div><\/div>\n\n<style scope=\"scope\">\n\n<\/style>\n<\/div>\n<p class=\"thin-font\" style=\"text-align: justify font-weight: 600;\"><strong>Vui l\u00f2ng <a href=\"https:\/\/phfm.vn\/contact-us\"><span style=\"color: #cb9a24;\">LI\u00caN H\u1ec6<\/span><\/a> ch\u00fang t\u00f4i\u00a0\u0111\u1ec3 bi\u1ebft th\u00eam th\u00f4ng tin chi ti\u1ebft<\/strong><\/p>\n<\/div><\/div>\n\n<style scope=\"scope\">\n\n<\/style>\n<\/div>","protected":false},"excerpt":{"rendered":"","protected":false},"author":6,"featured_media":0,"parent":559,"menu_order":0,"comment_status":"closed","ping_status":"closed","template":"page-blank-sub-nav-vertical.php","meta":[],"_links":{"self":[{"href":"https:\/\/www.phfm.vn\/vi\/wp-json\/wp\/v2\/pages\/8474"}],"collection":[{"href":"https:\/\/www.phfm.vn\/vi\/wp-json\/wp\/v2\/pages"}],"about":[{"href":"https:\/\/www.phfm.vn\/vi\/wp-json\/wp\/v2\/types\/page"}],"author":[{"embeddable":true,"href":"https:\/\/www.phfm.vn\/vi\/wp-json\/wp\/v2\/users\/6"}],"replies":[{"embeddable":true,"href":"https:\/\/www.phfm.vn\/vi\/wp-json\/wp\/v2\/comments?post=8474"}],"version-history":[{"count":2,"href":"https:\/\/www.phfm.vn\/vi\/wp-json\/wp\/v2\/pages\/8474\/revisions"}],"predecessor-version":[{"id":8478,"href":"https:\/\/www.phfm.vn\/vi\/wp-json\/wp\/v2\/pages\/8474\/revisions\/8478"}],"up":[{"embeddable":true,"href":"https:\/\/www.phfm.vn\/vi\/wp-json\/wp\/v2\/pages\/559"}],"wp:attachment":[{"href":"https:\/\/www.phfm.vn\/vi\/wp-json\/wp\/v2\/media?parent=8474"}],"curies":[{"name":"wp","href":"https:\/\/api.w.org\/{rel}","templated":true}]}}