{"id":8466,"date":"2023-04-08T19:06:37","date_gmt":"2023-04-08T12:06:37","guid":{"rendered":"http:\/\/www.phfm.vn\/?page_id=8466"},"modified":"2025-11-05T17:10:49","modified_gmt":"2025-11-05T10:10:49","slug":"open-ended-fund","status":"publish","type":"page","link":"https:\/\/www.phfm.vn\/vi\/education\/how-to-invest\/open-ended-fund\/","title":{"rendered":"Qu\u1ef9 M\u1edf"},"content":{"rendered":"<div class=\"row row-collapse\"  id=\"row-514934774\">\n<div class=\"col small-12 large-12\"  ><div class=\"col-inner\"  >\n<div class=\"row\"  id=\"row-1205011085\">\n<div class=\"col small-12 large-12\"  ><div class=\"col-inner\"  >\n<p class=\"mh-ttl\">H\u01b0\u1edbng d\u1eabn \u0111\u1ea7u t\u01b0<\/p>\n<\/div><\/div>\n<\/div>\n<\/div><\/div>\n<div class=\"col hti-contents_pivp small-12 large-12\"  ><div class=\"col-inner\"  >\n<\/div><\/div>\n<div class=\"row row-collapse\"  id=\"row-1371238288\">\n<div class=\"col small-12 large-12\"  ><div class=\"col-inner\"  >\n<h3 class=\"sh-ttl h-color\">Quy tr\u00ecnh Giao d\u1ecbch<\/h3>\n<div class=\"col small-12 large-12\"  ><div class=\"col-inner\"  >\n<\/div><\/div>\n\t<div class=\"img has-hover ivm-dia x md-x lg-x y md-y lg-y\" id=\"image_52221314\">\n\t\t\t\t\t\t\t\t<div class=\"img-inner dark\" >\n\t\t\t<img width=\"1085\" height=\"155\" src=\"https:\/\/www.phfm.vn\/wp-content\/uploads\/trading-process.png\" class=\"attachment-original size-original\" alt=\"\" decoding=\"async\" loading=\"lazy\" srcset=\"https:\/\/www.phfm.vn\/wp-content\/uploads\/trading-process.png 1085w, https:\/\/www.phfm.vn\/wp-content\/uploads\/trading-process-768x110.png 768w\" sizes=\"(max-width: 1085px) 100vw, 1085px\" \/>\t\t\t\t\t\t\n\t\t\t\t\t<\/div>\n\t\t\t\t\t\t\t\t\n<style scope=\"scope\">\n\n#image_52221314 {\n  width: 100%;\n}\n<\/style>\n\t<\/div>\n\t\n<\/div><\/div>\n<div class=\"row\"  id=\"row-450646580\">\n<\/div>\n<div class=\"row\"  id=\"row-267440221\">\n<\/div>\n<div class=\"col small-12 large-12\"  ><div class=\"col-inner\"  >\n<h3 class=\"sh-ttl h-color\">M\u1edf t\u00e0i kho\u1ea3n<\/h3>\n<\/div><\/div>\n<div class=\"col small-12 large-12\"  ><div class=\"col-inner\"  >\n<ul class=\"arrow-left-icon\">\n<li><b>\u0110i\u1ec1n phi\u1ebfu m\u1edf t\u00e0i kho\u1ea3n:<\/b> Phi\u1ebfu m\u1edf t\u00e0i kho\u1ea3n \u0111\u01b0\u1ee3c \u0111\u0103ng t\u1ea3i tr\u00ean website c\u00f4ng ty <span data-text-color=\"secondary\"><a href=\"\/vi\/education\/forms\"><strong style=\"color: blue;\">t\u1ea1i \u0111\u00e2y<\/strong><\/a><\/span><\/li>\n<li><b>G\u1eedi Phi\u1ebfu m\u1edf t\u00e0i kho\u1ea3n k\u00e8m h\u1ed3 s\u01a1:<\/b> H\u1ed3 s\u01a1 Nh\u00e0 \u0111\u1ea7u t\u01b0 cung c\u1ea5p v\u00e0 g\u1eedi v\u1ec1 \u0110\u1ea1i l\u00fd ph\u00e2n ph\u1ed1i c\u1ee7a Qu\u1ef9, chi ti\u1ebft \u0111\u01b0\u1ee3c li\u1ec7t k\u00ea b\u00ean d\u01b0\u1edbi (*).<\/li>\n<li><b>Nh\u1eadn th\u00f4ng b\u00e1o m\u1edf t\u00e0i kho\u1ea3n qua email\/SMS.<\/b><\/li>\n<\/ul>\n<\/div><\/div>\n<div class=\"col small-12 large-12\"  ><div class=\"col-inner\"  >\n<p>(*) C\u00e1c h\u1ed3 s\u01a1 c\u1ea7n cung c\u1ea5p:<\/p>\n<\/div><\/div>\n<div class=\"col how-to-invest medium-6 small-12 large-6\"  ><div class=\"col-inner\"  >\n<h4>H\u1ed3 s\u01a1 Nh\u00e0 \u0111\u1ea7u t\u01b0 c\u00e1 nh\u00e2n<\/h4>\n<ol>\n<li>Phi\u1ebfu \u0111\u0103ng k\u00fd m\u1edf t\u00e0i kho\u1ea3n giao d\u1ecbch ch\u1ee9ng ch\u1ec9 qu\u1ef9 m\u1edf.<\/li>\n<li>H\u1ee3p \u0111\u1ed3ng u\u1ef7 quy\u1ec1n c\u00f3 c\u00f4ng ch\u1ee9ng ho\u1eb7c Gi\u1ea5y \u1ee7y quy\u1ec1n c\u00f3 x\u00e1c nh\u1eadn c\u1ee7a ch\u00ednh quy\u1ec1n \u0111\u1ecba ph\u01b0\u01a1ng (\u0111\u1ed1i v\u1edbi tr\u01b0\u1eddng h\u1ee3p N\u0110T c\u00f3 ng\u01b0\u1eddi u\u1ef7 quy\u1ec1n h\u1ee3p ph\u00e1p).<\/li>\n<li>B\u1ea3n sao h\u1ee3p l\u1ec7 c\u1ee7a CMND\/CCCD\/h\u1ed9 chi\u1ebfu nh\u00e0 \u0111\u1ea7u t\u01b0 v\u00e0 ng\u01b0\u1eddi \u0111\u01b0\u1ee3c u\u1ef7 quy\u1ec1n (n\u1ebfu c\u00f3).<\/li>\n<li>B\u1ea3n sao h\u1ee3p l\u1ec7 c\u1ee7a Gi\u1ea5y x\u00e1c nh\u1eadn t\u1eeb ng\u00e2n h\u00e0ng v\u1ec1 vi\u1ec7c m\u1edf t\u00e0i kho\u1ea3n v\u1ed1n \u0111\u1ea7u t\u01b0 gi\u00e1n ti\u1ebfp (ICCA) (\u0111\u1ed1i v\u1edbi Nh\u00e0 \u0111\u1ea7u t\u01b0 n\u01b0\u1edbc ngo\u00e0i)<\/li>\n<li>B\u1ea3n sao h\u1ee3p l\u1ec7 Gi\u1ea5y x\u00e1c nh\u1eadn m\u00e3 s\u1ed1 giao d\u1ecbch ch\u1ee9ng kho\u00e1n do Trung T\u00e2m l\u01b0u k\u00fd ch\u1ee9ng kho\u00e1n c\u1ea5p (\u0111\u1ed1i v\u1edbi Nh\u00e0 \u0111\u1ea7u t\u01b0 n\u01b0\u1edbc ngo\u00e0i)<\/li>\n<li>C\u00e1c bi\u1ec3u m\u1eabu li\u00ean quan \u0111\u1ebfn khai b\u00e1o FATCA v\u00e0 AML.<\/li>\n<\/ol>\n<\/div><\/div>\n<div class=\"col how-to-invest medium-6 small-12 large-6\"  ><div class=\"col-inner\"  >\n<h4>H\u1ed3 s\u01a1 Nh\u00e0 \u0111\u1ea7u t\u01b0 t\u1ed5 ch\u1ee9c<\/h4>\n<ol>\n<li>Phi\u1ebfu \u0111\u0103ng k\u00fd m\u1edf t\u00e0i kho\u1ea3n giao d\u1ecbch ch\u1ee9ng ch\u1ec9 qu\u1ef9 m\u1edf.<\/li>\n<li>B\u1ea3n ch\u00ednh ho\u1eb7c B\u1ea3n sao h\u1ee3p l\u1ec7 Gi\u1ea5y u\u1ef7 quy\u1ec1n ch\u1ec9 \u0111\u1ecbnh ng\u01b0\u1eddi tham gia k\u00fd k\u1ebft v\u00e0 giao d\u1ecbch tr\u00ean t\u00e0i kho\u1ea3n t\u1ea1i \u0110\u1ea1i l\u00fd ph\u00e2n ph\u1ed1i.<\/li>\n<li>B\u1ea3n sao h\u1ee3p l\u1ec7 c\u1ee7a Gi\u1ea5y ch\u1ee9ng nh\u1eadn \u0111\u0103ng k\u00fd kinh doanh\/Gi\u1ea5y ch\u1ee9ng nh\u1eadn \u0111\u0103ng k\u00fd doanh nghi\u1ec7p\/Gi\u1ea5y ph\u00e9p th\u00e0nh l\u1eadp v\u00e0 ho\u1ea1t \u0111\u1ed9ng v\u00e0 c\u00e1c b\u1ea3n \u0111i\u1ec1u ch\u1ec9nh (n\u1ebfu c\u00f3).<\/li>\n<li>B\u1ea3n sao h\u1ee3p l\u1ec7 Gi\u1ea5y ch\u1ee9ng nh\u1eadn \u0111\u00e3 \u0111\u0103ng k\u00fd m\u1eabu d\u1ea5u ho\u1eb7c b\u1ea3n sao h\u1ee3p l\u1ec7 Th\u00f4ng b\u00e1o cho ph\u00f2ng \u0110\u0103ng k\u00fd kinh doanh v\u1ec1 vi\u1ec7c \u0111\u0103ng k\u00fd s\u1eed d\u1ee5ng con d\u1ea5u.<\/li>\n<li>M\u1eabu th\u00f4ng tin b\u1ed5 sung c\u1ee7a nh\u00e0 \u0111\u1ea7u t\u01b0 t\u1ed5 ch\u1ee9c.<\/li>\n<li>B\u1ea3n sao h\u1ee3p l\u1ec7 CMND\/CCCD\/h\u1ed9 chi\u1ebfu c\u1ee7a ng\u01b0\u1eddi \u0111\u1ea1i di\u1ec7n theo ph\u00e1p lu\u1eadt.<\/li>\n<li>B\u1ea3n sao h\u1ee3p l\u1ec7 CMND\/CCCD\/h\u1ed9 chi\u1ebfu c\u1ee7a ng\u01b0\u1eddi \u0111\u01b0\u1ee3c u\u1ef7 quy\u1ec1n (n\u1ebfu c\u00f3).<\/li>\n<li>B\u1ea3n sao h\u1ee3p l\u1ec7 c\u1ee7a Gi\u1ea5y x\u00e1c nh\u1eadn t\u1eeb ng\u00e2n h\u00e0ng v\u1ec1 vi\u1ec7c m\u1edf t\u00e0i kho\u1ea3n v\u1ed1n \u0111\u1ea7u t\u01b0 gi\u00e1n ti\u1ebfp (ICCA) (\u0111\u1ed1i v\u1edbi Nh\u00e0 \u0111\u1ea7u t\u01b0 n\u01b0\u1edbc ngo\u00e0i).<\/li>\n<li>B\u1ea3n sao h\u1ee3p l\u1ec7 Gi\u1ea5y x\u00e1c nh\u1eadn M\u00e3 s\u1ed1 giao d\u1ecbch t\u1eeb Trung T\u00e2m l\u01b0u k\u00fd ch\u1ee9ng kho\u00e1n (\u0111\u1ed1i v\u1edbi Nh\u00e0 \u0111\u1ea7u t\u01b0 n\u01b0\u1edbc ngo\u00e0i).<\/li>\n<li>C\u00e1c bi\u1ec3u m\u1eabu li\u00ean quan \u0111\u1ebfn khai b\u00e1o FATCA v\u00e0 AML.<\/li>\n<\/ol>\n<\/div><\/div>\n<div class=\"row\"  id=\"row-1964298780\">\n<\/div>\n<div class=\"col small-12 large-12\"  ><div class=\"col-inner\"  >\n<h3 class=\"sh-ttl h-color\">\u0110\u1eb7t l\u1ec7nh<\/h3>\n<\/div><\/div>\n<div class=\"col small-12 large-12\"  ><div class=\"col-inner\"  >\n<ul class=\"arrow-left-icon\">\n<li><strong>\u0110\u0103ng k\u00fd mua\/b\u00e1n Ch\u1ee9ng ch\u1ec9 qu\u1ef9 m\u1edf qua app\/ web giao d\u1ecbch<\/strong>: Nh\u00e0 \u0111\u1ea7u t\u01b0 \u0111\u1eb7t l\u00eanh mua\/ b\u00e1n tr\u1ef1c ti\u1ebfp qua t\u00e0i kho\u1ea3n t\u1eeb trang giao d\u1ecbch \u0111i\u1ec7n t\u1eed PHFM Trading ho\u1eb7c qua \u1ee9ng d\u1ee5ng PHFM Mobile. Ho\u00e0n t\u1ea5t \u0111\u1eb7t l\u1ec7nh v\u00e0 chuy\u1ec3n ti\u1ec1n thanh to\u00e1n mua ch\u1ee9ng ch\u1ec9 qu\u1ef9. \u0110\u0103ng nh\u1eadp v\u00e0o t\u00e0i kho\u1ea3n giao d\u1ecbch <span style=\"color: #0000ff;\"><strong><a style=\"color: #0000ff;\" href=\"https:\/\/fund.phfm.vn\/home\">t\u1ea1i \u0111\u00e2y<\/a><\/strong><\/span>.<\/li>\n<li><b>\u0110\u0103ng k\u00fd mua\/b\u00e1n Ch\u1ee9ng ch\u1ec9 qu\u1ef9 m\u1edf b\u1eb1ng Phi\u1ebfu l\u1ec7nh gi\u1ea5y:<\/b> Nh\u00e0 \u0111\u1ea7u t\u01b0 ho\u00e0n t\u1ea5t phi\u1ebfu \u0111\u0103ng k\u00fd mua\/ b\u00e1n ch\u1ee9ng ch\u1ec9 qu\u1ef9 M\u1edf \u0111\u01b0\u1ee3c \u0111\u0103ng t\u1ea3i<span data-text-color=\"secondary\"> <a href=\"http:\/\/demo.phfm.vn\/vi\/education\/forms\"><strong style=\"color: blue;\">t\u1ea1i \u0111\u00e2y<\/strong><\/a><\/span><b><\/b><\/li>\n<\/ul>\n<p style=\"text-align: left; padding-left: 40px;\"><b>G\u1eedi b\u1ea3n g\u1ed1c phi\u1ebfu \u0111\u0103ng k\u00fd v\u1ec1 \u0110\u1ea1i l\u00fd ph\u00e2n ph\u1ed1i:<\/b> Sau khi ho\u00e0n th\u00e0nh phi\u1ebfu \u0111\u0103ng k\u00fd, Nh\u00e0 \u0111\u1ea7u t\u01b0 g\u1eedi b\u1ea3n g\u1ed1c Phi\u1ebfu \u0111\u0103ng k\u00fd mua\/ b\u00e1n ch\u1ee9ng ch\u1ec9 qu\u1ef9 tr\u01b0\u1edbc 14h30 ng\u00e0y tr\u01b0\u1edbc Ng\u00e0y Giao d\u1ecbch (Ng\u00e0y T-1) cho Ng\u00e0y Giao D\u1ecbch (Ng\u00e0y T).<\/p>\n<ul class=\"arrow-left-icon\">\n<li><b>Nh\u1eadn x\u00e1c nh\u1eadn l\u1ec7nh mua\/ b\u00e1n ch\u1ee9ng ch\u1ec9 qu\u1ef9 tr\u01b0\u1edbc Ng\u00e0y Giao D\u1ecbch (T-1) qua email\/SMS.<\/b><\/li>\n<\/ul>\n<\/div><\/div>\n\n<style scope=\"scope\">\n\n<\/style>\n<\/div>\n<div class=\"row\"  id=\"row-1552727805\">\n<div class=\"col small-12 large-12\"  ><div class=\"col-inner\"  >\n<h3 class=\"sh-ttl h-color\">Chuy\u1ec3n ti\u1ec1n<\/h3>\n<\/div><\/div>\n<div class=\"col small-12 large-12\"  ><div class=\"col-inner\"  >\n<ul class=\"arrow-left-icon\">\n<li><b>Th\u00f4ng tin chuy\u1ec3n kho\u1ea3n:<\/b> T\u1ea5t c\u1ea3 thanh to\u00e1n b\u1eb1ng \u0110\u1ed3ng Vi\u1ec7t Nam v\u00e0 chuy\u1ec3n kho\u1ea3n tr\u1ef1c ti\u1ebfp \u0111\u1ebfn t\u00e0i kho\u1ea3n c\u1ee7a Qu\u1ef9 t\u1ea1i Ng\u00e2n h\u00e0ng gi\u00e1m s\u00e1t tr\u01b0\u1edbc 14h30 Ng\u00e0y T-1 cho Ng\u00e0y Giao D\u1ecbch (Ng\u00e0y T). Chi ti\u1ebft th\u00f4ng tin chuy\u1ec3n kho\u1ea3n nh\u01b0 sau:<\/li>\n<li>L\u1ec7nh mua th\u01b0\u1eddng:<br \/>\n<table class=\"details details-padding table-first-col-w30p v-top\">\n<tbody>\n<tr>\n<td>T\u00ean ng\u01b0\u1eddi th\u1ee5 h\u01b0\u1edfng<\/td>\n<td><b>: QU\u1ef8 \u0110\u1ea6U T\u01af CH\u1eccN L\u1eccC PH\u00da H\u01afNG VI\u1ec6T NAM<\/b><\/td>\n<\/tr>\n<tr>\n<td>S\u1ed1 t\u00e0i kho\u1ea3n<\/td>\n<td><b>: 1190605250<\/b><\/td>\n<\/tr>\n<tr>\n<td colspan=\"2\"><\/td>\n<\/tr>\n<tr>\n<td>Ng\u00e2n h\u00e0ng<\/td>\n<td><b>: Ng\u00e2n h\u00e0ng TMCP \u0110\u1ea7u t\u01b0 v\u00e0 Ph\u00e1t tri\u1ec3n Vi\u1ec7t Nam (BIDV)<\/b><\/td>\n<\/tr>\n<tr>\n<td>Chi nh\u00e1nh<\/td>\n<td><b>: Chi nh\u00e1nh Nam K\u1ef3 Kh\u1edfi Ngh\u0129a<\/b><\/td>\n<\/tr>\n<tr>\n<td>Di\u1ec5n gi\u1ea3i<\/td>\n<td><b>: [S\u1ed1 t\u00e0i kho\u1ea3n giao d\u1ecbch CCQ]_Mua CCQ PHVSF<\/b><\/td>\n<\/tr>\n<\/tbody>\n<\/table>\n<\/li>\n<li>L\u1ec7nh mua \u0111\u1ecbnh k\u1ef3:<br \/>\n<table class=\"details details-padding table-first-col-w30p v-top\">\n<tbody>\n<tr>\n<td>T\u00ean ng\u01b0\u1eddi th\u1ee5 h\u01b0\u1edfng<\/td>\n<td><b>: QU\u1ef8 \u0110\u1ea6U T\u01af CH\u1eccN L\u1eccC PH\u00da H\u01afNG VI\u1ec6T NAM<\/b><\/td>\n<\/tr>\n<tr>\n<td>S\u1ed1 t\u00e0i kho\u1ea3n<\/td>\n<td><b>: 1190605269<\/b><\/td>\n<\/tr>\n<tr>\n<td colspan=\"2\"><\/td>\n<\/tr>\n<tr>\n<td>Ng\u00e2n h\u00e0ng<\/td>\n<td><b>: Ng\u00e2n h\u00e0ng TMCP \u0110\u1ea7u t\u01b0 v\u00e0 Ph\u00e1t tri\u1ec3n Vi\u1ec7t Nam (BIDV)<\/b><\/td>\n<\/tr>\n<tr>\n<td>Chi nh\u00e1nh<\/td>\n<td><b>: Chi nh\u00e1nh Nam K\u1ef3 Kh\u1edfi Ngh\u0129a<\/b><\/td>\n<\/tr>\n<tr>\n<td>Di\u1ec5n gi\u1ea3i<\/td>\n<td><b>: [S\u1ed1 t\u00e0i kho\u1ea3n giao d\u1ecbch CCQ]_PHVSFiSav<\/b><\/td>\n<\/tr>\n<\/tbody>\n<\/table>\n<\/li>\n<li><b>Nh\u1eadn th\u00f4ng b\u00e1o tr\u1ea1ng th\u00e1i ti\u1ec1n v\u00e0o Ng\u00e0y Giao D\u1ecbch (Ng\u00e0y T) qua email\/SMS.<\/b><\/li>\n<\/ul>\n<\/div><\/div>\n<\/div>\n<div class=\"row\"  id=\"row-1408607411\">\n<div class=\"col small-12 large-12\"  ><div class=\"col-inner\"  >\n<h3 class=\"sh-ttl h-color\">\u0110\u1ea1i l\u00fd ph\u00e2n ph\u1ed1i ch\u1ee9ng ch\u1ec9 qu\u1ef9 m\u1edf<\/h3>\n<\/div><\/div>\n<div class=\"col small-12 large-12\"  ><div class=\"col-inner\"  >\n<p>Nh\u00e0 \u0111\u1ea7u t\u01b0 li\u00ean h\u1ec7 \u0110\u1ea1i l\u00fd ph\u00e2n ph\u1ed1i c\u1ee7a Qu\u1ef9 \u0111\u1ec3 \u0111\u01b0\u1ee3c h\u01b0\u1edbng d\u1eabn m\u1edf t\u00e0i kho\u1ea3n v\u00e0 \u0111\u1eb7t l\u1ec7nh.<br \/>\nDanh s\u00e1ch \u0110\u1ea1i l\u00fd ph\u00e2n ph\u1ed1i s\u1ebd th\u01b0\u1eddng xuy\u00ean \u0111\u01b0\u1ee3c c\u1eadp nh\u1eadt t\u1ea1i \u0111\u1ecba ch\u1ec9 <a href=\"\/\">www.phfm.vn<\/a><\/p>\n<\/div><\/div>\n<\/div>\n<div class=\"row\"  id=\"row-303343766\">\n<div class=\"col small-12 large-12\"  ><div class=\"col-inner\"  >\n<h3 class=\"sh-ttl h-color\">K\u00eanh h\u1ed7 tr\u1ee3 Nh\u00e0 \u0111\u1ea7u t\u01b0<\/h3>\n<\/div><\/div>\n<div class=\"col small-12 large-12\"  ><div class=\"col-inner\"  >\n<ul>\n<li class=\"bullet fa-map\">T\u1ea7ng 20, T\u00f2a nh\u00e0 Ph\u00fa M\u1ef9 H\u01b0ng, S\u1ed1 8 \u0111\u01b0\u1eddng Ho\u00e0ng V\u0103n Th\u00e1i, Ph\u01b0\u1eddng T\u00e2n M\u1ef9, Th\u00e0nh ph\u1ed1 H\u1ed3 Ch\u00ed Minh<\/li>\n<li class=\"bullet fa-phone\">(+84 28) 5413 7991<\/li>\n<li class=\"bullet fa-envelope\">cskh@phfm.vn<\/li>\n<li class=\"bullet fa-globe\">www.phfm.vn<\/li>\n<\/ul>\n<\/div><\/div>\n<\/div>\n\n<style scope=\"scope\">\n\n<\/style>\n<\/div>","protected":false},"excerpt":{"rendered":"","protected":false},"author":6,"featured_media":0,"parent":559,"menu_order":0,"comment_status":"closed","ping_status":"closed","template":"page-blank-sub-nav-vertical.php","meta":[],"_links":{"self":[{"href":"https:\/\/www.phfm.vn\/vi\/wp-json\/wp\/v2\/pages\/8466"}],"collection":[{"href":"https:\/\/www.phfm.vn\/vi\/wp-json\/wp\/v2\/pages"}],"about":[{"href":"https:\/\/www.phfm.vn\/vi\/wp-json\/wp\/v2\/types\/page"}],"author":[{"embeddable":true,"href":"https:\/\/www.phfm.vn\/vi\/wp-json\/wp\/v2\/users\/6"}],"replies":[{"embeddable":true,"href":"https:\/\/www.phfm.vn\/vi\/wp-json\/wp\/v2\/comments?post=8466"}],"version-history":[{"count":16,"href":"https:\/\/www.phfm.vn\/vi\/wp-json\/wp\/v2\/pages\/8466\/revisions"}],"predecessor-version":[{"id":14649,"href":"https:\/\/www.phfm.vn\/vi\/wp-json\/wp\/v2\/pages\/8466\/revisions\/14649"}],"up":[{"embeddable":true,"href":"https:\/\/www.phfm.vn\/vi\/wp-json\/wp\/v2\/pages\/559"}],"wp:attachment":[{"href":"https:\/\/www.phfm.vn\/vi\/wp-json\/wp\/v2\/media?parent=8466"}],"curies":[{"name":"wp","href":"https:\/\/api.w.org\/{rel}","templated":true}]}}