{"id":8451,"date":"2023-04-08T18:42:01","date_gmt":"2023-04-08T11:42:01","guid":{"rendered":"http:\/\/www.phfm.vn\/?page_id=8451"},"modified":"2023-04-10T08:19:36","modified_gmt":"2023-04-10T01:19:36","slug":"careers","status":"publish","type":"page","link":"https:\/\/www.phfm.vn\/vi\/about-us\/careers\/","title":{"rendered":"C\u01a1 H\u1ed9i Ngh\u1ec1 Nghi\u1ec7p"},"content":{"rendered":"<p class=\"mh-ttl\" style=\"text-align: center;\">C\u00d4NG TY PHFM<\/p>\n\t<div id=\"gap-697580393\" class=\"gap-element clearfix\" style=\"display:block; height:auto;\">\n\t\t\n<style scope=\"scope\">\n\n#gap-697580393 {\n  padding-top: 30px;\n}\n<\/style>\n\t<\/div>\n\t\n<div class=\"row row-collapse align-top\"  id=\"row-1296510631\">\n<div class=\"col large-12\"  ><div class=\"col-inner\" style=\"padding:0px 0px 10px 0px;\" >\n<h3><span class=\"sh-ttl\">C\u01a0 H\u1ed8I NGH\u00ca NGHI\u1ec6P<\/span><\/h3>\n<\/div><\/div>\n<div class=\"col medium-6 small-12 large-6\"  ><div class=\"col-inner\" style=\"padding:0px 15px 0px 0px;\" >\n<p style=\"text-align: justify;\">C\u00f4ng ty Qu\u1ea3n l\u00fd qu\u1ef9 Ph\u00fa H\u01b0ng tin t\u01b0\u1edfng r\u1eb1ng m\u1ed9t doanh nghi\u1ec7p ph\u00e1t tri\u1ec3n th\u00e0nh c\u00f4ng \u0111\u01b0\u1ee3c x\u00e2y d\u1ef1ng d\u1ef1a tr\u00ean vi\u1ec7c quan t\u00e2m \u0111\u1ebfn k\u1ebf ho\u1ea1ch ngh\u1ec1 nghi\u1ec7p c\u1ee7a t\u1eebng c\u00e1 nh\u00e2n v\u00e0 b\u1ea3o v\u1ec7 gi\u00e1 tr\u1ecb gia \u0111\u00ecnh c\u1ee7a \u0111\u1ed9i ng\u0169 nh\u00e2n vi\u00ean. Nhi\u1ec7m v\u1ee5 c\u1ee7a ch\u00fang t\u00f4i l\u00e0 cung c\u1ea5p cho t\u1ea5t c\u1ea3 nh\u00e2n vi\u00ean c\u01a1 h\u1ed9i ph\u00e1t tri\u1ec3n v\u00e0 khuy\u1ebfn kh\u00edch s\u1ef1 h\u1ecdc t\u1eadp su\u1ed1t \u0111\u1eddi nh\u1eb1m duy tr\u00ec s\u1ef1 th\u0103ng ti\u1ebfn tr\u00ean con \u0111\u01b0\u1eddng s\u1ef1 nghi\u1ec7p. Ch\u00fang ta bi\u1ebft r\u1eb1ng cu\u1ed9c s\u1ed1ng lu\u00f4n nhi\u1ec1u kh\u00f3 kh\u0103n v\u00e0 th\u00e1ch th\u1ee9c. <\/p>\n<\/div><\/div>\n<div class=\"col medium-6 small-12 large-6\"  ><div class=\"col-inner\"  >\n\t<div class=\"img has-hover x md-x lg-x y md-y lg-y\" id=\"image_1484094005\">\n\t\t\t\t\t\t\t\t<div class=\"img-inner dark\" >\n\t\t\t<img width=\"2560\" height=\"1703\" src=\"https:\/\/www.phfm.vn\/wp-content\/uploads\/Web_Career_Pic01-scaled.jpg\" class=\"attachment-large size-large\" alt=\"\" decoding=\"async\" loading=\"lazy\" srcset=\"https:\/\/www.phfm.vn\/wp-content\/uploads\/Web_Career_Pic01-scaled.jpg 2560w, https:\/\/www.phfm.vn\/wp-content\/uploads\/Web_Career_Pic01-768x511.jpg 768w, https:\/\/www.phfm.vn\/wp-content\/uploads\/Web_Career_Pic01-1536x1022.jpg 1536w, https:\/\/www.phfm.vn\/wp-content\/uploads\/Web_Career_Pic01-2048x1363.jpg 2048w\" sizes=\"(max-width: 2560px) 100vw, 2560px\" \/>\t\t\t\t\t\t\n\t\t\t\t\t<\/div>\n\t\t\t\t\t\t\t\t\n<style scope=\"scope\">\n\n#image_1484094005 {\n  width: 100%;\n}\n<\/style>\n\t<\/div>\n\t\n<\/div><\/div>\n\n<style scope=\"scope\">\n\n<\/style>\n<\/div>\n<p style=\"text-align: justify;\">Nh\u01b0ng t\u1ea1i PHFM, b\u1ea1n c\u00f3 th\u1ec3 tr\u1ea3i nghi\u1ec7m s\u1ef1 h\u1ed7 tr\u1ee3 c\u00f4ng b\u1eb1ng v\u00e0 b\u1ec1n v\u1eefng, t\u1eeb s\u1ee9c kh\u1ecfe, ph\u00fac l\u1ee3i, m\u00f4i tr\u01b0\u1eddng l\u00e0m vi\u1ec7c linh ho\u1ea1t cho \u0111\u1ebfn vi\u1ec7c h\u1ed7 tr\u1ee3 nh\u00e2n vi\u00ean quay tr\u1edf l\u1ea1i sau th\u1eddi gian ngh\u1ec9 vi\u1ec7c v\u00ec ch\u0103m s\u00f3c gia \u0111\u00ecnh. Ch\u00e0o m\u1eebng gia nh\u1eadp \u0111\u1ed9i ng\u0169 PHFM.<\/p>\n<p>&nbsp;<\/p>","protected":false},"excerpt":{"rendered":"<p>C\u00d4NG TY PHFM Nh\u01b0ng t\u1ea1i PHFM, b\u1ea1n c\u00f3 th\u1ec3 tr\u1ea3i nghi\u1ec7m s\u1ef1 h\u1ed7 tr\u1ee3 c\u00f4ng b\u1eb1ng v\u00e0 b\u1ec1n v\u1eefng, t\u1eeb s\u1ee9c kh\u1ecfe, ph\u00fac l\u1ee3i, m\u00f4i tr\u01b0\u1eddng l\u00e0m vi\u1ec7c linh ho\u1ea1t cho \u0111\u1ebfn vi\u1ec7c h\u1ed7 tr\u1ee3 nh\u00e2n vi\u00ean quay tr\u1edf l\u1ea1i sau th\u1eddi gian ngh\u1ec9 vi\u1ec7c v\u00ec ch\u0103m s\u00f3c gia \u0111\u00ecnh. Ch\u00e0o m\u1eebng gia nh\u1eadp \u0111\u1ed9i&#8230;<\/p>\n","protected":false},"author":6,"featured_media":0,"parent":88,"menu_order":3,"comment_status":"closed","ping_status":"closed","template":"page-blank-sub-nav-vertical.php","meta":[],"_links":{"self":[{"href":"https:\/\/www.phfm.vn\/vi\/wp-json\/wp\/v2\/pages\/8451"}],"collection":[{"href":"https:\/\/www.phfm.vn\/vi\/wp-json\/wp\/v2\/pages"}],"about":[{"href":"https:\/\/www.phfm.vn\/vi\/wp-json\/wp\/v2\/types\/page"}],"author":[{"embeddable":true,"href":"https:\/\/www.phfm.vn\/vi\/wp-json\/wp\/v2\/users\/6"}],"replies":[{"embeddable":true,"href":"https:\/\/www.phfm.vn\/vi\/wp-json\/wp\/v2\/comments?post=8451"}],"version-history":[{"count":3,"href":"https:\/\/www.phfm.vn\/vi\/wp-json\/wp\/v2\/pages\/8451\/revisions"}],"predecessor-version":[{"id":8544,"href":"https:\/\/www.phfm.vn\/vi\/wp-json\/wp\/v2\/pages\/8451\/revisions\/8544"}],"up":[{"embeddable":true,"href":"https:\/\/www.phfm.vn\/vi\/wp-json\/wp\/v2\/pages\/88"}],"wp:attachment":[{"href":"https:\/\/www.phfm.vn\/vi\/wp-json\/wp\/v2\/media?parent=8451"}],"curies":[{"name":"wp","href":"https:\/\/api.w.org\/{rel}","templated":true}]}}