{"id":542,"date":"2020-02-28T08:48:40","date_gmt":"2020-02-28T08:48:40","guid":{"rendered":"http:\/\/localhost\/phuhungfm\/?page_id=542"},"modified":"2023-04-08T23:14:02","modified_gmt":"2023-04-08T16:14:02","slug":"investment-consultancy","status":"publish","type":"page","link":"https:\/\/www.phfm.vn\/vi\/product-information\/investment-consultancy\/","title":{"rendered":"T\u01b0 v\u1ea5n \u0111\u1ea7u t\u01b0"},"content":{"rendered":"<div class=\"row\"  id=\"row-1964881451\">\n<div class=\"col large-12\"  ><div class=\"col-inner\"  >\n<p class=\"mh-ttl\">T\u01af V\u1ea4N \u0110\u1ea6U T\u01af<\/p>\n\t<div id=\"gap-1632631918\" class=\"gap-element clearfix\" style=\"display:block; height:auto;\">\n\t\t\n<style scope=\"scope\">\n\n#gap-1632631918 {\n  padding-top: 30px;\n}\n<\/style>\n\t<\/div>\n\t\n<div class=\"tmi-mg-text\">\n<p style=\"text-align: justify;\">V\u1edbi \u0111\u1ed9i ng\u0169 chuy\u00ean gia ph\u00e2n t\u00edch am hi\u1ec3u th\u1ecb tr\u01b0\u1eddng v\u00e0 d\u00e0y d\u1eb7n kinh nghi\u1ec7m, PHFM cung c\u1ea5p d\u1ecbch v\u1ee5 t\u01b0 v\u1ea5n \u0111\u1ea7u t\u01b0 cho kh\u00e1ch h\u00e0ng \u0111\u1ec3 l\u1ef1a ch\u1ecdn, mua, b\u00e1n, gi\u1eef c\u00e1c ch\u1ee9ng kho\u00e1n v\u00e0 t\u00e0i s\u1ea3n kh\u00e1c ph\u00f9 h\u1ee3p v\u1edbi t\u1eebng \u0111\u1ed1i t\u01b0\u1ee3ng kh\u00e1ch h\u00e0ng trong vi\u1ec7c ho\u1ea1ch \u0111\u1ecbnh t\u00e0i ch\u00ednh d\u00e0i h\u1ea1n.<\/p>\n<p style=\"text-align: justify;\">D\u1ecbch v\u1ee5 t\u01b0 v\u1ea5n \u0111\u1ea7u t\u01b0 c\u1ee7a PHFM bao g\u1ed3m nh\u01b0ng kh\u00f4ng gi\u1edbi h\u1ea1n vi\u1ec7c cung c\u1ea5p c\u00e1c b\u00e1o c\u00e1o ph\u00e2n t\u00edch v\u0129 m\u00f4, b\u00e1o c\u00e1o ng\u00e0nh, b\u00e1o c\u00e1o doanh nghi\u1ec7p, ph\u00e2n t\u00edch c\u00e1c c\u01a1 h\u1ed9i \u0111\u1ea7u t\u01b0 gi\u00e1 tr\u1ecb, c\u00e1c nh\u1eadn \u0111\u1ecbnh v\u1ec1 \u0111\u1ea7u t\u01b0 c\u1ee7a c\u00e1c chuy\u00ean gia PHFM, t\u01b0 v\u1ea5n cho kh\u00e1ch h\u00e0ng ch\u1ecdn l\u1ef1a \u0111\u1ed1i t\u00e1c v\u00e0 danh m\u1ee5c ph\u00f9 h\u1ee3p trong qu\u00e1 tr\u00ecnh \u0111\u1ea7u t\u01b0 nh\u1eb1m \u0111\u1ea1t \u0111\u01b0\u1ee3c m\u1ee5c ti\u00eau \u0111\u1ea7u t\u01b0 c\u1ee7a t\u1eebng kh\u00e1ch h\u00e0ng.<\/p>\n<p style=\"text-align: justify;\">Vui l\u00f2ng <span style=\"color: #cb9a24;\"><strong><a style=\"color: #cb9a24;\" href=\"https:\/\/phfm.vn\/vi\/contact-us\">LI\u00caN H\u1ec6<\/a><\/strong><\/span> v\u1edbi ch\u00fang t\u00f4i \u0111\u1ec3 bi\u1ebft th\u00eam th\u00f4ng tin<\/p>\n<\/div>\n<\/div><\/div>\n<\/div>","protected":false},"excerpt":{"rendered":"","protected":false},"author":1,"featured_media":0,"parent":481,"menu_order":3,"comment_status":"closed","ping_status":"closed","template":"page-blank-sub-nav-vertical.php","meta":[],"_links":{"self":[{"href":"https:\/\/www.phfm.vn\/vi\/wp-json\/wp\/v2\/pages\/542"}],"collection":[{"href":"https:\/\/www.phfm.vn\/vi\/wp-json\/wp\/v2\/pages"}],"about":[{"href":"https:\/\/www.phfm.vn\/vi\/wp-json\/wp\/v2\/types\/page"}],"author":[{"embeddable":true,"href":"https:\/\/www.phfm.vn\/vi\/wp-json\/wp\/v2\/users\/1"}],"replies":[{"embeddable":true,"href":"https:\/\/www.phfm.vn\/vi\/wp-json\/wp\/v2\/comments?post=542"}],"version-history":[{"count":43,"href":"https:\/\/www.phfm.vn\/vi\/wp-json\/wp\/v2\/pages\/542\/revisions"}],"predecessor-version":[{"id":8537,"href":"https:\/\/www.phfm.vn\/vi\/wp-json\/wp\/v2\/pages\/542\/revisions\/8537"}],"up":[{"embeddable":true,"href":"https:\/\/www.phfm.vn\/vi\/wp-json\/wp\/v2\/pages\/481"}],"wp:attachment":[{"href":"https:\/\/www.phfm.vn\/vi\/wp-json\/wp\/v2\/media?parent=542"}],"curies":[{"name":"wp","href":"https:\/\/api.w.org\/{rel}","templated":true}]}}