{"id":538,"date":"2020-02-28T08:47:55","date_gmt":"2020-02-28T08:47:55","guid":{"rendered":"http:\/\/localhost\/phuhungfm\/?page_id=538"},"modified":"2023-04-08T23:13:35","modified_gmt":"2023-04-08T16:13:35","slug":"portfolio-management","status":"publish","type":"page","link":"https:\/\/www.phfm.vn\/vi\/product-information\/portfolio-management\/","title":{"rendered":"Qu\u1ea3n l\u00fd danh m\u1ee5c \u0111\u1ea7u t\u01b0"},"content":{"rendered":"<div class=\"row\"  id=\"row-1754385688\">\n<div class=\"col large-12\"  ><div class=\"col-inner\"  >\n<p class=\"mh-ttl\">QU\u1ea2N L\u00dd DANH M\u1ee4C \u0110\u1ea6U T\u01af<\/p>\n\t<div id=\"gap-1942538007\" class=\"gap-element clearfix\" style=\"display:block; height:auto;\">\n\t\t\n<style scope=\"scope\">\n\n#gap-1942538007 {\n  padding-top: 30px;\n}\n<\/style>\n\t<\/div>\n\t\n<div class=\"row\"  id=\"row-984693060\">\n<div class=\"col medium-6 small-12 large-6\"  ><div class=\"col-inner\"  >\n\t<div class=\"img has-hover x md-x lg-x y md-y lg-y\" id=\"image_1628067330\">\n\t\t\t\t\t\t\t\t<div class=\"img-inner dark\" >\n\t\t\t<img width=\"2560\" height=\"1698\" src=\"https:\/\/www.phfm.vn\/wp-content\/uploads\/2020\/04\/bang-gia-co-phieu-scaled.jpg\" class=\"attachment-large size-large\" alt=\"\" decoding=\"async\" loading=\"lazy\" srcset=\"https:\/\/www.phfm.vn\/wp-content\/uploads\/2020\/04\/bang-gia-co-phieu-scaled.jpg 2560w, https:\/\/www.phfm.vn\/wp-content\/uploads\/2020\/04\/bang-gia-co-phieu-768x509.jpg 768w, https:\/\/www.phfm.vn\/wp-content\/uploads\/2020\/04\/bang-gia-co-phieu-1536x1019.jpg 1536w, https:\/\/www.phfm.vn\/wp-content\/uploads\/2020\/04\/bang-gia-co-phieu-2048x1358.jpg 2048w\" sizes=\"(max-width: 2560px) 100vw, 2560px\" \/>\t\t\t\t\t\t\n\t\t\t\t\t<\/div>\n\t\t\t\t\t\t\t\t\n<style scope=\"scope\">\n\n#image_1628067330 {\n  width: 100%;\n}\n<\/style>\n\t<\/div>\n\t\n<\/div><\/div>\n<div class=\"col tmi-mg-text medium-6 small-12 large-6\"  ><div class=\"col-inner\"  >\n<p style=\"text-align: justify;\">B\u00ean c\u1ea1nh nghi\u1ec7p v\u1ee5 qu\u1ea3n l\u00fd qu\u1ef9 \u0111\u1ea7u t\u01b0, PHFM cung c\u1ea5p d\u1ecbch v\u1ee5 qu\u1ea3n l\u00fd danh m\u1ee5c \u0111\u1ea7u t\u01b0 ch\u1ee9ng kho\u00e1n cho c\u00e1c kh\u00e1ch h\u00e0ng c\u00e1 nh\u00e2n v\u00e0 t\u1ed5 ch\u1ee9c trong v\u00e0 ngo\u00e0i n\u01b0\u1edbc.<\/p>\n<p style=\"text-align: justify;\">V\u1edbi d\u1ecbch v\u1ee5 qu\u1ea3n l\u00fd danh m\u1ee5c \u0111\u1ea7u t\u01b0, PHFM ti\u1ebfp nh\u1eadn v\u1ed1n \u1ee7y th\u00e1c c\u1ee7a kh\u00e1ch h\u00e0ng \u0111\u1ec3 mua, b\u00e1n, n\u1eafm gi\u1eef ch\u1ee9ng kho\u00e1n v\u00e0 c\u00e1c t\u00e0i s\u1ea3n kh\u00e1c theo \u0111\u00fang h\u1ee3p \u0111\u1ed3ng \u1ee7y th\u00e1c \u0111\u1ea7u t\u01b0 \u0111\u01b0\u1ee3c k\u00fd k\u1ebft gi\u1eefa kh\u00e1ch h\u00e0ng v\u00e0 PHFM.<\/p>\n<\/div><\/div>\n<div class=\"col tmi-mg-text small-12 large-12\"  ><div class=\"col-inner\"  >\n<p style=\"text-align: justify;\">M\u1ed7i kh\u00e1ch h\u00e0ng s\u1edf h\u1eefu danh m\u1ee5c c\u1ee7a m\u00ecnh th\u00f4ng qua m\u1ed9t t\u00e0i kho\u1ea3n l\u01b0u k\u00fd chuy\u00ean bi\u1ec7t t\u1ea1i m\u1ed9t Ng\u00e2n h\u00e0ng l\u01b0u k\u00fd \u0111\u01b0\u1ee3c c\u1ea5p ph\u00e9p. Kh\u00e1ch h\u00e0ng c\u00f3 th\u1ec3 \u0111\u1ee9ng t\u00ean t\u00e0i kho\u1ea3n l\u01b0u k\u00fd ho\u1eb7c \u1ee7y quy\u1ec1n cho PHFM \u0111\u1ee9ng t\u00ean t\u00e0i kho\u1ea3n l\u01b0u k\u00fd \u0111\u1ec3 th\u1ef1c hi\u1ec7n giao d\u1ecbch. To\u00e0n b\u1ed9 ti\u1ec1n v\u00e0 t\u00e0i s\u1ea3n c\u1ee7a kh\u00e1ch h\u00e0ng c\u0169ng nh\u01b0 m\u1ecdi giao d\u1ecbch li\u00ean quan \u0111\u1ebfn ti\u1ec1n v\u00e0 t\u00e0i s\u1ea3n c\u1ee7a kh\u00e1ch h\u00e0ng m\u00e0 PHFM \u0111\u01b0\u1ee3c \u1ee7y th\u00e1c th\u1ef1c hi\u1ec7n \u0111\u1ec1u \u0111\u1eb7t d\u01b0\u1edbi s\u1ef1 gi\u00e1m s\u00e1t ch\u1eb7t ch\u1ebd c\u1ee7a Ng\u00e2n h\u00e0ng l\u01b0u k\u00fd, \u0111\u1ea3m b\u1ea3o t\u00ednh \u0111\u1ed9c l\u1eadp, minh b\u1ea1ch, an to\u00e0n v\u00e0 b\u1ea3o m\u1eadt.<\/p>\n<p style=\"text-align: justify;\">Kh\u00e1ch h\u00e0ng c\u00f3 th\u1ec3 \u1ee7y th\u00e1c \u0111\u1ea7u t\u01b0 to\u00e0n b\u1ed9 ho\u1eb7c \u1ee7y th\u00e1c \u0111\u1ea7u t\u01b0 theo ch\u1ec9 \u0111\u1ecbnh cho PHFM trong vi\u1ec7c qu\u1ea3n l\u00fd danh m\u1ee5c \u0111\u1ea7u t\u01b0 c\u1ee7a m\u00ecnh.<\/p>\n<p style=\"text-align: justify;\">T\u00f9y v\u00e0o \u0111\u1eb7c \u0111i\u1ec3m c\u1ee7a t\u1eebng kh\u00e1ch h\u00e0ng, kh\u1ea9u v\u1ecb r\u1ee7i ro v\u00e0 kh\u1ea3 n\u0103ng ch\u1ea5p nh\u1eadn r\u1ee7i ro c\u1ee7a t\u1eebng kh\u00e1ch h\u00e0ng, ch\u00fang t\u00f4i t\u01b0 v\u1ea5n, thi\u1ebft k\u1ebf v\u00e0 tri\u1ec3n khai c\u00e1c danh m\u1ee5c \u0111\u1ea7u t\u01b0 th\u00edch h\u1ee3p, \u0111\u00e1p \u1ee9ng t\u1ed1t nh\u1ea5t nhu c\u1ea7u ri\u00eang bi\u1ec7t c\u1ee7a m\u1ed7i kh\u00e1ch h\u00e0ng.<\/p>\n<p style=\"text-align: justify;\">D\u1ecbch v\u1ee5 qu\u1ea3n l\u00fd danh m\u1ee5c \u0111\u1ea7u t\u01b0 c\u1ee7a PHFM mang l\u1ea1i hi\u1ec7u qu\u1ea3 sinh l\u1eddi cao nh\u1ea5t v\u1edbi r\u1ee7i ro th\u1ea5p nh\u1ea5t cho t\u1eebng \u0111\u1ed3ng v\u1ed1n c\u1ee7a kh\u00e1ch h\u00e0ng \u1ee7y th\u00e1c.<\/p>\n<p style=\"text-align: justify;\">Vui l\u00f2ng <span style=\"color: #cb9a24;\"><strong><a style=\"color: #cb9a24;\" href=\"https:\/\/phfm.vn\/vi\/contact-us\">LI\u00caN H\u1ec6<\/a><\/strong><\/span> v\u1edbi ch\u00fang t\u00f4i \u0111\u1ec3 bi\u1ebft th\u00eam th\u00f4ng tin<\/p>\n<\/div><\/div>\n<\/div>\n<\/div><\/div>\n<\/div>","protected":false},"excerpt":{"rendered":"","protected":false},"author":1,"featured_media":0,"parent":481,"menu_order":2,"comment_status":"closed","ping_status":"closed","template":"page-blank-sub-nav-vertical.php","meta":[],"_links":{"self":[{"href":"https:\/\/www.phfm.vn\/vi\/wp-json\/wp\/v2\/pages\/538"}],"collection":[{"href":"https:\/\/www.phfm.vn\/vi\/wp-json\/wp\/v2\/pages"}],"about":[{"href":"https:\/\/www.phfm.vn\/vi\/wp-json\/wp\/v2\/types\/page"}],"author":[{"embeddable":true,"href":"https:\/\/www.phfm.vn\/vi\/wp-json\/wp\/v2\/users\/1"}],"replies":[{"embeddable":true,"href":"https:\/\/www.phfm.vn\/vi\/wp-json\/wp\/v2\/comments?post=538"}],"version-history":[{"count":58,"href":"https:\/\/www.phfm.vn\/vi\/wp-json\/wp\/v2\/pages\/538\/revisions"}],"predecessor-version":[{"id":8536,"href":"https:\/\/www.phfm.vn\/vi\/wp-json\/wp\/v2\/pages\/538\/revisions\/8536"}],"up":[{"embeddable":true,"href":"https:\/\/www.phfm.vn\/vi\/wp-json\/wp\/v2\/pages\/481"}],"wp:attachment":[{"href":"https:\/\/www.phfm.vn\/vi\/wp-json\/wp\/v2\/media?parent=538"}],"curies":[{"name":"wp","href":"https:\/\/api.w.org\/{rel}","templated":true}]}}