{"id":528,"date":"2020-02-28T08:45:25","date_gmt":"2020-02-28T01:45:25","guid":{"rendered":"http:\/\/localhost\/phuhungfm\/?page_id=528"},"modified":"2020-09-04T10:26:35","modified_gmt":"2020-09-04T03:26:35","slug":"missions","status":"publish","type":"page","link":"https:\/\/www.phfm.vn\/vi\/about-us\/missions\/","title":{"rendered":"S\u1ee9 m\u1ec7nh"},"content":{"rendered":"<p class=\"mh-ttl\" style=\"text-align: center;\">C\u00d4NG TY PHFM<\/p>\n\t<div id=\"gap-1959769478\" class=\"gap-element clearfix\" style=\"display:block; height:auto;\">\n\t\t\n<style scope=\"scope\">\n\n#gap-1959769478 {\n  padding-top: 30px;\n}\n<\/style>\n\t<\/div>\n\t\n<div class=\"row row-collapse align-middle\"  id=\"row-1405722643\">\n<div class=\"col medium-6 small-12 large-6\"  ><div class=\"col-inner\" style=\"padding:0px 15px 0px 0px;\" >\n<h3><span class=\"sh-ttl\">S\u1ee8 M\u1ec6NH<\/span><\/h3>\n<p style=\"text-align: justify;\">CTCP Qu\u1ea3n l\u00fd qu\u1ef9 Ph\u00fa H\u01b0ng c\u1ed1ng hi\u1ebfn v\u00e0o vi\u1ec7c ph\u00e1t tri\u1ec3n d\u1ecbch v\u1ee5 t\u01b0 v\u1ea5n v\u00e0 qu\u1ea3n l\u00fd t\u00e0i s\u1ea3n chuy\u00ean nghi\u1ec7p, t\u1eeb \u0111\u00f3 c\u00f3 th\u1ec3 h\u1ed7 tr\u1ee3 kh\u00e1ch h\u00e0ng \u0111\u1ea1t \u0111\u01b0\u1ee3c c\u00e1c m\u1ee5c ti\u00eau t\u00e0i ch\u00ednh d\u1ef1a tr\u00ean c\u00e1c m\u1ee5c \u0111\u00edch \u0111\u1ea7u t\u01b0 kh\u00e1c nhau. C\u00e1c d\u1ecbch v\u1ee5 v\u00e0 chi\u1ebfn l\u01b0\u1ee3c \u0111\u1ea7u t\u01b0 c\u1ee7a ch\u00fang t\u00f4i h\u01b0\u1edbng \u0111\u1ebfn vi\u1ec7c t\u0103ng c\u01b0\u1eddng l\u1ee3i nhu\u1eadn k\u1ef3 v\u1ecdng b\u1eb1ng c\u00e1ch n\u00e2ng cao n\u0103ng l\u1ef1c nghi\u00ean c\u1ee9u, ph\u00e2n t\u00edch d\u1eef li\u1ec7u v\u00e0 k\u1ef7 lu\u1eadt giao d\u1ecbch.<\/p>\n<\/div><\/div>\n<div class=\"col medium-6 small-12 large-6\"  ><div class=\"col-inner\"  >\n\t<div class=\"img has-hover x md-x lg-x y md-y lg-y\" id=\"image_844546387\">\n\t\t\t\t\t\t\t\t<div class=\"img-inner dark\" >\n\t\t\t<img width=\"1000\" height=\"668\" src=\"https:\/\/www.phfm.vn\/wp-content\/uploads\/2020\/04\/mission.jpg\" class=\"attachment-large size-large\" alt=\"\" decoding=\"async\" loading=\"lazy\" srcset=\"https:\/\/www.phfm.vn\/wp-content\/uploads\/2020\/04\/mission.jpg 1000w, https:\/\/www.phfm.vn\/wp-content\/uploads\/2020\/04\/mission-768x513.jpg 768w\" sizes=\"(max-width: 1000px) 100vw, 1000px\" \/>\t\t\t\t\t\t\n\t\t\t\t\t<\/div>\n\t\t\t\t\t\t\t\t\n<style scope=\"scope\">\n\n#image_844546387 {\n  width: 100%;\n}\n<\/style>\n\t<\/div>\n\t\n<\/div><\/div>\n\n<style scope=\"scope\">\n\n<\/style>\n<\/div>\n<p style=\"text-align: justify;\">Ch\u00fang t\u00f4i \u0111\u00e3 ch\u1ee9ng ki\u1ebfn s\u1ef1 ph\u00e1t tri\u1ec3n nhanh ch\u00f3ng c\u1ee7a th\u1ecb tr\u01b0\u1eddng v\u1ed1n Vi\u1ec7t Nam trong h\u01a1n m\u01b0\u1eddi n\u0103m qua. Trong th\u1eadp k\u1ef7 t\u1edbi, PHFM s\u1ebd \u0111\u00f3ng vai tr\u00f2 quan tr\u1ecdng \u0111\u1ed1i v\u1edbi ng\u00e0nh qu\u1ea3n l\u00fd t\u00e0i s\u1ea3n \u0111ang t\u0103ng tr\u01b0\u1edfng c\u1ee7a Vi\u1ec7t Nam v\u00e0 s\u1ebd h\u1ed7 tr\u1ee3 Ch\u00ednh ph\u1ee7 \u0111\u01b0a ra c\u00e1c quy \u0111\u1ecbnh ph\u00f9 h\u1ee3p khi nhu c\u1ea7u ph\u00e2n b\u1ed5 t\u00e0i s\u1ea3n \u0111ang ng\u00e0y c\u00e0ng t\u0103ng.<\/p>\n<\/p>","protected":false},"excerpt":{"rendered":"<p>C\u00d4NG TY PHFM Ch\u00fang t\u00f4i \u0111\u00e3 ch\u1ee9ng ki\u1ebfn s\u1ef1 ph\u00e1t tri\u1ec3n nhanh ch\u00f3ng c\u1ee7a th\u1ecb tr\u01b0\u1eddng v\u1ed1n Vi\u1ec7t Nam trong h\u01a1n m\u01b0\u1eddi n\u0103m qua. Trong th\u1eadp k\u1ef7 t\u1edbi, PHFM s\u1ebd \u0111\u00f3ng vai tr\u00f2 quan tr\u1ecdng \u0111\u1ed1i v\u1edbi ng\u00e0nh qu\u1ea3n l\u00fd t\u00e0i s\u1ea3n \u0111ang t\u0103ng tr\u01b0\u1edfng c\u1ee7a Vi\u1ec7t Nam v\u00e0 s\u1ebd h\u1ed7 tr\u1ee3 Ch\u00ednh ph\u1ee7 \u0111\u01b0a&#8230;<\/p>\n","protected":false},"author":1,"featured_media":0,"parent":88,"menu_order":0,"comment_status":"closed","ping_status":"closed","template":"page-blank-sub-nav-vertical.php","meta":[],"_links":{"self":[{"href":"https:\/\/www.phfm.vn\/vi\/wp-json\/wp\/v2\/pages\/528"}],"collection":[{"href":"https:\/\/www.phfm.vn\/vi\/wp-json\/wp\/v2\/pages"}],"about":[{"href":"https:\/\/www.phfm.vn\/vi\/wp-json\/wp\/v2\/types\/page"}],"author":[{"embeddable":true,"href":"https:\/\/www.phfm.vn\/vi\/wp-json\/wp\/v2\/users\/1"}],"replies":[{"embeddable":true,"href":"https:\/\/www.phfm.vn\/vi\/wp-json\/wp\/v2\/comments?post=528"}],"version-history":[{"count":81,"href":"https:\/\/www.phfm.vn\/vi\/wp-json\/wp\/v2\/pages\/528\/revisions"}],"predecessor-version":[{"id":4470,"href":"https:\/\/www.phfm.vn\/vi\/wp-json\/wp\/v2\/pages\/528\/revisions\/4470"}],"up":[{"embeddable":true,"href":"https:\/\/www.phfm.vn\/vi\/wp-json\/wp\/v2\/pages\/88"}],"wp:attachment":[{"href":"https:\/\/www.phfm.vn\/vi\/wp-json\/wp\/v2\/media?parent=528"}],"curies":[{"name":"wp","href":"https:\/\/api.w.org\/{rel}","templated":true}]}}