{"id":16180,"date":"2026-05-11T14:28:02","date_gmt":"2026-05-11T07:28:02","guid":{"rendered":"https:\/\/www.phfm.vn\/?page_id=16180"},"modified":"2026-05-11T16:51:21","modified_gmt":"2026-05-11T09:51:21","slug":"etf-fund","status":"publish","type":"page","link":"https:\/\/www.phfm.vn\/vi\/education\/how-to-invest\/etf-fund\/","title":{"rendered":"Qu\u1ef9 ETF"},"content":{"rendered":"<div class=\"row row-collapse\"  id=\"row-795950503\">\n<style scope=\"scope\">\n\n<\/style>\n<\/div>\n<div class=\"col small-12 large-12\"  ><div class=\"col-inner\"  ><\/div><\/div>\n<div class=\"row\"  id=\"row-1403048707\"><\/div>\n<div class=\"col small-12 large-12\"  ><div class=\"col-inner\"  ><\/div><\/div>\n<p class=\"mh-ttl\"><strong>H\u01b0\u1edbng d\u1eabn \u0111\u1ea7u t\u01b0 Qu\u1ef9 ETF PHFM VNSHINE<\/strong><\/p>\n<p>Nh\u00e0 \u0111\u1ea7u t\u01b0 c\u00f3 th\u1ec3 mua ch\u1ee9ng ch\u1ec9 qu\u1ef9 ETF b\u1eb1ng c\u00e1ch \u0111\u1eb7t l\u1ec7nh ho\u00e1n \u0111\u1ed5i ch\u1ee9ng kho\u00e1n l\u1ea5y ch\u1ee9ng ch\u1ec9 qu\u1ef9 ETF (giao d\u1ecbch s\u01a1 c\u1ea5p) t\u1ea1i c\u00e1c Th\u00e0nh vi\u00ean l\u1eadp qu\u1ef9 c\u1ee7a qu\u1ef9 ETF PHFM VNSHINE ho\u1eb7c mua th\u1ee9 c\u1ea5p tr\u00ean s\u00e0n giao d\u1ecbch ch\u1ee9ng kho\u00e1n.<\/p>\n<h3 class=\"sh-ttl h-color\"><strong>GIAO D\u1ecaCH S\u01a0 C\u1ea4P<\/strong><\/h3>\n<p>&nbsp;<\/p>\n<table class=\"table-style-detail-odd table-first-col-w30p row-height-60\" style=\"height: 90px;\" width=\"949\">\n<tbody>\n<tr>\n<td><b>L\u1ec6NH HO\u00c1N \u0110\u1ed4I MUA TH\u1ea4P NH\u1ea4T<\/b><\/td>\n<td>01 l\u00f4 ch\u1ee9ng ch\u1ec9 qu\u1ef9 (t\u01b0\u01a1ng \u0111\u01b0\u01a1ng 100.000 \u0111\u01a1n v\u1ecb qu\u1ef9)<\/td>\n<\/tr>\n<tr>\n<td><strong>L\u1ec6NH HO\u00c1N \u0110\u1ed4I B\u00c1N TH\u1ea4P NH\u1ea4T<\/strong><\/td>\n<td>01 l\u00f4 ch\u1ee9ng ch\u1ec9 qu\u1ef9 (t\u01b0\u01a1ng \u0111\u01b0\u01a1ng 100.000 \u0111\u01a1n v\u1ecb qu\u1ef9)<\/td>\n<\/tr>\n<tr>\n<td><strong>NG\u00c0Y GIAO D\u1ecaCH<\/strong><\/td>\n<td>H\u1eb1ng ng\u00e0y (Ng\u00e0y T)<\/td>\n<\/tr>\n<tr>\n<td><strong>TH\u1edcI \u0110I\u1ec2M \u0110\u00d3NG S\u1ed4 L\u1ec6NH<\/strong><\/td>\n<td>14:40 ng\u00e0y T<\/td>\n<\/tr>\n<\/tbody>\n<\/table>\n<p>&nbsp;<\/p>\n<p><em><strong>\ud83d\udd38Th\u00e0nh Vi\u00ean L\u1eadp Qu\u1ef9 \/ \u0110\u1ea1i L\u00fd Ph\u00e2n Ph\u1ed1i Ch\u1ee9ng Ch\u1ec9 Qu\u1ef9 (\u0110i\u1ec3m Nh\u1eadn L\u1ec7nh)<\/strong><\/em><br \/>\n&nbsp;<\/p>\n<table class=\"table-style-detail-odd table-no-border table-v-middle table-p-5 table-first-col-w30p mt-10\" style=\"height: 987px;\" width=\"1372\">\n<tbody>\n<tr>\n<td><strong>C\u00f4ng ty C\u1ed5 ph\u1ea7n Ch\u1ee9ng kho\u00e1n Th\u00e0nh ph\u1ed1 H\u1ed3 Ch\u00ed Minh<\/strong><\/td>\n<td><strong>\u0110\u1ecba ch\u1ec9:<\/strong> T\u1ea7ng 2, 3, 5, 6, 7, 11 v\u00e0 12, T\u00f2a nh\u00e0 AB, 76A L\u00ea Lai, Ph\u01b0\u1eddng B\u1ebfn Th\u00e0nh, Th\u00e0nh ph\u1ed1 H\u1ed3 Ch\u00ed Minh<\/p>\n<p><strong>S\u1ed1 \u0111i\u1ec7n tho\u1ea1i:<\/strong> 028 3823 3299<\/td>\n<\/tr>\n<tr>\n<td><strong>C\u00f4ng ty C\u1ed5 ph\u1ea7n Ch\u1ee9ng kho\u00e1n Mirae Asset (Vi\u1ec7t Nam)<\/strong><\/td>\n<td><strong>\u0110\u1ecba ch\u1ec9:<\/strong> T\u1ea7ng 7, T\u00f2a nh\u00e0 Le Meridien, 3C T\u00f4n \u0110\u1ee9c Th\u1eafng, Ph\u01b0\u1eddng S\u00e0i G\u00f2n, Th\u00e0nh ph\u1ed1 H\u1ed3 Ch\u00ed Minh<\/p>\n<p><strong>S\u1ed1 \u0111i\u1ec7n tho\u1ea1i:<\/strong> 028 3910 2222<\/td>\n<\/tr>\n<tr>\n<td><strong>C\u00f4ng ty C\u1ed5 ph\u1ea7n Ch\u1ee9ng kho\u00e1n Vietcap<\/strong><\/td>\n<td><strong>\u0110\u1ecba ch\u1ec9:<\/strong> T\u1ea7ng 15, Th\u00e1p T\u00e0i ch\u00ednh Bitexco, 02 H\u1ea3i Tri\u1ec1u, Ph\u01b0\u1eddng S\u00e0i G\u00f2n, Th\u00e0nh ph\u1ed1 H\u1ed3 Ch\u00ed Minh<\/p>\n<p><strong>S\u1ed1 \u0111i\u1ec7n tho\u1ea1i:<\/strong> 028 3914 3588<\/td>\n<\/tr>\n<tr>\n<td><strong>C\u00f4ng ty C\u1ed5 ph\u1ea7n Ch\u1ee9ng kho\u00e1n Finhay<\/strong><\/td>\n<td><strong>\u0110\u1ecba ch\u1ec9:<\/strong> Ph\u00f2ng 702, T\u1ea7ng 7, T\u00f2a nh\u00e0 Capital Building, 58 ph\u1ed1 Kim M\u00e3, Ph\u01b0\u1eddng Ba \u0110\u00ecnh, Th\u00e0nh ph\u1ed1 H\u00e0 N\u1ed9i<\/p>\n<p><strong>S\u1ed1 \u0111i\u1ec7n tho\u1ea1i:<\/strong> 024 6687 8996<\/td>\n<\/tr>\n<tr>\n<td><strong>C\u00f4ng ty C\u1ed5 ph\u1ea7n Ch\u1ee9ng kho\u00e1n Ph\u00fa H\u01b0ng<\/strong><\/td>\n<td><strong>\u0110\u1ecba ch\u1ec9:<\/strong> T\u1ea7ng 21, Ph\u00fa M\u1ef9 H\u01b0ng Tower, 08 Ho\u00e0ng V\u0103n Th\u00e1i, Ph\u01b0\u1eddng T\u00e2n M\u1ef9, Th\u00e0nh ph\u1ed1 H\u1ed3 Ch\u00ed Minh<\/p>\n<p><strong>S\u1ed1 \u0111i\u1ec7n tho\u1ea1i:<\/strong> 028 5413 5479<\/td>\n<\/tr>\n<tr>\n<td><strong>C\u00f4ng ty C\u1ed5 ph\u1ea7n Ch\u1ee9ng kho\u00e1n B\u1ea3o Vi\u1ec7t<\/strong><\/td>\n<td>\n<ul>\n<li><em><strong>H\u00e0 N\u1ed9i:<\/strong><\/em><\/li>\n<\/ul>\n<p><strong>\u0110\u1ecba ch\u1ec9: <\/strong>T\u00f2a nh\u00e0 s\u1ed1 8 L\u00ea Th\u00e1i T\u1ed5, Ph\u01b0\u1eddng Ho\u00e0n Ki\u1ebfm, Th\u00e0nh ph\u1ed1 H\u00e0 N\u1ed9i<\/p>\n<p><strong>S\u1ed1 \u0111i\u1ec7n tho\u1ea1i:<\/strong> 024 3928 8080<\/p>\n<ul>\n<li><em><strong>Th\u00e0nh ph\u1ed1 H\u1ed3 Ch\u00ed Minh:\u00a0<\/strong><\/em><\/li>\n<\/ul>\n<p><strong>\u0110\u1ecba ch\u1ec9:<\/strong> Ph\u00f2ng giao d\u1ecbch 233 \u0110\u1ed3ng Kh\u1edfi \u2013 Chi nh\u00e1nh Th\u00e0nh ph\u1ed1 H\u1ed3 Ch\u00ed Minh: L\u1ea7u 8, T\u00f2a nh\u00e0 T\u1eadp \u0111o\u00e0n B\u1ea3o Vi\u1ec7t, 233 \u0110\u1ed3ng Kh\u1edfi, Ph\u01b0\u1eddng S\u00e0i G\u00f2n, Th\u00e0nh ph\u1ed1 H\u1ed3 Ch\u00ed Minh<\/p>\n<p><strong>S\u1ed1 \u0111i\u1ec7n tho\u1ea1i:<\/strong> 028 3914 6888<\/td>\n<\/tr>\n<tr>\n<td style=\"text-align: left;\"><strong>C\u00f4ng ty C\u1ed5 ph\u1ea7n Ch\u1ee9ng kho\u00e1n OCBS<\/strong><\/td>\n<td>\n<ul>\n<li><em><strong>H\u00e0 N\u1ed9i:\u00a0<\/strong><\/em><\/li>\n<\/ul>\n<p><strong>\u0110\u1ecba ch\u1ec9:<\/strong> T\u1ea7ng 8, 265 C\u1ea7u Gi\u1ea5y, Ph\u01b0\u1eddng C\u1ea7u Gi\u1ea5y, Th\u00e0nh ph\u1ed1 H\u00e0 N\u1ed9i<\/p>\n<p><strong> S\u1ed1 \u0111i\u1ec7n tho\u1ea1i:<\/strong> 024 7108 8848<\/p>\n<ul>\n<li><em><strong>Th\u00e0nh ph\u1ed1 H\u1ed3 Ch\u00ed Minh:\u00a0<\/strong><\/em><\/li>\n<\/ul>\n<p><strong>\u0110\u1ecba ch\u1ec9:<\/strong> T\u1ea7ng 26, T\u00f2a nh\u00e0 The Hallmark, 15 \u0111\u01b0\u1eddng Tr\u1ea7n B\u1ea1ch \u0110\u1eb1ng, Ph\u01b0\u1eddng An Kh\u00e1nh, Th\u00e0nh ph\u1ed1 H\u1ed3 Ch\u00ed Minh<\/p>\n<p><strong>S\u1ed1 \u0111i\u1ec7n tho\u1ea1i:<\/strong> 028 7108 8848<\/td>\n<\/tr>\n<\/tbody>\n<\/table>\n<p>&nbsp;<\/p>\n<h3 class=\"sh-ttl h-color\"><strong>GIAO D\u1ecaCH TH\u1ee8 C\u1ea4P<\/strong><\/h3>\n<p>&nbsp;<br \/>\n<em><b><strong>\ud83d\udd38B\u01b0\u1edbc 1: <\/strong>M\u1edf t\u00e0i kho\u1ea3n ch\u1ee9ng kho\u00e1n<\/b><\/em><\/p>\n<p>Nh\u00e0 \u0111\u1ea7u t\u01b0 c\u1ea7n m\u1edf t\u00e0i kho\u1ea3n ch\u1ee9ng kho\u00e1n t\u1ea1i C\u00f4ng ty ch\u1ee9ng kho\u00e1n \u0111\u1ec3 c\u00f3 th\u1ec3 \u0111\u1eb7t l\u1ec7nh giao d\u1ecbch.<\/p>\n<p><b><em><strong>\ud83d\udd38B\u01b0\u1edbc 2: <\/strong>\u0110\u1eb7t l\u1ec7nh mua<\/em><\/b><\/p>\n<p>Nh\u00e0 \u0111\u1ea7u t\u01b0 \u0111\u1eb7t l\u1ec7nh mua m\u00e3 ch\u1ee9ng ch\u1ec9 qu\u1ef9 FUEPHVNS (ETF PHFM VNSHINE) qua t\u00e0i kho\u1ea3n ch\u1ee9ng kho\u00e1n c\u1ee7a m\u00ecnh.<\/p>\n<p>Ho\u1ea1t \u0111\u1ed9ng giao d\u1ecbch v\u00e0 thanh to\u00e1n giao d\u1ecbch th\u1ef1c hi\u1ec7n theo quy \u0111\u1ecbnh v\u1ec1 giao d\u1ecbch ch\u1ee9ng kho\u00e1n c\u1ee7a HSX v\u00e0 T\u1ed5ng c\u00f4ng ty L\u01b0u k\u00fd v\u00e0 B\u00f9 tr\u1eeb Ch\u1ee9ng kho\u00e1n Vi\u1ec7t Nam (VSD).<\/p>\n<p><b><em><strong>\ud83d\udd38B\u01b0\u1edbc 3: <\/strong>X\u00e1c nh\u1eadn giao d\u1ecbch<\/em><\/b><\/p>\n<p>K\u1ebft qu\u1ea3 giao d\u1ecbch s\u1ebd \u0111\u01b0\u1ee3c C\u00f4ng ty Ch\u1ee9ng kho\u00e1n th\u00f4ng b\u00e1o cho Nh\u00e0 \u0111\u1ea7u t\u01b0 ngay sau khi kh\u1edbp l\u1ec7nh.<\/p>\n<p>Th\u1eddi gian ti\u1ec1n v\u00e0 ch\u1ee9ng ch\u1ec9 qu\u1ef9 ghi nh\u1eadn v\u00e0o t\u00e0i kho\u1ea3n c\u1ee7a Nh\u00e0 \u0111\u1ea7u t\u01b0 \u0111\u01b0\u1ee3c \u00e1p d\u1ee5ng t\u01b0\u01a1ng t\u1ef1 nh\u01b0 \u0111\u1ed1i v\u1edbi ch\u1ee9ng kho\u00e1n ni\u00eam y\u1ebft th\u00f4ng th\u01b0\u1eddng, theo quy \u0111\u1ecbnh c\u1ee7a Trung t\u00e2m L\u01b0u k\u00fd Ch\u1ee9ng kho\u00e1n Vi\u1ec7t Nam.<b><\/b><\/p>\n<table class=\"table-style-detail-odd table-first-col-w30p row-height-60\">\n<tbody>\n<tr>\n<td><strong>NI\u00caM Y\u1ebeT CH\u1ee8NG CH\u1ec8 QU\u1ef8<\/strong><\/td>\n<td>S\u1edf Giao D\u1ecbch Ch\u1ee9ng Kho\u00e1n Th\u00e0nh ph\u1ed1 H\u1ed3 Ch\u00ed Minh<\/td>\n<\/tr>\n<tr>\n<td><strong>M\u00c3 GIAO D\u1ecaCH<\/strong><\/td>\n<td>FUEPHVNS<\/td>\n<\/tr>\n<tr>\n<td><strong>C\u00c1CH TH\u1ee8C GIAO D\u1ecaCH<\/strong><\/td>\n<td>Giao d\u1ecbch kh\u1edbp l\u1ec7nh li\u00ean t\u1ee5c<\/td>\n<\/tr>\n<tr>\n<td><strong>NG\u00c0Y GIAO D\u1ecaCH<\/strong><\/td>\n<td>H\u1eb1ng ng\u00e0y<\/td>\n<\/tr>\n<tr>\n<td><strong>GIAO D\u1ecaCH T\u1ed0I THI\u1ec2U<\/strong><\/td>\n<td>Theo quy \u0111\u1ecbnh c\u1ee7a HSX<\/td>\n<\/tr>\n<\/tbody>\n<\/table>\n<p>&nbsp;","protected":false},"excerpt":{"rendered":"<p>H\u01b0\u1edbng d\u1eabn \u0111\u1ea7u t\u01b0 Qu\u1ef9 ETF PHFM VNSHINE Nh\u00e0 \u0111\u1ea7u t\u01b0 c\u00f3 th\u1ec3 mua ch\u1ee9ng ch\u1ec9 qu\u1ef9 ETF b\u1eb1ng c\u00e1ch \u0111\u1eb7t l\u1ec7nh ho\u00e1n \u0111\u1ed5i ch\u1ee9ng kho\u00e1n l\u1ea5y ch\u1ee9ng ch\u1ec9 qu\u1ef9 ETF (giao d\u1ecbch s\u01a1 c\u1ea5p) t\u1ea1i c\u00e1c Th\u00e0nh vi\u00ean l\u1eadp qu\u1ef9 c\u1ee7a qu\u1ef9 ETF PHFM VNSHINE ho\u1eb7c mua th\u1ee9 c\u1ea5p tr\u00ean s\u00e0n giao d\u1ecbch ch\u1ee9ng&#8230;<\/p>\n","protected":false},"author":11,"featured_media":0,"parent":559,"menu_order":0,"comment_status":"closed","ping_status":"closed","template":"page-blank-sub-nav-vertical.php","meta":[],"_links":{"self":[{"href":"https:\/\/www.phfm.vn\/vi\/wp-json\/wp\/v2\/pages\/16180"}],"collection":[{"href":"https:\/\/www.phfm.vn\/vi\/wp-json\/wp\/v2\/pages"}],"about":[{"href":"https:\/\/www.phfm.vn\/vi\/wp-json\/wp\/v2\/types\/page"}],"author":[{"embeddable":true,"href":"https:\/\/www.phfm.vn\/vi\/wp-json\/wp\/v2\/users\/11"}],"replies":[{"embeddable":true,"href":"https:\/\/www.phfm.vn\/vi\/wp-json\/wp\/v2\/comments?post=16180"}],"version-history":[{"count":3,"href":"https:\/\/www.phfm.vn\/vi\/wp-json\/wp\/v2\/pages\/16180\/revisions"}],"predecessor-version":[{"id":16228,"href":"https:\/\/www.phfm.vn\/vi\/wp-json\/wp\/v2\/pages\/16180\/revisions\/16228"}],"up":[{"embeddable":true,"href":"https:\/\/www.phfm.vn\/vi\/wp-json\/wp\/v2\/pages\/559"}],"wp:attachment":[{"href":"https:\/\/www.phfm.vn\/vi\/wp-json\/wp\/v2\/media?parent=16180"}],"curies":[{"name":"wp","href":"https:\/\/api.w.org\/{rel}","templated":true}]}}