{"id":16175,"date":"2026-05-11T14:24:41","date_gmt":"2026-05-11T07:24:41","guid":{"rendered":"https:\/\/www.phfm.vn\/?page_id=16175"},"modified":"2026-05-11T16:28:59","modified_gmt":"2026-05-11T09:28:59","slug":"why-etf-ended-fund","status":"publish","type":"page","link":"https:\/\/www.phfm.vn\/vi\/education\/investment-basics\/why-etf-ended-fund\/","title":{"rendered":"Qu\u1ef9 ETF l\u00e0 g\u00ec"},"content":{"rendered":"&nbsp;<\/p>\n<h3 class=\"ov-title\"><strong>I. ETF L\u00c0 G\u00cc<\/strong><\/h3>\n<p>Qu\u1ef9 ETF (Exchange-Traded Fund) hay c\u00f2n g\u1ecdi l\u00e0 Qu\u1ef9 Ho\u00e1n \u0111\u1ed5i Danh m\u1ee5c l\u00e0 m\u1ed9t lo\u1ea1i qu\u1ef9 \u0111\u1ea7u t\u01b0 th\u1ee5 \u0111\u1ed9ng m\u00f4 ph\u1ecfng theo m\u1ed9t ch\u1ec9 s\u1ed1 ch\u1ee9ng kho\u00e1n, c\u00f3 th\u1ec3 mua v\u00e0 b\u00e1n tr\u00ean s\u00e0n giao d\u1ecbch ch\u1ee9ng kho\u00e1n gi\u1ed1ng nh\u01b0 m\u1ed9t c\u1ed5 phi\u1ebfu b\u00ecnh th\u01b0\u1eddng.<\/p>\n<p>Thay v\u00ec mua l\u1ea7n l\u01b0\u1ee3t t\u1eebng c\u1ed5 phi\u1ebfu ri\u00eang l\u1ebb, khi b\u1ea1n mua m\u1ed9t ch\u1ee9ng ch\u1ec9 qu\u1ef9 ETF, b\u1ea1n \u0111ang s\u1edf h\u1eefu m\u1ed9t ph\u1ea7n nh\u1ecf c\u1ee7a to\u00e0n b\u1ed9 danh m\u1ee5c &#8211; c\u00f3 th\u1ec3 bao g\u1ed3m h\u00e0ng ch\u1ee5c \u0111\u1ebfn h\u00e0ng tr\u0103m c\u1ed5 phi\u1ebfu c\u00f9ng l\u00fac. ETF cho ph\u00e9p nh\u00e0 \u0111\u1ea7u t\u01b0 \u0111a d\u1ea1ng h\u00f3a danh m\u1ee5c v\u1edbi chi ph\u00ed th\u1ea5p, t\u00ednh thanh kho\u1ea3n cao v\u00e0 d\u1ec5 d\u00e0ng mua b\u00e1n theo th\u1eddi gian th\u1ef1c.<\/p>\n<h3 class=\"ov-title\"><strong>II. C\u00c1C LO\u1ea0I QU\u1ef8 ETF PH\u1ed4 BI\u1ec2N<\/strong><\/h3>\n<p><strong>\u00a0 \u00a0 \ud83d\udd38ETF c\u1ed5 phi\u1ebfu<\/strong><\/p>\n<p>\u0110\u00e2y l\u00e0 lo\u1ea1i ph\u1ed5 bi\u1ebfn nh\u1ea5t. ETF c\u1ed5 phi\u1ebfu m\u00f4 ph\u1ecfng theo bi\u1ebfn \u0111\u1ed9ng c\u1ee7a c\u00e1c b\u1ed9 ch\u1ec9 s\u1ed1 c\u1ed5 phi\u1ebfu nh\u01b0 VN30, VN100 ho\u1eb7c S&amp;P 500.<\/p>\n<p><strong>\u00a0 \u00a0 \ud83d\udd38ETF tr\u00e1i phi\u1ebfu<\/strong><\/p>\n<p>Thay v\u00ec c\u1ed5 phi\u1ebfu, danh m\u1ee5c n\u1eafm gi\u1eef tr\u00e1i phi\u1ebfu ch\u00ednh ph\u1ee7 ho\u1eb7c doanh nghi\u1ec7p. Th\u01b0\u1eddng d\u00f9ng \u0111\u1ec3 c\u00e2n b\u1eb1ng danh m\u1ee5c, gi\u1ea3m r\u1ee7i ro khi th\u1ecb tr\u01b0\u1eddng c\u1ed5 phi\u1ebfu bi\u1ebfn \u0111\u1ed9ng m\u1ea1nh.<\/p>\n<p><strong>\u00a0 \u00a0 \ud83d\udd38ETF theo ng\u00e0nh<\/strong><\/p>\n<p>T\u1eadp trung v\u00e0o m\u1ed9t ng\u00e0nh ngh\u1ec1 c\u1ee5 th\u1ec3 &#8211; v\u00ed d\u1ee5 ng\u00e2n h\u00e0ng, y t\u1ebf, c\u00f4ng ngh\u1ec7 hay n\u0103ng l\u01b0\u1ee3ng. Ph\u00f9 h\u1ee3p khi b\u1ea1n mu\u1ed1n tham gia v\u00e0o nh\u1eefng ng\u00e0nh ngh\u1ec1 c\u00f3 ti\u1ec1m n\u0103ng t\u0103ng tr\u01b0\u1edfng nh\u01b0ng kh\u00f4ng mu\u1ed1n mua t\u1eebng c\u1ed5 phi\u1ebfu ri\u00eang l\u1ebb trong ng\u00e0nh \u0111\u00f3.<\/p>\n<h3 class=\"ov-title\"><strong>III. C\u00c1CH MUA\/B\u00c1N ETF<\/strong><\/h3>\n<p><img decoding=\"async\" loading=\"lazy\" class=\"size-full wp-image-16212 aligncenter\" src=\"https:\/\/www.phfm.vn\/wp-content\/uploads\/VN_Cach-mua-ban-ETF.png\" alt=\"\" width=\"1280\" height=\"521\" srcset=\"https:\/\/www.phfm.vn\/wp-content\/uploads\/VN_Cach-mua-ban-ETF.png 1280w, https:\/\/www.phfm.vn\/wp-content\/uploads\/VN_Cach-mua-ban-ETF-768x313.png 768w\" sizes=\"(max-width: 1280px) 100vw, 1280px\" \/><\/p>\n<h1 style=\"text-align: left; font-size: 15px;\"><strong>\u00a0 \u00a0 \ud83d\udd38B\u01b0\u1edbc 1: M\u1edf t\u00e0i kho\u1ea3n ch\u1ee9ng kho\u00e1n<\/strong><\/h1>\n<p>N\u1ebfu b\u1ea1n ch\u01b0a c\u00f3 t\u00e0i kho\u1ea3n ch\u1ee9ng kho\u00e1n, \u0111\u00e2y l\u00e0 b\u01b0\u1edbc \u0111\u1ea7u ti\u00ean. \u0110\u1ec3 mua b\u00e1n qu\u1ef9 ETF ni\u00eam y\u1ebft tr\u00ean S\u1edf Giao d\u1ecbch Ch\u1ee9ng kho\u00e1n TP.HCM (HSX) ho\u1eb7c H\u00e0 N\u1ed9i (HNX), b\u1ea1n c\u1ea7n m\u1edf t\u00e0i kho\u1ea3n t\u1ea1i m\u1ed9t c\u00f4ng ty ch\u1ee9ng kho\u00e1n th\u00e0nh vi\u00ean.<\/p>\n<h1 style=\"text-align: left; font-size: 15px;\"><strong>\u00a0 \u00a0 \ud83d\udd38B\u01b0\u1edbc 2 &#8211; N\u1ea1p ti\u1ec1n v\u00e0o t\u00e0i kho\u1ea3n<\/strong><\/h1>\n<p>Sau khi t\u00e0i kho\u1ea3n \u0111\u01b0\u1ee3c k\u00edch ho\u1ea1t, b\u1ea1n c\u1ea7n chuy\u1ec3n ti\u1ec1n t\u1eeb t\u00e0i kho\u1ea3n ng\u00e2n h\u00e0ng v\u00e0o t\u00e0i kho\u1ea3n ch\u1ee9ng kho\u00e1n tr\u01b0\u1edbc khi c\u00f3 th\u1ec3 \u0111\u1eb7t l\u1ec7nh mua.<\/p>\n<h1 style=\"text-align: left; font-size: 15px;\"><strong>\u00a0 \u00a0 \ud83d\udd38B\u01b0\u1edbc 3 &#8211; T\u00ecm m\u00e3 ETF mu\u1ed1n mua<\/strong><\/h1>\n<p>M\u1ed7i ETF c\u00f3 m\u1ed9t m\u00e3 giao d\u1ecbch ri\u00eang tr\u00ean s\u00e0n gi\u1ed1ng nh\u01b0 m\u00e3 c\u1ed5 phi\u1ebfu. B\u1ea1n c\u00f3 th\u1ec3 t\u00ecm m\u00e3 ETF tr\u00ean website\/\u1ee9ng d\u1ee5ng giao d\u1ecbch c\u1ee7a c\u00f4ng ty ch\u1ee9ng kho\u00e1n b\u1eb1ng c\u00e1ch g\u00f5 t\u00ean qu\u1ef9 ho\u1eb7c m\u00e3 ETF v\u00e0o \u00f4 t\u00ecm ki\u1ebfm.<\/p>\n<h1 style=\"text-align: left; font-size: 15px;\"><strong>\u00a0 \u00a0 \ud83d\udd38B\u01b0\u1edbc 4 &#8211; \u0110\u1eb7t l\u1ec7nh mua<\/strong><\/h1>\n<p>Quy tr\u00ecnh mua ch\u1ee9ng ch\u1ec9 qu\u1ef9 ETF gi\u1ed1ng nh\u01b0 \u0111\u1eb7t l\u1ec7nh mua c\u1ed5 phi\u1ebfu. Tr\u00ean \u1ee9ng d\u1ee5ng giao d\u1ecbch, ch\u1ecdn m\u00e3 ETF, nh\u1eadp gi\u00e1 \u0111\u1eb7t mua v\u00e0 kh\u1ed1i l\u01b0\u1ee3ng ch\u1ee9ng qu\u1ef9 b\u1ea1n mu\u1ed1n mua sau \u0111\u00f3 ho\u00e0n th\u00e0nh thanh to\u00e1n v\u00e0 x\u00e1c nh\u1eadn giao d\u1ecbch.<\/p>\n<h1 style=\"text-align: left; font-size: 15px;\"><strong>\u00a0 \u00a0 \ud83d\udd38B\u01b0\u1edbc 5 &#8211; Theo d\u00f5i danh m\u1ee5c v\u00e0 b\u00e1n ETF khi c\u1ea7n<\/strong><\/h1>\n<p>Sau khi mua ETF, b\u1ea1n kh\u00f4ng c\u1ea7n ph\u1ea3i theo d\u00f5i bi\u1ebfn \u0111\u1ed9ng c\u1ee7a ch\u00fang h\u00e0ng ng\u00e0y. Thay v\u00e0o \u0111\u00f3, nh\u00e0 \u0111\u1ea7u t\u01b0 n\u00ean ki\u1ec3m tra \u0111\u1ecbnh k\u1ef3 \u0111\u1ec3 xem li\u1ec7u qu\u1ef9 c\u00f3 c\u00f2n ph\u00f9 h\u1ee3p v\u1edbi m\u1ee5c ti\u00eau, ph\u00e2n b\u1ed5 t\u00e0i s\u1ea3n v\u00e0 m\u1ee9c ch\u1ecbu r\u1ee7i ro c\u1ee7a b\u1ea1n hay kh\u00f4ng. Qu\u1ef9 ETF ph\u00f9 h\u1ee3p v\u1edbi nh\u1eefng nh\u00e0 \u0111\u1ea7u t\u01b0 x\u00e1c \u0111\u1ecbnh c\u00f3 th\u1ec3 \u0111\u1ea7u t\u01b0 d\u00e0i h\u1ea1n \u0111\u1ec3 gi\u1ea3m thi\u1ec3u nh\u1eefng r\u1ee7i ro x\u1ea3y ra trong ng\u1eafn h\u1ea1n.<br \/>\nKhi b\u1ea1n mu\u1ed1n r\u00fat v\u1ed1n ho\u1eb7c t\u00e1i c\u01a1 c\u1ea5u danh m\u1ee5c, quy tr\u00ecnh b\u00e1n ho\u00e0n to\u00e0n gi\u1ed1ng mua &#8211; ch\u1ec9 c\u1ea7n \u0111\u1eb7t l\u1ec7nh b\u00e1n tr\u00ean \u1ee9ng d\u1ee5ng giao d\u1ecbch.<\/p>\n<h3 class=\"ov-title\"><strong>IV. C\u00c1C LO\u1ea0I PH\u00cd KHI MUA ETF\u00a0<\/strong><\/h3>\n<p>M\u1ed9t trong nh\u1eefng l\u00fd do ETF h\u1ea5p d\u1eabn l\u00e0 chi ph\u00ed th\u1ea5p. Tuy nhi\u00ean th\u1ea5p kh\u00f4ng c\u00f3 ngh\u0129a l\u00e0 mi\u1ec5n ph\u00ed &#8211; b\u1ea1n c\u1ea7n hi\u1ec3u r\u00f5 c\u00e1c lo\u1ea1i ph\u00ed \u0111\u1ec3 kh\u00f4ng b\u1ecb b\u1ea5t ng\u1edd.<\/p>\n<p><strong>\u00a0 \u00a0 \ud83d\udd38Ph\u00ed qu\u1ea3n l\u00fd<\/strong>: Ph\u00ed h\u00e0ng n\u0103m m\u00e0 c\u00f4ng ty qu\u1ea3n l\u00fd qu\u1ef9 thu \u0111\u1ec3 v\u1eadn h\u00e0nh qu\u1ef9. Ph\u00ed qu\u1ea3n l\u00fd cho ETF t\u1ea1i Vi\u1ec7t Nam th\u01b0\u1eddng kho\u1ea3ng 0.5-0.8% m\u1ed9t n\u0103m.<\/p>\n<p><strong>\u00a0 \u00a0 \ud83d\udd38Ph\u00ed giao d\u1ecbch<\/strong>: \u0110\u00e2y l\u00e0 chi ph\u00ed b\u1ea1n tr\u1ea3 cho c\u00f4ng ty ch\u1ee9ng kho\u00e1n m\u1ed7i l\u1ea7n mua ho\u1eb7c b\u00e1n ETF, gi\u1ed1ng nh\u01b0 khi b\u1ea1n mua c\u1ed5 phi\u1ebfu.<\/p>\n<p>&nbsp;<\/p>\n<h3 class=\"ov-title\"><strong>V. R\u1ee6I RO C\u1ee6A ETF\u00a0<\/strong><\/h3>\n<p>ETF \u0111\u01b0\u1ee3c thi\u1ebft k\u1ebf \u0111\u1ec3 gi\u1ea3m thi\u1ec3u r\u1ee7i ro so v\u1edbi \u0111\u1ea7u t\u01b0 c\u1ed5 phi\u1ebfu \u0111\u01a1n l\u1ebb nh\u01b0ng gi\u00e1 ETF v\u1eabn b\u1ecb t\u00e1c \u0111\u1ed9ng b\u1edfi bi\u1ebfn \u0111\u1ed9ng th\u1ecb tr\u01b0\u1eddng, v\u00ec th\u1ebf kh\u00f4ng lo\u1ea1i b\u1ecf \u0111\u01b0\u1ee3c ho\u00e0n to\u00e0n r\u1ee7i ro.<\/p>\n<div class=\"row inves-box\"  id=\"row-1900314658\">\n<style scope=\"scope\">\n\n<\/style>\n<\/div>\n<div class=\"col medium-12 small-12 large-12\"  ><div class=\"col-inner\"  >\n<div class=\"inves-item\">\n<h4><strong>\ud83d\udd38R\u1ee7i ro th\u1ecb tr\u01b0\u1eddng<\/strong><\/h4>\n<ul>\n<li style=\"text-align: justify;\">Khi th\u1ecb tr\u01b0\u1eddng ch\u1ee9ng kho\u00e1n n\u00f3i chung \u0111i xu\u1ed1ng, ETF c\u0169ng gi\u1ea3m theo d\u00f9 ETF gi\u1ea3m \u00edt h\u01a1n c\u1ed5 phi\u1ebfu \u0111\u01a1n l\u1ebb do \u0111\u00e3 ph\u00e2n t\u00e1n. \u0110\u00e2y l\u00e0 r\u1ee7i ro kh\u00f4ng th\u1ec3 tr\u00e1nh ho\u00e0n to\u00e0n v\u1edbi b\u1ea5t k\u1ef3 kho\u1ea3n \u0111\u1ea7u t\u01b0 n\u00e0o.<\/li>\n<\/ul>\n<\/div>\n<\/div><\/div>\n<div class=\"col medium-12 small-12 large-12\"  ><div class=\"col-inner\"  >\n<div class=\"inves-item\">\n<h4><strong>\ud83d\udd38R\u1ee7i ro ch\u00eanh l\u1ec7ch gi\u00e1<\/strong><\/h4>\n<ul>\n<li style=\"text-align: justify;\">S\u1ef1 kh\u00e1c bi\u1ec7t gi\u1eefa hi\u1ec7u su\u1ea5t th\u1ef1c c\u1ee7a ETF v\u00e0 ch\u1ec9 s\u1ed1 tham chi\u1ebfu c\u1ee7a n\u00f3. Nguy\u00ean nh\u00e2n g\u00e2y ra r\u1ee7i ro n\u00e0y n\u1eb1m \u1edf chi ph\u00ed giao d\u1ecbch, ph\u00ed qu\u1ea3n l\u00fd ho\u1eb7c danh m\u1ee5c kh\u00f4ng ho\u00e0n to\u00e0n kh\u1edbp v\u1edbi ch\u1ec9 s\u1ed1. ETF ch\u1ea5t l\u01b0\u1ee3ng t\u1ed1t c\u00f3 sai s\u1ed1 theo d\u00f5i th\u1ea5p.<\/li>\n<\/ul>\n<\/div>\n<\/div><\/div>\n<div class=\"col medium-12 small-12 large-12\"  ><div class=\"col-inner\"  >\n<div class=\"inves-item\">\n<h4><strong>\ud83d\udd38R\u1ee7i ro thanh kho\u1ea3n<\/strong><\/h4>\n<ul>\n<li style=\"text-align: justify;\">M\u1ed9t s\u1ed1 ETF \u00edt \u0111\u01b0\u1ee3c giao d\u1ecbch d\u1eabn \u0111\u1ebfn kh\u00f3 mua ho\u1eb7c b\u00e1n \u0111\u00fang gi\u00e1 mong mu\u1ed1n. Ch\u1ecdn ETF c\u00f3 kh\u1ed1i l\u01b0\u1ee3ng giao d\u1ecbch l\u1edbn s\u1ebd gi\u1ea3m thi\u1ec3u r\u1ee7i ro n\u00e0y \u0111\u00e1ng k\u1ec3.<\/li>\n<\/ul>\n<\/div>\n<\/div><\/div>\n<div class=\"col medium-12 small-12 large-12\"  ><div class=\"col-inner\"  >\n<div class=\"inves-item\">\n<h4><strong>\ud83d\udd38R\u1ee7i ro \u0111\u00f3ng qu\u1ef9<\/strong><\/h4>\n<ul>\n<li style=\"text-align: justify;\">Trong m\u1ed9t s\u1ed1 tr\u01b0\u1eddng h\u1ee3p hi\u1ebfm g\u1eb7p, qu\u1ef9 ETF c\u00f3 th\u1ec3 b\u1ecb \u0111\u00f3ng n\u1ebfu quy m\u00f4 t\u00e0i s\u1ea3n qu\u00e1 nh\u1ecf. N\u1ebfu b\u1ea1n gi\u1eef c\u1ed5 phi\u1ebfu cho \u0111\u1ebfn khi qu\u1ef9 ETF \u0111\u00f3ng, b\u1ea1n c\u00f3 th\u1ec3 nh\u1eadn \u0111\u01b0\u1ee3c kho\u1ea3n thanh to\u00e1n b\u1eb1ng ti\u1ec1n x\u1ea5p x\u1ec9 v\u1edbi gi\u00e1 tr\u1ecb t\u00e0i s\u1ea3n r\u00f2ng (NAV) m\u1eb7t sau khi c\u00e1c t\u00e0i s\u1ea3n c\u00f2n l\u1ea1i \u0111\u01b0\u1ee3c thanh kho\u1ea3n.<\/li>\n<\/ul>\n<\/div>\n<\/div><\/div>\n<h3 class=\"ov-title\"><strong>VI. V\u00cc SAO GI\u00c1 TH\u1eca TR\u01af\u1edcNG ETF KH\u00c1C V\u1edaI GI\u00c1 NAV?<\/strong><\/h3>\n<p>\u0110\u00e2y l\u00e0 c\u00e2u h\u1ecfi nhi\u1ec1u nh\u00e0 \u0111\u1ea7u t\u01b0 m\u1edbi g\u1eb7p ph\u1ea3i. C\u00e2u tr\u1ea3 l\u1eddi n\u1eb1m \u1edf c\u00e1ch ETF \u0111\u01b0\u1ee3c giao d\u1ecbch.<\/p>\n<p><strong>\u00a0 \u00a0 \ud83d\udd38NAV l\u00e0 g\u00ec?<\/strong><\/p>\n<p>NAV (Net Asset Value &#8211; Gi\u00e1 tr\u1ecb t\u00e0i s\u1ea3n r\u00f2ng) l\u00e0 gi\u00e1 tr\u1ecb th\u1ef1c c\u1ee7a m\u1ed9t ch\u1ee9ng ch\u1ec9 ETF, \u0111\u01b0\u1ee3c t\u00ednh b\u1eb1ng c\u00e1ch l\u1ea5y t\u1ed5ng gi\u00e1 tr\u1ecb t\u1ea5t c\u1ea3 c\u00e1c c\u1ed5 phi\u1ebfu trong danh m\u1ee5c chia cho s\u1ed1 ch\u1ee9ng ch\u1ec9 \u0111ang l\u01b0u h\u00e0nh. NAV \u0111\u01b0\u1ee3c c\u00f4ng b\u1ed1 v\u00e0o cu\u1ed1i m\u1ed7i ng\u00e0y giao d\u1ecbch.<\/p>\n<p><strong>\u00a0 \u00a0 \ud83d\udd38T\u1ea1i sao gi\u00e1 th\u1ecb tr\u01b0\u1eddng kh\u00e1c v\u1edbi gi\u00e1 NAV?<\/strong><\/p>\n<p>Trong th\u1eddi gian giao d\u1ecbch ch\u1ee9ng kho\u00e1n, gi\u00e1 ETF tr\u00ean s\u00e0n bi\u1ebfn \u0111\u1ed9ng li\u00ean t\u1ee5c theo cung c\u1ea7u gi\u1ed1ng h\u1ec7t c\u1ed5 phi\u1ebfu. \u0110i\u1ec1u n\u00e0y c\u00f3 th\u1ec3 t\u1ea1o ra ch\u00eanh l\u1ec7ch so v\u1edbi NAV:<\/p>\n<p><img decoding=\"async\" loading=\"lazy\" class=\"size-full wp-image-16224 aligncenter\" src=\"https:\/\/www.phfm.vn\/wp-content\/uploads\/VN_So-sanh-ETF-va-NAV-1.png\" alt=\"\" width=\"1218\" height=\"489\" srcset=\"https:\/\/www.phfm.vn\/wp-content\/uploads\/VN_So-sanh-ETF-va-NAV-1.png 1218w, https:\/\/www.phfm.vn\/wp-content\/uploads\/VN_So-sanh-ETF-va-NAV-1-768x308.png 768w\" sizes=\"(max-width: 1218px) 100vw, 1218px\" \/><\/p>\n<p><strong>L\u01b0u \u00fd: <\/strong>Tr\u01b0\u1edbc khi \u0111\u1eb7t l\u1ec7nh mua ETF, h\u00e3y ki\u1ec3m tra iNAV v\u00e0 so s\u00e1nh v\u1edbi gi\u00e1 th\u1ecb tr\u01b0\u1eddng hi\u1ec7n t\u1ea1i. N\u1ebfu gi\u00e1 th\u1ecb tr\u01b0\u1eddng \u0111ang cao h\u01a1n iNAV \u0111\u00e1ng k\u1ec3 th\u00ec h\u00e3y c\u00e2n nh\u1eafc ch\u1edd gi\u00e1 \u0111i\u1ec1u ch\u1ec9nh v\u1ec1 g\u1ea7n NAV (Gi\u00e1 tr\u1ecb t\u00e0i s\u1ea3n r\u00f2ng) h\u01a1n.<\/p>\n<h3 class=\"ov-title\"><strong>VII. \u0110I\u1ec2M KH\u00c1C BI\u1ec6T GI\u1eeeA SMART-BETA ETF V\u00c0 ETF TRUY\u1ec0N TH\u1ed0NG<\/strong><\/h3>\n<p>N\u1ebfu b\u1ea1n \u0111\u00e3 hi\u1ec3u qu\u1ef9 ETF l\u00e0 g\u00ec th\u00ec h\u00e3y xem Smart Beta ETF l\u00e0 th\u1ebf h\u1ec7 ti\u1ebfp theo c\u1ee7a d\u00f2ng s\u1ea3n ph\u1ea9m n\u00e0y. Trong khi c\u00e1c qu\u1ef9 ETF truy\u1ec1n th\u1ed1ng th\u01b0\u1eddng ph\u00e2n b\u1ed1 t\u1ef7 tr\u1ecdng d\u1ef1a c\u00e1c ch\u1ec9 s\u1ed1 theo tr\u1ecdng s\u1ed1 v\u1ed1n h\u00f3a truy\u1ec1n th\u1ed1ng &#8211; \u0111i\u1ec1u n\u00e0y v\u00f4 t\u00ecnh t\u1ea1o ra \u201cb\u1eaby mua gi\u00e1 cao\u201d &#8211; th\u00ec Smart Beta ETF l\u1ea1i \u00e1p d\u1ee5ng m\u1ed9t ph\u01b0\u01a1ng ph\u00e1p chi\u1ebfn l\u01b0\u1ee3c h\u01a1n. Thay v\u00ec ch\u1ec9 nh\u00ecn v\u00e0o quy m\u00f4, qu\u1ef9 Smart Beta ETF th\u1ef1c hi\u1ec7n s\u00e0ng l\u1ecdc v\u00e0 l\u1ef1a ch\u1ecdn doanh nghi\u1ec7p d\u1ef1a tr\u00ean c\u00e1c ti\u00eau ch\u00ed t\u00e0i ch\u00ednh c\u1ee5 th\u1ec3 nh\u01b0 c\u1ed5 t\u1ee9c ti\u1ec1n m\u1eb7t, ch\u1ea5t l\u01b0\u1ee3ng d\u00f2ng ti\u1ec1n, m\u1ee9c \u0111\u1ed9 n\u1ee3 ho\u1eb7c \u0111\u00e0 t\u0103ng tr\u01b0\u1edfng.<\/p>\n<p><strong>\u00a0 \u00a0 M\u1ed9t s\u1ed1 Smart-Beta ph\u1ed5 bi\u1ebfn:<\/strong><\/p>\n<p>Smart Beta ETFs th\u01b0\u1eddng x\u00e2y d\u1ef1ng danh m\u1ee5c d\u1ef1a tr\u00ean m\u1ed9t ho\u1eb7c nhi\u1ec1u y\u1ebfu t\u1ed1 \u0111\u00e3 \u0111\u01b0\u1ee3c nghi\u00ean c\u1ee9u v\u00e0 ki\u1ec3m ch\u1ee9ng:<\/p>\n<p><strong>\ud83d\udd38Gi\u00e1 tr\u1ecb:<\/strong> Ch\u1ecdn c\u1ed5 phi\u1ebfu b\u1ecb \u0111\u1ecbnh gi\u00e1 th\u1ea5p h\u01a1n gi\u00e1 tr\u1ecb n\u1ed9i t\u1ea1i.<\/p>\n<p><strong>\ud83d\udd38Ch\u1ea5t l\u01b0\u1ee3ng:<\/strong> Ch\u1ecdn doanh nghi\u1ec7p c\u00f3 l\u1ee3i nhu\u1eadn b\u1ec1n v\u1eefng, n\u1ee3 th\u1ea5p v\u00e0 d\u00f2ng ti\u1ec1n m\u1ea1nh.<\/p>\n<p><strong>\ud83d\udd38T\u1ef7 su\u1ea5t c\u1ed5 t\u1ee9c:<\/strong> Ch\u1ecdn doanh nghi\u1ec7p tr\u1ea3 c\u1ed5 t\u1ee9c ti\u1ec1n m\u1eb7t cao v\u00e0 \u1ed5n \u0111\u1ecbnh.<\/p>\n<p><strong>\ud83d\udd38Bi\u1ebfn \u0111\u1ed9ng th\u1ea5p:<\/strong> Ch\u1ecdn c\u1ed5 phi\u1ebfu \u00edt bi\u1ebfn \u0111\u1ed9ng h\u01a1n th\u1ecb tr\u01b0\u1eddng chung.T\u1ef7 su\u1ea5t l\u1ee3i nhu\u1eadn c\u1ed5 \u0111\u00f4ng: K\u1ebft h\u1ee3p t\u1ed1i \u01b0u h\u00f3a c\u1ed5 t\u1ee9c ti\u1ec1n m\u1eb7t, ki\u1ec3m so\u00e1t pha lo\u00e3ng v\u00e0 gi\u1ea3m n\u1ee3. \u0110\u00e2y l\u00e0 chi\u1ebfn l\u01b0\u1ee3c c\u1ed1t l\u00f5i c\u1ee7a PHFM VNSHINE ETF.<\/p>\n<p><img decoding=\"async\" loading=\"lazy\" class=\"size-full wp-image-16223 aligncenter\" src=\"https:\/\/www.phfm.vn\/wp-content\/uploads\/VN_NHAN-DINH-1.png\" alt=\"\" width=\"1240\" height=\"482\" srcset=\"https:\/\/www.phfm.vn\/wp-content\/uploads\/VN_NHAN-DINH-1.png 1240w, https:\/\/www.phfm.vn\/wp-content\/uploads\/VN_NHAN-DINH-1-768x299.png 768w\" sizes=\"(max-width: 1240px) 100vw, 1240px\" \/><\/p>\n<p class=\"thin-font\" style=\"text-align: justify font-weight: 600;\"><strong>Vui l\u00f2ng <a href=\"https:\/\/phfm.vn\/contact-us\"><span style=\"color: #cb9a24;\">LI\u00caN H\u1ec6<\/span><\/a> ch\u00fang t\u00f4i\u00a0\u0111\u1ec3 bi\u1ebft th\u00eam th\u00f4ng tin chi ti\u1ebft<\/strong><\/p>","protected":false},"excerpt":{"rendered":"<p>&nbsp; I. ETF L\u00c0 G\u00cc Qu\u1ef9 ETF (Exchange-Traded Fund) hay c\u00f2n g\u1ecdi l\u00e0 Qu\u1ef9 Ho\u00e1n \u0111\u1ed5i Danh m\u1ee5c l\u00e0 m\u1ed9t lo\u1ea1i qu\u1ef9 \u0111\u1ea7u t\u01b0 th\u1ee5 \u0111\u1ed9ng m\u00f4 ph\u1ecfng theo m\u1ed9t ch\u1ec9 s\u1ed1 ch\u1ee9ng kho\u00e1n, c\u00f3 th\u1ec3 mua v\u00e0 b\u00e1n tr\u00ean s\u00e0n giao d\u1ecbch ch\u1ee9ng kho\u00e1n gi\u1ed1ng nh\u01b0 m\u1ed9t c\u1ed5 phi\u1ebfu b\u00ecnh th\u01b0\u1eddng. Thay v\u00ec mua&#8230;<\/p>\n","protected":false},"author":11,"featured_media":0,"parent":551,"menu_order":0,"comment_status":"closed","ping_status":"closed","template":"page-blank-sub-nav-vertical.php","meta":[],"_links":{"self":[{"href":"https:\/\/www.phfm.vn\/vi\/wp-json\/wp\/v2\/pages\/16175"}],"collection":[{"href":"https:\/\/www.phfm.vn\/vi\/wp-json\/wp\/v2\/pages"}],"about":[{"href":"https:\/\/www.phfm.vn\/vi\/wp-json\/wp\/v2\/types\/page"}],"author":[{"embeddable":true,"href":"https:\/\/www.phfm.vn\/vi\/wp-json\/wp\/v2\/users\/11"}],"replies":[{"embeddable":true,"href":"https:\/\/www.phfm.vn\/vi\/wp-json\/wp\/v2\/comments?post=16175"}],"version-history":[{"count":3,"href":"https:\/\/www.phfm.vn\/vi\/wp-json\/wp\/v2\/pages\/16175\/revisions"}],"predecessor-version":[{"id":16226,"href":"https:\/\/www.phfm.vn\/vi\/wp-json\/wp\/v2\/pages\/16175\/revisions\/16226"}],"up":[{"embeddable":true,"href":"https:\/\/www.phfm.vn\/vi\/wp-json\/wp\/v2\/pages\/551"}],"wp:attachment":[{"href":"https:\/\/www.phfm.vn\/vi\/wp-json\/wp\/v2\/media?parent=16175"}],"curies":[{"name":"wp","href":"https:\/\/api.w.org\/{rel}","templated":true}]}}