{"id":16126,"date":"2026-05-11T10:26:53","date_gmt":"2026-05-11T03:26:53","guid":{"rendered":"https:\/\/www.phfm.vn\/?page_id=16126"},"modified":"2026-05-11T14:37:17","modified_gmt":"2026-05-11T07:37:17","slug":"overview-vnshine","status":"publish","type":"page","link":"https:\/\/www.phfm.vn\/vi\/product-service\/overview-vnshine\/","title":{"rendered":"T\u1ed5ng Quan ETF PHFM VNSHINE"},"content":{"rendered":"<div class=\"row\"  id=\"row-2069012557\">\n<div class=\"col medium-5 small-12 large-5\"  ><div class=\"col-inner\"  >\n<p>Qu\u1ef9 ETF PHFM VNSHINE\u00a0 l\u00e0 qu\u1ef9 ho\u00e1n \u0111\u1ed5i danh m\u1ee5c m\u00f4 ph\u1ecfng ch\u1ec9 s\u1ed1 tham chi\u1ebfu VNSHINE Index. Danh m\u1ee5c bao g\u1ed3m t\u1eeb 15 \u0111\u1ebfn 30 c\u1ed5 phi\u1ebfu, \u0111\u01b0\u1ee3c s\u00e0ng l\u1ecdc kh\u1eaft khe d\u1ef1a tr\u00ean b\u1ed9 quy t\u1eafc &#8220;Vietnam Shareholder Interest Enhanced Index&#8221; do S\u1edf Giao d\u1ecbch Ch\u1ee9ng kho\u00e1n TP.HCM (HSX) ban h\u00e0nh.<\/p>\n<p>PHFM l\u00e0 m\u1ed9t trong nh\u1eefng \u0111\u01a1n v\u1ecb ti\u00ean phong t\u1ea1i Vi\u1ec7t Nam \u00e1p d\u1ee5ng chi\u1ebfn l\u01b0\u1ee3c Smart Beta, t\u1eadp trung t\u1ed1i \u01b0u h\u00f3a T\u1ef7 su\u1ea5t l\u1ee3i su\u1ea5t c\u1ed5 \u0111\u00f4ng (Shareholder Yield). B\u1eb1ng c\u00e1ch k\u1ebft h\u1ee3p s\u00e0ng l\u1ecdc \u0111\u1ecbnh l\u01b0\u1ee3ng v\u00e0 ph\u00e2n t\u00edch c\u01a1 b\u1ea3n, ch\u00fang t\u00f4i x\u00e2y d\u1ef1ng m\u1ed9t danh m\u1ee5c c\u00f3 n\u1ec1n t\u1ea3ng t\u00e0i ch\u00ednh v\u1eefng m\u1ea1nh v\u1edbi kh\u1ea3 n\u0103ng ph\u00f2ng v\u1ec7 v\u01b0\u1ee3t tr\u1ed9i, h\u01b0\u1edbng t\u1edbi m\u1ee5c ti\u00eau \u0111\u1ea7u t\u01b0 b\u1ec1n v\u1eefng cho kh\u00e1ch h\u00e0ng.<\/p>\n<\/div><\/div>\n<div class=\"col fund_overview medium-7 small-12 large-7\"  ><div class=\"col-inner\"  >\n<h3 class=\"ov-title\"><b>TH\u00d4NG TIN CHUNG<\/b><\/h3>\n<table class=\"table-style-detail-odd table-no-border table-v-middle table-p-5 table-first-col-w30p mt-10\" style=\"height: 234px;\" width=\"565\">\n<tbody>\n<tr>\n<td>\u00a0 \u0110\u01a1n v\u1ecb qu\u1ea3n l\u00fd<\/td>\n<td>\u00a0 PHFM<\/td>\n<\/tr>\n<tr>\n<td>\u00a0 Lo\u1ea1i t\u00e0i s\u1ea3n<\/td>\n<td>\u00a0 Ch\u1ee9ng kho\u00e1n<\/td>\n<\/tr>\n<tr>\n<td>\u00a0 M\u00e3 giao d\u1ecbch<\/td>\n<td>\u00a0 FUEPHVNS<\/td>\n<\/tr>\n<tr>\n<td>\u00a0 S\u00e0n giao d\u1ecbch<\/td>\n<td>\u00a0 HSX<\/td>\n<\/tr>\n<tr>\n<td>\u00a0 Lo\u1ea1i qu\u1ef9<\/td>\n<td>\u00a0 Qu\u1ef9 ho\u00e1n \u0111\u1ed5i danh m\u1ee5c (ETF)<\/td>\n<\/tr>\n<tr>\n<td>\u00a0 Ph\u00ed qu\u1ea3n l\u00fd<\/td>\n<td>\u00a0 0,75% NAV\/n\u0103m<\/td>\n<\/tr>\n<tr>\n<td>\u00a0 Benchmark<\/td>\n<td>\u00a0 VNSHINE<\/td>\n<\/tr>\n<tr>\n<td>\u00a0 L\u00f4 ch\u1ee9ng ch\u1ec9 qu\u1ef9 (CCQ\/L\u00f4)<\/td>\n<td>\u00a0 100.000<\/td>\n<\/tr>\n<tr>\n<td>\u00a0 T\u1ea7n su\u1ea5t giao d\u1ecbch<\/td>\n<td>\u00a0 H\u1eb1ng ng\u00e0y<\/td>\n<\/tr>\n<\/tbody>\n<\/table>\n<\/div><\/div>\n<div class=\"col small-12 large-12\"  ><div class=\"col-inner\"  >\n<a href=\"http:\/\/demo.phfm.vn\/vi\/education\/how-to-invest\/etf-fund\/\" target=\"_self\" class=\"button primary is-outline arrow is-medium\"  >\n    <span>H\u01b0\u1edbng d\u1eabn \u0111\u1ea7u t\u01b0<\/span>\n  <\/a>\n\n<\/div><\/div>\n<\/div>\n<div class=\"row\"  id=\"row-523336047\">\n<div class=\"col medium-12 small-12 large-12\"  ><div class=\"col-inner\"  >\n<h3 class=\"sh-ttl h-color\"><strong>CHI\u1ebeN L\u01af\u1ee2C \u0110\u1ea6U T\u01af &#8220;T\u1ef6 SU\u1ea4T L\u1ee2I NHU\u1eacN C\u1ed4 \u0110\u00d4NG (SHAREHOLDER YIELD)&#8221;<\/strong><\/h3>\n<p>M\u1ed9t doanh nghi\u1ec7p th\u1ef1c s\u1ef1 ch\u1ea5t l\u01b0\u1ee3ng kh\u00f4ng ch\u1ec9 n\u1eb1m \u1edf kh\u1ea3 n\u0103ng t\u1ea1o ra l\u1ee3i nhu\u1eadn, m\u00e0 c\u00f2n \u1edf n\u0103ng l\u1ef1c chuy\u1ec3n h\u00f3a l\u1ee3i nhu\u1eadn \u0111\u00f3 th\u00e0nh gi\u00e1 tr\u1ecb th\u1ef1c cho c\u1ed5 \u0111\u00f4ng. Chi\u1ebfn l\u01b0\u1ee3c Smart Beta t\u1eadp trung v\u00e0o 3 tr\u1ee5 c\u1ed9t ph\u00f2ng th\u1ee7 v\u00e0 t\u0103ng tr\u01b0\u1edfng then ch\u1ed1t:<\/p>\n<p><img decoding=\"async\" loading=\"lazy\" class=\" wp-image-16155 aligncenter\" src=\"https:\/\/www.phfm.vn\/wp-content\/uploads\/VN_Chien-luoc-1.png\" alt=\"\" width=\"1384\" height=\"611\" srcset=\"https:\/\/www.phfm.vn\/wp-content\/uploads\/VN_Chien-luoc-1.png 1280w, https:\/\/www.phfm.vn\/wp-content\/uploads\/VN_Chien-luoc-1-768x339.png 768w\" sizes=\"(max-width: 1384px) 100vw, 1384px\" \/><\/p>\n<\/div><\/div>\n<\/div>\n<div class=\"row\"  id=\"row-725216426\">\n<div class=\"col medium-12 small-12 large-12\"  ><div class=\"col-inner\"  >\n<h3 class=\"sh-ttl h-color\"><strong>TH\u00c0NH VI\u00caN L\u1eacP QU\u1ef8 V\u00c0 \u0110\u1ed0I T\u00c1C PH\u00c2N PH\u1ed0I<\/div><\/div><\/strong><\/h3>\n<div class=\"col medium-2-4 small-6 large-2-4\"  ><div class=\"col-inner\"  >\n\t<div class=\"box has-hover   has-hover box-text-bottom\" >\n\n\t\t<div class=\"box-image\" style=\"border-radius:20%;width:30%;\">\n\t\t\t\t\t\t<div class=\"\" >\n\t\t\t\t<img width=\"1080\" height=\"1080\" src=\"https:\/\/www.phfm.vn\/wp-content\/uploads\/7-10.png\" class=\"attachment-original size-original\" alt=\"\" decoding=\"async\" loading=\"lazy\" srcset=\"https:\/\/www.phfm.vn\/wp-content\/uploads\/7-10.png 1080w, https:\/\/www.phfm.vn\/wp-content\/uploads\/7-10-768x768.png 768w\" sizes=\"(max-width: 1080px) 100vw, 1080px\" \/>\t\t\t\t\t\t\t\t\t\t\t<\/div>\n\t\t\t\t\t<\/div><!-- box-image -->\n\n\t\t<div class=\"box-text text-center\" >\n\t\t\t<div class=\"box-text-inner\">\n\t\t\t\t\n<h4><strong>C\u00f4ng ty C\u1ed5 ph\u1ea7n Ch\u1ee9ng kho\u00e1n H\u1ed3 Ch\u00ed Minh<\/strong><\/h4>\n\t\t\t<\/div><!-- box-text-inner -->\n\t\t<\/div><!-- box-text -->\n\t<\/div><!-- .box  -->\n\t\n<\/div><\/div>\n<div class=\"col medium-2-4 small-6 large-2-4\"  ><div class=\"col-inner\"  >\n\t<div class=\"box has-hover   has-hover box-text-bottom\" >\n\n\t\t<div class=\"box-image\" style=\"border-radius:20%;width:30%;\">\n\t\t\t\t\t\t<div class=\"\" >\n\t\t\t\t<img width=\"1080\" height=\"1080\" src=\"https:\/\/www.phfm.vn\/wp-content\/uploads\/8-9.png\" class=\"attachment-original size-original\" alt=\"\" decoding=\"async\" loading=\"lazy\" srcset=\"https:\/\/www.phfm.vn\/wp-content\/uploads\/8-9.png 1080w, https:\/\/www.phfm.vn\/wp-content\/uploads\/8-9-768x768.png 768w\" sizes=\"(max-width: 1080px) 100vw, 1080px\" \/>\t\t\t\t\t\t\t\t\t\t\t<\/div>\n\t\t\t\t\t<\/div><!-- box-image -->\n\n\t\t<div class=\"box-text text-center\" >\n\t\t\t<div class=\"box-text-inner\">\n\t\t\t\t\n<h4><strong>C\u00f4ng ty c\u1ed5 ph\u1ea7n Ch\u1ee9ng kho\u00e1n Mirae Asset (Vi\u1ec7t Nam)<\/strong><\/h4>\n\t\t\t<\/div><!-- box-text-inner -->\n\t\t<\/div><!-- box-text -->\n\t<\/div><!-- .box  -->\n\t\n<\/div><\/div>\n<div class=\"col medium-2-4 small-6 large-2-4\"  ><div class=\"col-inner\"  >\n\t<div class=\"box has-hover   has-hover box-text-bottom\" >\n\n\t\t<div class=\"box-image\" style=\"border-radius:20%;width:30%;\">\n\t\t\t\t\t\t<div class=\"\" >\n\t\t\t\t<img width=\"1080\" height=\"1080\" src=\"https:\/\/www.phfm.vn\/wp-content\/uploads\/5-11.png\" class=\"attachment-original size-original\" alt=\"\" decoding=\"async\" loading=\"lazy\" srcset=\"https:\/\/www.phfm.vn\/wp-content\/uploads\/5-11.png 1080w, https:\/\/www.phfm.vn\/wp-content\/uploads\/5-11-768x768.png 768w\" sizes=\"(max-width: 1080px) 100vw, 1080px\" \/>\t\t\t\t\t\t\t\t\t\t\t<\/div>\n\t\t\t\t\t<\/div><!-- box-image -->\n\n\t\t<div class=\"box-text text-center\" >\n\t\t\t<div class=\"box-text-inner\">\n\t\t\t\t\n<h4><strong>C\u00f4ng ty c\u1ed5 ph\u1ea7n Ch\u1ee9ng kho\u00e1n Vietcap<\/strong><\/h4>\n\t\t\t<\/div><!-- box-text-inner -->\n\t\t<\/div><!-- box-text -->\n\t<\/div><!-- .box  -->\n\t\n<\/div><\/div>\n<div class=\"col medium-2-4 small-6 large-2-4\"  ><div class=\"col-inner\"  >\n\t<div class=\"box has-hover   has-hover box-text-bottom\" >\n\n\t\t<div class=\"box-image\" style=\"border-radius:20%;width:30%;\">\n\t\t\t\t\t\t<div class=\"\" >\n\t\t\t\t<img width=\"1080\" height=\"1080\" src=\"https:\/\/www.phfm.vn\/wp-content\/uploads\/10-3.png\" class=\"attachment-original size-original\" alt=\"\" decoding=\"async\" loading=\"lazy\" srcset=\"https:\/\/www.phfm.vn\/wp-content\/uploads\/10-3.png 1080w, https:\/\/www.phfm.vn\/wp-content\/uploads\/10-3-768x768.png 768w\" sizes=\"(max-width: 1080px) 100vw, 1080px\" \/>\t\t\t\t\t\t\t\t\t\t\t<\/div>\n\t\t\t\t\t<\/div><!-- box-image -->\n\n\t\t<div class=\"box-text text-center\" >\n\t\t\t<div class=\"box-text-inner\">\n\t\t\t\t\n<h4><strong>C\u00f4ng ty c\u1ed5 ph\u1ea7n Ch\u1ee9ng kho\u00e1n Finhay<\/strong><\/h4>\n\t\t\t<\/div><!-- box-text-inner -->\n\t\t<\/div><!-- box-text -->\n\t<\/div><!-- .box  -->\n\t\n<\/div><\/div>\n<div class=\"col medium-2-4 small-6 large-2-4\"  ><div class=\"col-inner\"  >\n\t<div class=\"box has-hover   has-hover box-text-bottom\" >\n\n\t\t<div class=\"box-image\" style=\"border-radius:20%;width:30%;\">\n\t\t\t\t\t\t<div class=\"\" >\n\t\t\t\t<img width=\"1080\" height=\"1080\" src=\"https:\/\/www.phfm.vn\/wp-content\/uploads\/11-2.png\" class=\"attachment-original size-original\" alt=\"\" decoding=\"async\" loading=\"lazy\" srcset=\"https:\/\/www.phfm.vn\/wp-content\/uploads\/11-2.png 1080w, https:\/\/www.phfm.vn\/wp-content\/uploads\/11-2-768x768.png 768w\" sizes=\"(max-width: 1080px) 100vw, 1080px\" \/>\t\t\t\t\t\t\t\t\t\t\t<\/div>\n\t\t\t\t\t<\/div><!-- box-image -->\n\n\t\t<div class=\"box-text text-center\" >\n\t\t\t<div class=\"box-text-inner\">\n\t\t\t\t\n<h4><strong>C\u00f4ng ty c\u1ed5 ph\u1ea7n Ch\u1ee9ng kho\u00e1n Ph\u00fa H\u01b0ng<\/strong><\/h4>\n\t\t\t<\/div><!-- box-text-inner -->\n\t\t<\/div><!-- box-text -->\n\t<\/div><!-- .box  -->\n\t\n<\/div><\/div>\n<div class=\"col medium-2-4 small-6 large-2-4\"  ><div class=\"col-inner\"  >\n\t<div class=\"box has-hover   has-hover box-text-bottom\" >\n\n\t\t<div class=\"box-image\" style=\"border-radius:20%;width:30%;\">\n\t\t\t\t\t\t<div class=\"\" >\n\t\t\t\t<img width=\"1080\" height=\"1080\" src=\"https:\/\/www.phfm.vn\/wp-content\/uploads\/9-6.png\" class=\"attachment-original size-original\" alt=\"\" decoding=\"async\" loading=\"lazy\" srcset=\"https:\/\/www.phfm.vn\/wp-content\/uploads\/9-6.png 1080w, https:\/\/www.phfm.vn\/wp-content\/uploads\/9-6-768x768.png 768w\" sizes=\"(max-width: 1080px) 100vw, 1080px\" \/>\t\t\t\t\t\t\t\t\t\t\t<\/div>\n\t\t\t\t\t<\/div><!-- box-image -->\n\n\t\t<div class=\"box-text text-center\" >\n\t\t\t<div class=\"box-text-inner\">\n\t\t\t\t\n<h4><strong>C\u00f4ng ty c\u1ed5 ph\u1ea7n Ch\u1ee9ng kho\u00e1n B\u1ea3o Vi\u1ec7t<\/strong><\/h4>\n\t\t\t<\/div><!-- box-text-inner -->\n\t\t<\/div><!-- box-text -->\n\t<\/div><!-- .box  -->\n\t\n<\/div><\/div>\n<div class=\"col medium-2-4 small-6 large-2-4\"  ><div class=\"col-inner\"  >\n\t<div class=\"box has-hover   has-hover box-text-bottom\" >\n\n\t\t<div class=\"box-image\" style=\"border-radius:20%;width:30%;\">\n\t\t\t\t\t\t<div class=\"\" >\n\t\t\t\t<img width=\"1080\" height=\"1080\" src=\"https:\/\/www.phfm.vn\/wp-content\/uploads\/6-10.png\" class=\"attachment-original size-original\" alt=\"\" decoding=\"async\" loading=\"lazy\" srcset=\"https:\/\/www.phfm.vn\/wp-content\/uploads\/6-10.png 1080w, https:\/\/www.phfm.vn\/wp-content\/uploads\/6-10-768x768.png 768w\" sizes=\"(max-width: 1080px) 100vw, 1080px\" \/>\t\t\t\t\t\t\t\t\t\t\t<\/div>\n\t\t\t\t\t<\/div><!-- box-image -->\n\n\t\t<div class=\"box-text text-center\" >\n\t\t\t<div class=\"box-text-inner\">\n\t\t\t\t\n<h4><strong>C\u00f4ng ty c\u1ed5 ph\u1ea7n Ch\u1ee9ng kho\u00e1n OCBS<\/strong><\/h4>\n<div>\t\t\t<\/div><!-- box-text-inner -->\n\t\t<\/div><!-- box-text -->\n\t<\/div><!-- .box  -->\n\t<\/div>\n<\/div><\/div>\n<\/div>\n<h3 class=\"sh-ttl h-color\"><strong>BAN \u0110I\u1ec0U H\u00c0NH QU\u1ef8<\/strong><\/h3>\n<p>&nbsp;<\/p>\n<div class=\"row row-info\"  id=\"row-1474601976\">\n<div class=\"col info-title small-12 large-12\"  ><div class=\"col-inner\"  >\n<h3><strong>\u00d4ng Winston Lu<\/strong><\/h3>\n<p>T\u1ed5ng Gi\u00e1m \u0110\u1ed1c<\/p>\n<\/div><\/div>\n<div class=\"col small-12 large-12\"  ><div class=\"col-inner\"  >\n<p><em>Th\u1ea1c s\u0129 T\u00e0i ch\u00ednh (RSM), <\/em><br \/>\n<em>Ch\u1ee9ng ch\u1ec9 Qu\u1ea3n tr\u1ecb R\u1ee7i ro T\u00e0i Ch\u00ednh<\/em><\/p>\n<p>T\u1ed1t nghi\u1ec7p C\u1eed nh\u00e2n Kinh t\u1ebf t\u1ea1i \u0110\u1ea1i h\u1ecdc Qu\u1ed1c gia \u0110\u00e0i Loan v\u00e0 b\u1eb1ng Th\u1ea1c s\u0129 Qu\u1ea3n tr\u1ecb Kinh doanh (MBA) t\u1eeb Tr\u01b0\u1eddng Qu\u1ea3n l\u00fd Rotterdam (RSM), \u00f4ng Winston \u0111\u00e3 t\u00edch l\u0169y h\u01a1n 20 n\u0103m kinh nghi\u1ec7m trong nhi\u1ec1u l\u0129nh v\u1ef1c kh\u00e1c nhau c\u1ee7a ng\u00e0nh t\u00e0i ch\u00ednh. V\u1edbi t\u01b0 c\u00e1ch l\u00e0 chuy\u00ean gia Qu\u1ea3n tr\u1ecb R\u1ee7i ro T\u00e0i ch\u00ednh (FRM) \u0111\u01b0\u1ee3c ch\u1ee9ng nh\u1eadn, \u00f4ng \u0111\u1eb7c bi\u1ec7t ch\u00fa tr\u1ecdng v\u00e0o vi\u1ec7c c\u00e2n b\u1eb1ng gi\u1eefa m\u1ee9c \u0111\u1ed9 r\u1ee7i ro v\u00e0 l\u1ee3i nhu\u1eadn th\u1eb7ng d\u01b0 ti\u1ec1m n\u0103ng th\u00f4ng qua vi\u1ec7c \u00e1p d\u1ee5ng ph\u00e2n t\u00edch \u0111\u1ecbnh l\u01b0\u1ee3ng trong qu\u00e1 tr\u00ecnh ra quy\u1ebft \u0111\u1ecbnh.<\/p>\n<\/div><\/div>\n<div class=\"col info-title small-12 large-12\"  ><div class=\"col-inner\"  >\n<h3><strong>B\u00e0 H\u1ed3 Th\u00fay \u00c1i<\/strong><\/h3>\n<p>Ph\u00f3 T\u1ed5ng Gi\u00e1m \u0110\u1ed1c<\/p>\n<\/div><\/div>\n<div class=\"col small-12 large-12\"  ><div class=\"col-inner\"  >\n<p><em>Ti\u1ebfn s\u1ef9 Kinh t\u1ebf, \u0110\u1ea1i h\u1ecdc Lingnan (Lingnan University, Hong Kong SAR)<\/em><br \/>\n<em>Th\u1ea1c s\u1ef9 T\u00e0i ch\u00ednh, ESCP Europe<\/em><br \/>\n<em>C\u1eed nh\u00e2n T\u00e0i ch\u00ednh -T\u00edn d\u1ee5ng, \u0110\u1ea1i h\u1ecdc Ng\u00e2n h\u00e0ng TP.HCM<\/em><\/p>\n<p>B\u00e0 H\u1ed3 Th\u00fay \u00c1i c\u00f3 h\u01a1n 10 n\u0103m kinh nghi\u1ec7m trong ng\u00e0nh ch\u1ee9ng kho\u00e1n v\u00e0 c\u00f3 hi\u1ec3u bi\u1ebft s\u00e2u r\u1ed9ng v\u1ec1 l\u0129nh v\u1ef1c kinh t\u1ebf, t\u00e0i ch\u00ednh. Tr\u01b0\u1edbc khi gia nh\u1eadp C\u00f4ng ty C\u1ed5 ph\u1ea7n Qu\u1ea3n l\u00fd Qu\u1ef9 Ph\u00fa H\u01b0ng (PHFM), b\u00e0 t\u1eebng l\u00e0 chuy\u00ean vi\u00ean ph\u00e2n t\u00edch ch\u1ee9ng kho\u00e1n v\u00e0 l\u00e0 Tr\u01b0\u1edfng nh\u00f3m D\u1ef1 \u00e1n ETF c\u1ee7a C\u00f4ng ty C\u1ed5 ph\u1ea7n Ch\u1ee9ng kho\u00e1n Ph\u00fa H\u01b0ng. N\u0103m 2012, b\u00e0 \u0111\u01b0\u1ee3c b\u1ed5 nhi\u1ec7m l\u00e0m Tr\u01b0\u1edfng V\u0103n ph\u00f2ng \u0111\u1ea1i di\u1ec7n t\u1ea1i Tp. H\u1ed3 Ch\u00ed Minh c\u1ee7a C\u00f4ng ty C\u1ed5 ph\u1ea7n Qu\u1ea3n l\u00fd Qu\u1ef9 Chi\u1ebfn Th\u1eafng (ti\u1ec1n th\u00e2n c\u1ee7a PHFM). T\u1eeb n\u0103m 2019, b\u00e0 gi\u1eef ch\u1ee9c v\u1ee5 Tr\u01b0\u1edfng ph\u00f2ng \u0110\u1ea7u t\u01b0 c\u1ee7a PHFM, ph\u1ee5 tr\u00e1ch qu\u1ea3n l\u00fd c\u00e1c h\u1ed3 s\u01a1 \u0111\u1ea7u t\u01b0 v\u00e0 qu\u1ea3n l\u00fd ho\u1ea1t \u0111\u1ed9ng \u0111\u1ea7u t\u01b0 c\u1ee7a PHFM.<\/p>\n<\/div><\/div>\n\n<style scope=\"scope\">\n\n<\/style>\n<\/div>\n<a href=\"http:\/\/demo.phfm.vn\/vi\/education\/how-to-invest\/etf-fund\/\" target=\"_self\" class=\"button primary is-outline arrow is-medium\"  >\n    <span>H\u01b0\u1edbng d\u1eabn \u0111\u1ea7u t\u01b0<\/span>\n  <\/a>","protected":false},"excerpt":{"rendered":"<p>BAN \u0110I\u1ec0U H\u00c0NH QU\u1ef8 &nbsp;<\/p>\n","protected":false},"author":11,"featured_media":0,"parent":7336,"menu_order":0,"comment_status":"closed","ping_status":"closed","template":"page-blank-sub-nav-vertical.php","meta":[],"_links":{"self":[{"href":"https:\/\/www.phfm.vn\/vi\/wp-json\/wp\/v2\/pages\/16126"}],"collection":[{"href":"https:\/\/www.phfm.vn\/vi\/wp-json\/wp\/v2\/pages"}],"about":[{"href":"https:\/\/www.phfm.vn\/vi\/wp-json\/wp\/v2\/types\/page"}],"author":[{"embeddable":true,"href":"https:\/\/www.phfm.vn\/vi\/wp-json\/wp\/v2\/users\/11"}],"replies":[{"embeddable":true,"href":"https:\/\/www.phfm.vn\/vi\/wp-json\/wp\/v2\/comments?post=16126"}],"version-history":[{"count":11,"href":"https:\/\/www.phfm.vn\/vi\/wp-json\/wp\/v2\/pages\/16126\/revisions"}],"predecessor-version":[{"id":16193,"href":"https:\/\/www.phfm.vn\/vi\/wp-json\/wp\/v2\/pages\/16126\/revisions\/16193"}],"up":[{"embeddable":true,"href":"https:\/\/www.phfm.vn\/vi\/wp-json\/wp\/v2\/pages\/7336"}],"wp:attachment":[{"href":"https:\/\/www.phfm.vn\/vi\/wp-json\/wp\/v2\/media?parent=16126"}],"curies":[{"name":"wp","href":"https:\/\/api.w.org\/{rel}","templated":true}]}}